{"id":170,"date":"2012-02-29T10:33:10","date_gmt":"2012-02-29T10:33:10","guid":{"rendered":"http:\/\/www.cssigniter.com\/preview\/philoxenia\/?page_id=4"},"modified":"2024-03-12T16:32:54","modified_gmt":"2024-03-12T16:32:54","slug":"home","status":"publish","type":"page","link":"https:\/\/www.xavinhotelharkany.hu\/cz\/","title":{"rendered":"Domovsk\u00e1 str\u00e1nka &#8211; Xavin Wellness Hotel Ma\u010farsko, Hark\u00e1ny"},"content":{"rendered":"","protected":false},"excerpt":{"rendered":"","protected":false},"author":1,"featured_media":0,"parent":0,"menu_order":0,"comment_status":"open","ping_status":"open","template":"template-front.php","meta":{"footnotes":""},"class_list":["post-170","page","type-page","status-publish","hentry"],"aioseo_notices":[],"_links":{"self":[{"href":"https:\/\/www.xavinhotelharkany.hu\/cz\/wp-json\/wp\/v2\/pages\/170","targetHints":{"allow":["GET"]}}],"collection":[{"href":"https:\/\/www.xavinhotelharkany.hu\/cz\/wp-json\/wp\/v2\/pages"}],"about":[{"href":"https:\/\/www.xavinhotelharkany.hu\/cz\/wp-json\/wp\/v2\/types\/page"}],"author":[{"embeddable":true,"href":"https:\/\/www.xavinhotelharkany.hu\/cz\/wp-json\/wp\/v2\/users\/1"}],"replies":[{"embeddable":true,"href":"https:\/\/www.xavinhotelharkany.hu\/cz\/wp-json\/wp\/v2\/comments?post=170"}],"version-history":[{"count":3,"href":"https:\/\/www.xavinhotelharkany.hu\/cz\/wp-json\/wp\/v2\/pages\/170\/revisions"}],"predecessor-version":[{"id":5709,"href":"https:\/\/www.xavinhotelharkany.hu\/cz\/wp-json\/wp\/v2\/pages\/170\/revisions\/5709"}],"wp:attachment":[{"href":"https:\/\/www.xavinhotelharkany.hu\/cz\/wp-json\/wp\/v2\/media?parent=170"}],"curies":[{"name":"wp","href":"https:\/\/api.w.org\/{rel}","templated":true}]}}