{"id":2820,"date":"2015-05-12T06:30:25","date_gmt":"2015-05-12T06:30:25","guid":{"rendered":"http:\/\/www.xavinhotelharkany.hu\/eng\/?page_id=2820"},"modified":"2023-08-14T10:05:26","modified_gmt":"2023-08-14T10:05:26","slug":"angebotsanforderung","status":"publish","type":"page","link":"https:\/\/www.xavinhotelharkany.hu\/de\/angebotsanforderung\/","title":{"rendered":"Angebotsanforderung"},"content":{"rendered":"<p><strong>Angebotsanforderung einfach und schnell!<\/strong><\/p>\n<p>Bitte geben Sie hier f\u00fcr die Angebotsanforderung Ihr geplantes Ankunfts- und Abreisedatum an, w\u00e4hlen Sie anschlie\u00dfend aus der Dropdown-Liste die Anzahl der G\u00e4ste (Erwachsene \/ Kinder) und abschlie\u00dfend die gew\u00fcnschte Zimmerkategorie bzw. Versorgung.<\/p>\n<p style=\"text-align: justify;\">Unsere Mitarbeiter stehen Ihnen f\u00fcr alle offenen Fragen gerne zur Verf\u00fcgung. Alternativ k\u00f6nnen Sie<br \/>\nIhre Frage auch <a href=\"\/de\/kontakt-mit-uns\/\">hier<\/a> stellen.<\/p>\n","protected":false},"excerpt":{"rendered":"<p>Angebotsanforderung einfach und schnell! Bitte geben Sie hier f\u00fcr die Angebotsanforderung Ihr geplantes Ankunfts- und Abreisedatum an, w\u00e4hlen Sie anschlie\u00dfend aus der Dropdown-Liste[&#8230;]<\/p>\n","protected":false},"author":1,"featured_media":0,"parent":0,"menu_order":0,"comment_status":"closed","ping_status":"closed","template":"template-booking.php","meta":{"footnotes":""},"class_list":["post-2820","page","type-page","status-publish","hentry"],"aioseo_notices":[],"_links":{"self":[{"href":"https:\/\/www.xavinhotelharkany.hu\/de\/wp-json\/wp\/v2\/pages\/2820","targetHints":{"allow":["GET"]}}],"collection":[{"href":"https:\/\/www.xavinhotelharkany.hu\/de\/wp-json\/wp\/v2\/pages"}],"about":[{"href":"https:\/\/www.xavinhotelharkany.hu\/de\/wp-json\/wp\/v2\/types\/page"}],"author":[{"embeddable":true,"href":"https:\/\/www.xavinhotelharkany.hu\/de\/wp-json\/wp\/v2\/users\/1"}],"replies":[{"embeddable":true,"href":"https:\/\/www.xavinhotelharkany.hu\/de\/wp-json\/wp\/v2\/comments?post=2820"}],"version-history":[{"count":7,"href":"https:\/\/www.xavinhotelharkany.hu\/de\/wp-json\/wp\/v2\/pages\/2820\/revisions"}],"predecessor-version":[{"id":5526,"href":"https:\/\/www.xavinhotelharkany.hu\/de\/wp-json\/wp\/v2\/pages\/2820\/revisions\/5526"}],"wp:attachment":[{"href":"https:\/\/www.xavinhotelharkany.hu\/de\/wp-json\/wp\/v2\/media?parent=2820"}],"curies":[{"name":"wp","href":"https:\/\/api.w.org\/{rel}","templated":true}]}}