{"id":299,"date":"2014-11-14T08:31:33","date_gmt":"2014-11-14T08:31:33","guid":{"rendered":"http:\/\/localhost\/?page_id=299"},"modified":"2023-08-14T11:46:09","modified_gmt":"2023-08-14T11:46:09","slug":"die-stadt","status":"publish","type":"page","link":"https:\/\/www.xavinhotelharkany.hu\/de\/die-stadt\/","title":{"rendered":"Die Stadt"},"content":{"rendered":"<div class=\"block_first\">\n<h2>Die Stadt &#8211; Kurstadt<\/h2>\n<p style=\"text-align: justify;\">Im Komitat Baranya, am Fu\u00dfe des Tenkes-Bergs und in der N\u00e4he des Vill\u00e1nyi-Gebirges, liegt ein sonniges St\u00e4dtchen, dessen Legende unglaublich sein mag, dessen Natursch\u00e4tze aber unschlagbar sind. Haben Sie schon einmal von einem Ort geh\u00f6rt, an dem Wein, Abenteuer, Kultur, Thermalwasser und Wellness in greifbarer N\u00e4he liegen? Mit seinen Natur- und Kulturg\u00fctern ist Hark\u00e1ny fast einzigartig in Ungarn.<\/p>\n<p style=\"text-align: justify;\">Hark\u00e1ny ist einer der wichtigsten und sch\u00f6nsten Kurorte Ungarns. Das Mikroklima der Stadt ist einzigartig, mit 20 % mehr Sonnenstunden pro Jahr als im Landesdurchschnitt. Dadurch sind Pflanzen wie Feigen und Granat\u00e4pfel hier heimisch geworden.<\/p>\n<p style=\"text-align: justify;\">In und um die Stadt wird den Besuchern ein reichhaltiges und buntes Programm an Aktivit\u00e4ten geboten. Sehen Sie sich <a title=\"Sehensw\u00fcrdigkeiten und Freizeit.\" href=\"\/de\/sehenswuerdigkeiten-und-freizeit\/\"><strong>HIER<\/strong><\/a> die Attraktionen und Freizeitangebote in der Region an!<\/p>\n<div id=\"attachment_2599\" style=\"width: 1610px\" class=\"wp-caption aligncenter\"><a href=\"\/wp-content\/uploads\/2015\/05\/IMG_0386.jpg\" data-rel=\"prettyPhoto[299]\"><img decoding=\"async\" aria-describedby=\"caption-attachment-2599\" class=\"wp-image-2599 size-full\" src=\"\/wp-content\/uploads\/2015\/05\/IMG_0386.jpg\" alt=\"die Stadt\" width=\"1600\" height=\"1067\" srcset=\"https:\/\/www.xavinhotelharkany.hu\/wp-content\/uploads\/2015\/05\/IMG_0386.jpg 1600w, https:\/\/www.xavinhotelharkany.hu\/wp-content\/uploads\/2015\/05\/IMG_0386-300x200.jpg 300w, https:\/\/www.xavinhotelharkany.hu\/wp-content\/uploads\/2015\/05\/IMG_0386-1024x682.jpg 1024w, https:\/\/www.xavinhotelharkany.hu\/wp-content\/uploads\/2015\/05\/IMG_0386-750x500.jpg 750w\" sizes=\"(max-width: 1600px) 100vw, 1600px\" \/><\/a><p id=\"caption-attachment-2599\" class=\"wp-caption-text\">Hark\u00e1ny Kurbad<\/p><\/div>\n<h2>Sehensw\u00fcrdigkeiten in Hark\u00e1ny<\/h2>\n<h3>Katholische Kirche und Kirchhof<\/h3>\n<div id=\"attachment_322\" style=\"width: 160px\" class=\"wp-caption alignleft\"><a href=\"\/wp-content\/uploads\/2014\/11\/latnivalok_1.jpg\" data-rel=\"prettyPhoto[299]\"><img decoding=\"async\" aria-describedby=\"caption-attachment-322\" class=\"wp-image-322 size-thumbnail\" src=\"\/wp-content\/uploads\/2014\/11\/latnivalok_1-150x150.jpg\" alt=\"Katholische Kirche und Kirchhof\" width=\"150\" height=\"150\" srcset=\"https:\/\/www.xavinhotelharkany.hu\/wp-content\/uploads\/2014\/11\/latnivalok_1-150x150.jpg 150w, https:\/\/www.xavinhotelharkany.hu\/wp-content\/uploads\/2014\/11\/latnivalok_1-100x100.jpg 100w\" sizes=\"(max-width: 150px) 100vw, 150px\" \/><\/a><p id=\"caption-attachment-322\" class=\"wp-caption-text\">Katholische Kirche und Kirchhof<\/p><\/div>\n<p style=\"text-align: justify;\">An der Au\u00dfenwand der in den 1990er Jahren errichteten Kirche ist die Geschichte der Passion Jesu in einer Feueremailarbeit von L\u00e1szl\u00f3 Morvai dargestellt. Die Brandmalereien setzen sich auf dem Kirchhof fort und stellen bedeutende Ereignisse und Pers\u00f6nlichkeiten der ungarischen Geschichte dar. Der Vorg\u00e4ngerbau der Kirche war eine Kapelle aus dem Jahr 1906.<\/p>\n<\/div>\n<div class=\"block\">\n<h3>Reformierte Kirche und Kirchhof<\/h3>\n<div id=\"attachment_324\" style=\"width: 160px\" class=\"wp-caption alignleft\"><a href=\"\/wp-content\/uploads\/2014\/11\/latnivalok_2.jpg\" data-rel=\"prettyPhoto[299]\"><img decoding=\"async\" aria-describedby=\"caption-attachment-324\" class=\"wp-image-324 size-thumbnail\" src=\"\/wp-content\/uploads\/2014\/11\/latnivalok_2-150x150.jpg\" alt=\"Reformierte Kirche und Kirchhofe\" width=\"150\" height=\"150\" srcset=\"https:\/\/www.xavinhotelharkany.hu\/wp-content\/uploads\/2014\/11\/latnivalok_2-150x150.jpg 150w, https:\/\/www.xavinhotelharkany.hu\/wp-content\/uploads\/2014\/11\/latnivalok_2-100x100.jpg 100w\" sizes=\"(max-width: 150px) 100vw, 150px\" \/><\/a><p id=\"caption-attachment-324\" class=\"wp-caption-text\">Reformierte Kirche und Kirchhof<\/p><\/div>\n<p style=\"text-align: justify;\">In der Kossuth-Lajos-Stra\u00dfe, parallel zum Kur- und Strandbad, befindet sich die denkmalgesch\u00fctzte reformierte Kirche aus dem Jahr 1802 im Ziegelstil. Sie besitzt drei Glocken und eine achtstimmige Orgel. Zu ihrem Geschirr geh\u00f6ren zwei Zinkkannen und -teller aus dem Jahr 1820 sowie zwei Tassen und Teller aus dem Jahr 1833.<\/p>\n<\/div>\n<div class=\"block\">\n<h3>Reformierte Kirche Terehegy<\/h3>\n<div id=\"attachment_325\" style=\"width: 160px\" class=\"wp-caption alignleft\"><a href=\"\/wp-content\/uploads\/2014\/11\/latnivalok_3.jpg\" data-rel=\"prettyPhoto[299]\"><img decoding=\"async\" aria-describedby=\"caption-attachment-325\" class=\"wp-image-325 size-thumbnail\" src=\"\/wp-content\/uploads\/2014\/11\/latnivalok_3-150x150.jpg\" alt=\"Reformierte Kirche Terehegy\" width=\"150\" height=\"150\" srcset=\"https:\/\/www.xavinhotelharkany.hu\/wp-content\/uploads\/2014\/11\/latnivalok_3-150x150.jpg 150w, https:\/\/www.xavinhotelharkany.hu\/wp-content\/uploads\/2014\/11\/latnivalok_3-100x100.jpg 100w\" sizes=\"(max-width: 150px) 100vw, 150px\" \/><\/a><p id=\"caption-attachment-325\" class=\"wp-caption-text\">Reformierte Kirche Terehegy<\/p><\/div>\n<p style=\"text-align: justify;\">Die 1798 erbaute Kirche, die ebenfalls unter Denkmalschutz steht, befindet sich auf einer kleinen Anh\u00f6he im H\u00fcgelviertel. Urspr\u00fcnglich war sie eine Holzkirche, die 1761 erbaut wurde. Die Umgebung der Kirche, die an der Ecke der Terehegyi- und der Ostoros-Stra\u00dfe steht, ist landschaftlich sch\u00f6n gestaltet. Die Kirche hat vier Glocken, die Kirchenb\u00e4nke sind im Barockstil gehalten und die Orgel ist im Rokokostil gebaut.<\/p>\n<\/div>\n<div class=\"block\">\n<h3>Zsigmondy-Promenade, Park<\/h3>\n<div id=\"attachment_327\" style=\"width: 160px\" class=\"wp-caption alignleft\"><a href=\"\/wp-content\/uploads\/2014\/11\/latnivalok_41.jpg\" data-rel=\"prettyPhoto[299]\"><img decoding=\"async\" aria-describedby=\"caption-attachment-327\" class=\"wp-image-327 size-thumbnail\" src=\"\/wp-content\/uploads\/2014\/11\/latnivalok_41-150x150.jpg\" alt=\"Bank an der Promenade von Zsigmondy mit Herbstfarben\" width=\"150\" height=\"150\" srcset=\"https:\/\/www.xavinhotelharkany.hu\/wp-content\/uploads\/2014\/11\/latnivalok_41-150x150.jpg 150w, https:\/\/www.xavinhotelharkany.hu\/wp-content\/uploads\/2014\/11\/latnivalok_41-100x100.jpg 100w\" sizes=\"(max-width: 150px) 100vw, 150px\" \/><\/a><p id=\"caption-attachment-327\" class=\"wp-caption-text\">Bank an der Promenade von Zsigmondy mit Herbstfarben<\/p><\/div>\n<p style=\"text-align: justify;\">Der Park s\u00fcdlich der Therme beherbergt eine Vielzahl von Kunstwerken und gem\u00fctlichen B\u00e4nken.<\/p>\n<\/div>\n<div class=\"block\">\n<h3>Harka-Brunnen<\/h3>\n<div id=\"attachment_328\" style=\"width: 160px\" class=\"wp-caption alignleft\"><a href=\"\/wp-content\/uploads\/2014\/11\/latnivalok_5.jpg\" data-rel=\"prettyPhoto[299]\"><img decoding=\"async\" aria-describedby=\"caption-attachment-328\" class=\"wp-image-328 size-thumbnail\" src=\"\/wp-content\/uploads\/2014\/11\/latnivalok_5-150x150.jpg\" alt=\"Harka-Brunnen\" width=\"150\" height=\"150\" srcset=\"https:\/\/www.xavinhotelharkany.hu\/wp-content\/uploads\/2014\/11\/latnivalok_5-150x150.jpg 150w, https:\/\/www.xavinhotelharkany.hu\/wp-content\/uploads\/2014\/11\/latnivalok_5-100x100.jpg 100w\" sizes=\"(max-width: 150px) 100vw, 150px\" \/><\/a><p id=\"caption-attachment-328\" class=\"wp-caption-text\">Harka-Brunnen<\/p><\/div>\n<p style=\"text-align: justify;\">Der kostbare Zsolnay-Brunnen im Park, der im Jahr 2000 installiert wurde, zeigt ein Motiv, das mit der Legende des Harkany-Wassers verbunden ist.<\/p>\n<\/div>\n<div class=\"block\">\n<h3>Land Apfel Ammer<\/h3>\n<div id=\"attachment_329\" style=\"width: 160px\" class=\"wp-caption alignleft\"><a href=\"\/wp-content\/uploads\/2014\/11\/latnivalok_6.jpg\" data-rel=\"prettyPhoto[299]\"><img decoding=\"async\" aria-describedby=\"caption-attachment-329\" class=\"wp-image-329 size-thumbnail\" src=\"\/wp-content\/uploads\/2014\/11\/latnivalok_6-150x150.jpg\" alt=\"Land Apfel Ammer\" width=\"150\" height=\"150\" srcset=\"https:\/\/www.xavinhotelharkany.hu\/wp-content\/uploads\/2014\/11\/latnivalok_6-150x150.jpg 150w, https:\/\/www.xavinhotelharkany.hu\/wp-content\/uploads\/2014\/11\/latnivalok_6-100x100.jpg 100w\" sizes=\"(max-width: 150px) 100vw, 150px\" \/><\/a><p id=\"caption-attachment-329\" class=\"wp-caption-text\">Land Apfel Ammer<\/p><\/div>\n<p style=\"text-align: justify;\">Das Millennium Kingdom Splash, das im Jahr 2000 vor dem B\u00fcrgermeisteramt errichtet wurde, ist ein Werk von L\u00e1szl\u00f3 Vajda und Tam\u00e1s Kamerer.<\/p>\n<\/div>\n","protected":false},"excerpt":{"rendered":"<p>Die Stadt &#8211; Kurstadt Im Komitat Baranya, am Fu\u00dfe des Tenkes-Bergs und in der N\u00e4he des Vill\u00e1nyi-Gebirges, liegt ein sonniges St\u00e4dtchen, dessen Legende[&#8230;]<\/p>\n","protected":false},"author":1,"featured_media":0,"parent":0,"menu_order":0,"comment_status":"open","ping_status":"closed","template":"","meta":{"footnotes":""},"class_list":["post-299","page","type-page","status-publish","hentry"],"aioseo_notices":[],"_links":{"self":[{"href":"https:\/\/www.xavinhotelharkany.hu\/de\/wp-json\/wp\/v2\/pages\/299","targetHints":{"allow":["GET"]}}],"collection":[{"href":"https:\/\/www.xavinhotelharkany.hu\/de\/wp-json\/wp\/v2\/pages"}],"about":[{"href":"https:\/\/www.xavinhotelharkany.hu\/de\/wp-json\/wp\/v2\/types\/page"}],"author":[{"embeddable":true,"href":"https:\/\/www.xavinhotelharkany.hu\/de\/wp-json\/wp\/v2\/users\/1"}],"replies":[{"embeddable":true,"href":"https:\/\/www.xavinhotelharkany.hu\/de\/wp-json\/wp\/v2\/comments?post=299"}],"version-history":[{"count":4,"href":"https:\/\/www.xavinhotelharkany.hu\/de\/wp-json\/wp\/v2\/pages\/299\/revisions"}],"predecessor-version":[{"id":4992,"href":"https:\/\/www.xavinhotelharkany.hu\/de\/wp-json\/wp\/v2\/pages\/299\/revisions\/4992"}],"wp:attachment":[{"href":"https:\/\/www.xavinhotelharkany.hu\/de\/wp-json\/wp\/v2\/media?parent=299"}],"curies":[{"name":"wp","href":"https:\/\/api.w.org\/{rel}","templated":true}]}}