{"id":302,"date":"2014-11-14T08:38:59","date_gmt":"2014-11-14T08:38:59","guid":{"rendered":"http:\/\/localhost\/?page_id=302"},"modified":"2023-08-14T11:44:46","modified_gmt":"2023-08-14T11:44:46","slug":"die-legende-von-harka","status":"publish","type":"page","link":"https:\/\/www.xavinhotelharkany.hu\/de\/die-legende-von-harka\/","title":{"rendered":"Die Legende von Harka"},"content":{"rendered":"<h2>Die Legende der Thermalquelle von Hark\u00e1ny<\/h2>\n<table class=\"szobak aligncenter\">\n<tbody>\n<tr>\n<td><a href=\"\/wp-content\/uploads\/2016\/04\/legenda1.jpg\" data-rel=\"prettyPhoto[302]\"><img decoding=\"async\" class=\"alignnone wp-image-3936 size-full\" src=\"\/wp-content\/uploads\/2016\/04\/legenda1.jpg\" alt=\"A Hark\u00e1nyi Gy\u00f3gyf\u00fcrd\u0151 korabeli k\u00e9pe\" width=\"425\" height=\"270\" \/><\/a><\/td>\n<td><a href=\"\/wp-content\/uploads\/2016\/04\/legenda2.jpg\" data-rel=\"prettyPhoto[302]\"><img decoding=\"async\" class=\"alignnone wp-image-3937 size-full\" src=\"\/wp-content\/uploads\/2016\/04\/legenda2.jpg\" alt=\"Hark\u00e1ny a hatvanas \u00e9vekben\" width=\"425\" height=\"270\" \/><\/a><\/td>\n<td><a href=\"\/wp-content\/uploads\/2016\/04\/legenda3.jpg\" data-rel=\"prettyPhoto[302]\"><img decoding=\"async\" class=\"alignnone wp-image-3938 size-full\" src=\"\/wp-content\/uploads\/2016\/04\/legenda3.jpg\" alt=\"Hark\u00e1nyi strandf\u00fcrd\u0151 korabeli k\u00e9pe\" width=\"425\" height=\"270\" \/><\/a><\/td>\n<\/tr>\n<\/tbody>\n<\/table>\n<p style=\"text-align: center;\">Wenn man von S\u00fcden aus auf den<br \/>\nkann man den Berg mit dem schroffen Gipfel sehen,<br \/>\ndass es mehr Furchen in dem felsigen Berg gibt<br \/>\nUnd Hahn, Bock, Katze<br \/>\nFu\u00dfabdr\u00fccke sind auf dem R\u00fccken des Bergr\u00fcckens zu sehen.\n<\/p>\n<p style=\"text-align: center;\">Eine alte Frau lebte hier, es gab eine<br \/>\neine Tochter namens Harka, die sieben Grenzen nicht<br \/>\nhatte keine Gef\u00e4hrtin. Der Teufel hatte ein Auge auf sie geworfen,<br \/>\nEr streifte dort nachts umher<br \/>\nIhm gingen nie die Spr\u00fcche aus\n<\/p>\n<p style=\"text-align: center;\">Wer auf sie setzte, bekam einen Hahnenschrei<br \/>\n&#8230;auf die Spitze des H\u00fcgels.<br \/>\nDer Teufel sagte: &#8222;Ich werde weg sein.<br \/>\nEr nahm eine Katze in seine goldene Hand.<br \/>\neine Ziege und einen Hahn.\n<\/p>\n<p style=\"text-align: center;\">Die Frau wartet auf dem Dachboden<br \/>\nund beobachtet die Hufe des Pferdes.<br \/>\nMit gew\u00f6lbten Augen beobachtet sie den Teufel<br \/>\nDer Teufel geht schon den Berg hinunter in den Tod.<br \/>\nWenn sie so s\u00f6mmern w\u00fcrde, w\u00e4re sie bald dort oben.\n<\/p>\n<p style=\"text-align: center;\">Los, Frau, auf zur Flucht! Gleich wird sie sein<br \/>\nIn den H\u00fchnerstall geht sie, kr\u00e4ht und kr\u00e4ht und kr\u00e4ht.<br \/>\nUnd w\u00e4hrend sie den Hahn kr\u00e4ht, sagt sie auf.<br \/>\nAuch der Hahn vor dem Pflug<br \/>\n&#8230;und der Hahn kr\u00e4ht! Der Teufel riss sich die Haare aus.\n<\/p>\n<p style=\"text-align: center;\">Die drei Biester waren entstellt und<br \/>\nDer Teufel, der sah, dass er verloren hatte, ma\u00df<br \/>\nEr stampfte mit dem Fu\u00df auf, und es entstand ein Loch<br \/>\nund verschlang ihn. Da kam er in die H\u00f6lle,<br \/>\nund aus der Erde stieg ein hei\u00dfes, schwefelhaltiges Wasser auf.\n<\/p>\n<p style=\"text-align: center;\"><em>(Volksglaube)<\/em><\/p>\n<p>Im Jahr 1823 wurden Gy\u00fcd und Hark\u00e1ny \u00fcberfallen, als J\u00e1nos Pog\u00e1ny, ein Leibeigener aus Gy\u00fcd, die wohltuende Wirkung des Heilwassers von Hark\u00e1ny erkannte. J\u00f3zsef T\u00f6r\u00f6k beschrieb dies in seinem Werk wie folgt:<\/p>\n<blockquote><p>&#8222;Antal Batthy\u00e1ny grub Kan\u00e4le, um die S\u00fcmpfe in der N\u00e4he von Hark\u00e1ny zu entw\u00e4ssern und trocken zu legen.  Einer der Arbeiter war ein Einwohner von Gyud namens J\u00e1nos Pog\u00e1ny, dessen Beine vom Knie bis zum Fu\u00df geschwollen waren und der so starke Schmerzen hatte, dass er nur mit Hilfe eines Stocks gehen konnte. Der Arbeiter sp\u00fcrte die wohltuende Wirkung des aus dem Graben aufsteigenden warmen Wassers auf seinen schmerzenden Fu\u00df und badete ihn den ganzen Tag, w\u00e4hrend er im Graben arbeitete. Nach dieser Erfahrung wiederholte er das Baden seiner F\u00fc\u00dfe, und in weniger als einem Monat, im Monat Oktober 1823, war er gl\u00fccklich von seinen Beschwerden befreit.&#8220;<\/p><\/blockquote>\n<p style=\"text-align: justify;\">(Quelle: Geschichte von Hark\u00e1nyf\u00fcrd\u0151e)<\/p>\n<p>Weitere Informationen finden Sie auf der Website <a href=\"https:\/\/harkanyfurdo.hu\/de\/geschichte\" alt=\"Hark\u00e1ny Kurbad Seit\">Hark\u00e1ny kurbad<\/a>.<\/p>\n<table class=\"szobak\">\n<tbody>\n<tr>\n<td><a href=\"\/wp-content\/uploads\/2016\/04\/legenda4.jpg\" data-rel=\"prettyPhoto[302]\"><img decoding=\"async\" class=\"alignnone wp-image-3939 size-full\" src=\"\/wp-content\/uploads\/2016\/04\/legenda4.jpg\" alt=\"Frauen beim Baden in den Thermalquellen von Hark\u00e1ny\" width=\"500\" height=\"270\" \/><\/a><\/td>\n<td><a href=\"\/wp-content\/uploads\/2016\/04\/legenda5.jpg\" data-rel=\"prettyPhoto[302]\"><img decoding=\"async\" class=\"alignnone wp-image-3940 size-full\" src=\"\/wp-content\/uploads\/2016\/04\/legenda5.jpg\" alt=\"Hark\u00e1nyf\u00fcrd\u0151 in den fr\u00fchen 1900er Jahren\" width=\"500\" height=\"270\" \/><\/a><\/td>\n<td><a href=\"\/wp-content\/uploads\/2016\/04\/legenda6.jpg\" data-rel=\"prettyPhoto[302]\"><img decoding=\"async\" class=\"alignnone wp-image-3941 size-full\" src=\"\/wp-content\/uploads\/2016\/04\/legenda6.jpg\" alt=\"Hark\u00e1nyf\u00fcrd\u0151 in den sechziger und siebziger Jahren\" width=\"500\" height=\"270\" \/><\/a><\/td>\n<\/tr>\n<\/tbody>\n<\/table>\n","protected":false},"excerpt":{"rendered":"<p>Die Legende der Thermalquelle von Hark\u00e1ny Wenn man von S\u00fcden aus auf den kann man den Berg mit dem schroffen Gipfel sehen, dass[&#8230;]<\/p>\n","protected":false},"author":1,"featured_media":0,"parent":0,"menu_order":0,"comment_status":"open","ping_status":"closed","template":"","meta":{"footnotes":""},"class_list":["post-302","page","type-page","status-publish","hentry"],"aioseo_notices":[],"_links":{"self":[{"href":"https:\/\/www.xavinhotelharkany.hu\/de\/wp-json\/wp\/v2\/pages\/302","targetHints":{"allow":["GET"]}}],"collection":[{"href":"https:\/\/www.xavinhotelharkany.hu\/de\/wp-json\/wp\/v2\/pages"}],"about":[{"href":"https:\/\/www.xavinhotelharkany.hu\/de\/wp-json\/wp\/v2\/types\/page"}],"author":[{"embeddable":true,"href":"https:\/\/www.xavinhotelharkany.hu\/de\/wp-json\/wp\/v2\/users\/1"}],"replies":[{"embeddable":true,"href":"https:\/\/www.xavinhotelharkany.hu\/de\/wp-json\/wp\/v2\/comments?post=302"}],"version-history":[{"count":4,"href":"https:\/\/www.xavinhotelharkany.hu\/de\/wp-json\/wp\/v2\/pages\/302\/revisions"}],"predecessor-version":[{"id":5540,"href":"https:\/\/www.xavinhotelharkany.hu\/de\/wp-json\/wp\/v2\/pages\/302\/revisions\/5540"}],"wp:attachment":[{"href":"https:\/\/www.xavinhotelharkany.hu\/de\/wp-json\/wp\/v2\/media?parent=302"}],"curies":[{"name":"wp","href":"https:\/\/api.w.org\/{rel}","templated":true}]}}