{"id":307,"date":"2014-11-14T08:45:03","date_gmt":"2014-11-14T08:45:03","guid":{"rendered":"http:\/\/localhost\/?page_id=307"},"modified":"2023-08-14T17:34:58","modified_gmt":"2023-08-14T17:34:58","slug":"wie-sie-uns-erreichen-kontakt","status":"publish","type":"page","link":"https:\/\/www.xavinhotelharkany.hu\/de\/wie-sie-uns-erreichen-kontakt\/","title":{"rendered":"Wie Sie uns erreichen &#8211; Kontakt"},"content":{"rendered":"<h2>Wie Sie uns erreichen &#8211; Kontakt<\/h2>\n<p>Hark\u00e1ny liegt an der Bundesstra\u00dfe 58 und befindet sich nur rund 26 Kilometer von Pecs, der Hauptstadt des Komitats Baranya, entfernt. Das Xavin Hotel**** Wellness &#038; Restaurant wiederum ist an der Hauptstra\u00dfe von Hark\u00e1ny und lediglich 150 Meter vom Harkany Thermal Spa gelegen.<\/p>\n<h6>Routenplaner und Karte<\/h6>\n<p>Planen Sie Ihre Route mit Hilfe von Google Maps!<\/p>\n<p id=\"googlemap\"><strong><iframe src=\"https:\/\/maps.google.hu\/maps?f=q&amp;source=s_q&amp;hl=hu&amp;geocode=&amp;q=Hark%C3%A1ny,+Kossuth+Lajos+utca+43&amp;aq=t&amp;sll=46.868977,19.927973&amp;sspn=2.640124,6.696167&amp;ie=UTF8&amp;hq=&amp;hnear=Hark%C3%A1ny,+Kossuth+Lajos+utca+43,+7815&amp;ll=45.853122,18.234197&amp;spn=0.010507,0.026157&amp;t=h&amp;z=14&amp;output=embed\" width=\"1000\" height=\"500\" frameborder=\"0\" marginwidth=\"0\" marginheight=\"0\" scrolling=\"no\"><\/iframe>Gr\u00f6\u00dfere Karte ansehen<\/strong><\/p>\n<h3>Blick auf die Stra\u00dfe aus Richtung Bart\u00f3k B. Stra\u00dfe<\/h3>\n<div id=\"googlemap\"><iframe src=\"https:\/\/www.google.com\/maps\/embed?pb=!4v1692034423091!6m8!1m7!1s8GeIKKT1dXJQOf8hNkoPoA!2m2!1d45.85264169830862!2d18.23476270582711!3f324.19476066760194!4f-1.4830675323473628!5f0.8550872358785442\" width=\"1000\" height=\"500\" style=\"border:0;\" allowfullscreen=\"\" loading=\"lazy\" referrerpolicy=\"no-referrer-when-downgrade\"><\/iframe><\/div>\n","protected":false},"excerpt":{"rendered":"<p>Wie Sie uns erreichen &#8211; Kontakt Hark\u00e1ny liegt an der Bundesstra\u00dfe 58 und befindet sich nur rund 26 Kilometer von Pecs, der Hauptstadt[&#8230;]<\/p>\n","protected":false},"author":1,"featured_media":0,"parent":0,"menu_order":0,"comment_status":"open","ping_status":"closed","template":"","meta":{"footnotes":""},"class_list":["post-307","page","type-page","status-publish","hentry"],"aioseo_notices":[],"_links":{"self":[{"href":"https:\/\/www.xavinhotelharkany.hu\/de\/wp-json\/wp\/v2\/pages\/307","targetHints":{"allow":["GET"]}}],"collection":[{"href":"https:\/\/www.xavinhotelharkany.hu\/de\/wp-json\/wp\/v2\/pages"}],"about":[{"href":"https:\/\/www.xavinhotelharkany.hu\/de\/wp-json\/wp\/v2\/types\/page"}],"author":[{"embeddable":true,"href":"https:\/\/www.xavinhotelharkany.hu\/de\/wp-json\/wp\/v2\/users\/1"}],"replies":[{"embeddable":true,"href":"https:\/\/www.xavinhotelharkany.hu\/de\/wp-json\/wp\/v2\/comments?post=307"}],"version-history":[{"count":4,"href":"https:\/\/www.xavinhotelharkany.hu\/de\/wp-json\/wp\/v2\/pages\/307\/revisions"}],"predecessor-version":[{"id":5055,"href":"https:\/\/www.xavinhotelharkany.hu\/de\/wp-json\/wp\/v2\/pages\/307\/revisions\/5055"}],"wp:attachment":[{"href":"https:\/\/www.xavinhotelharkany.hu\/de\/wp-json\/wp\/v2\/media?parent=307"}],"curies":[{"name":"wp","href":"https:\/\/api.w.org\/{rel}","templated":true}]}}