{"id":311,"date":"2014-11-14T09:11:30","date_gmt":"2014-11-14T09:11:30","guid":{"rendered":"http:\/\/localhost\/?page_id=311"},"modified":"2023-08-14T17:31:01","modified_gmt":"2023-08-14T17:31:01","slug":"unser-hotel","status":"publish","type":"page","link":"https:\/\/www.xavinhotelharkany.hu\/de\/unser-hotel\/","title":{"rendered":"Unser Hotel"},"content":{"rendered":"<h2>Unser Hotel<\/h2>\n<p>Unser Familienhotel, das sich <strong>kontinuierlich erneuert<\/strong>, hei\u00dft seit 25 Jahren diejenigen willkommen, die sich entspannen, erholen und ausruhen m\u00f6chten. Das <strong>Hotel Xavin<\/strong> befindet sich <strong>im Herzen von Harkany<\/strong>, in einem seiner sch\u00f6nsten Parks, <strong>nur 150 Meter von den renommierten Kur- und Strandb\u00e4dern von Harkany entfernt<\/strong>, die in ganz Europa bekannt sind.<\/p>\n<div id=\"attachment_2702\" style=\"width: 1610px\" class=\"wp-caption aligncenter\"><a href=\"\/wp-content\/uploads\/2015\/05\/IGP0525_1.jpg\" data-rel=\"prettyPhoto[311]\"><img decoding=\"async\" aria-describedby=\"caption-attachment-2702\" class=\"wp-image-2702 size-full\" src=\"\/wp-content\/uploads\/2015\/05\/IGP0525_1.jpg\" alt=\"Unser Hotel in fr\u00fchlingshafter Atmosph\u00e4re, mit dem Park, dem Springbrunnen und dem Parkplatz im Hintergrund\" width=\"1600\" height=\"1064\" srcset=\"https:\/\/www.xavinhotelharkany.hu\/wp-content\/uploads\/2015\/05\/IGP0525_1.jpg 1600w, https:\/\/www.xavinhotelharkany.hu\/wp-content\/uploads\/2015\/05\/IGP0525_1-300x199.jpg 300w, https:\/\/www.xavinhotelharkany.hu\/wp-content\/uploads\/2015\/05\/IGP0525_1-1024x680.jpg 1024w, https:\/\/www.xavinhotelharkany.hu\/wp-content\/uploads\/2015\/05\/IGP0525_1-750x500.jpg 750w\" sizes=\"(max-width: 1600px) 100vw, 1600px\" \/><\/a><p id=\"caption-attachment-2702\" class=\"wp-caption-text\">Xavin Hotel &#8211; im Herzen von Hark\u00e1ny<\/p><\/div>\n<p>Dank der Entwicklungen seit 2013 wurde unser Hotel bis Ende 2014 sowohl innen <strong>als auch au\u00dfen umfassend renoviert<\/strong>. Unsere G\u00e4ste k\u00f6nnen aus <strong>34<\/strong> verschiedenen Arten von einzigartigen, hochwertigen und komfortabel eingerichteten <strong>Zimmern<\/strong> w\u00e4hlen, die all ihren Bed\u00fcrfnissen gerecht werden.<\/p>\n<p style=\"text-align: justify;\">Das Restaurant Oliva, im Erdgeschoss gelegen, schafft eine besondere Atmosph\u00e4re durch die Verwendung hochwertiger Materialien w\u00e4hrend der Modernisierung sowie durch die <strong>exklusive und anspruchsvolle Einrichtung<\/strong>. Es ist ein eleganter Veranstaltungsort f\u00fcr Veranstaltungen jeder Gr\u00f6\u00dfe. Unser zentral klimatisiertes \u00c0-la-carte-Restaurant bietet hochwertige Speisen und Getr\u00e4nke und garantiert eine vielf\u00e4ltige Auswahl. Das <strong>Restaurant<\/strong> bietet Platz f\u00fcr <strong>bis zu 50 Personen<\/strong>.<\/p>\n<p style=\"text-align: justify;\">Die Lavanda-Bar (<strong>Wintergarten<\/strong>) liegt im Innenhof des Hotels und bietet allen G\u00e4sten ein herrliches Erlebnis. Der zentral <strong>klimatisierte<\/strong> Raum bietet Platz f\u00fcr bis zu 50 Personen und bildet einen w\u00fcrdigen Rahmen f\u00fcr nahezu jede Veranstaltung.<\/p>\n<p style=\"text-align: justify;\">Um den Komfort und die Zug\u00e4nglichkeit unserer G\u00e4ste zu gew\u00e4hrleisten, stehen ein Aufzug und <strong>barrierefreie Wege<\/strong> zur Verf\u00fcgung, die modernen Anforderungen entsprechen. Drahtloser Internetzugang ist im gesamten Hotel verf\u00fcgbar und f\u00fcr unsere G\u00e4ste kostenlos.<\/p>\n<table class=\"szobak\">\n<tbody>\n<tr>\n<td><a href=\"\/wp-content\/uploads\/2015\/05\/IGP0349_1.jpg\" data-rel=\"prettyPhoto[311]\"><img decoding=\"async\" class=\"alignnone wp-image-2677\" src=\"\/wp-content\/uploads\/2015\/05\/IGP0349_1.jpg\" alt=\"Az Oliva \u00e9tterem bej\u00e1rata\" width=\"500\" height=\"752\" srcset=\"https:\/\/www.xavinhotelharkany.hu\/wp-content\/uploads\/2015\/05\/IGP0349_1.jpg 1064w, https:\/\/www.xavinhotelharkany.hu\/wp-content\/uploads\/2015\/05\/IGP0349_1-199x300.jpg 199w, https:\/\/www.xavinhotelharkany.hu\/wp-content\/uploads\/2015\/05\/IGP0349_1-680x1024.jpg 680w\" sizes=\"(max-width: 500px) 100vw, 500px\" \/><\/a><\/td>\n<td><a href=\"\/wp-content\/uploads\/2015\/01\/IGP9635_1.jpg\" data-rel=\"prettyPhoto[311]\"><img decoding=\"async\" class=\"alignnone wp-image-1898\" src=\"\/wp-content\/uploads\/2015\/01\/IGP9635_1.jpg\" alt=\"A Xavin Hotel meg\u00fajult f\u0151bej\u00e1rata \u00e9s recepci\u00f3ja\" width=\"500\" height=\"752\" srcset=\"https:\/\/www.xavinhotelharkany.hu\/wp-content\/uploads\/2015\/01\/IGP9635_1.jpg 1064w, https:\/\/www.xavinhotelharkany.hu\/wp-content\/uploads\/2015\/01\/IGP9635_1-199x300.jpg 199w, https:\/\/www.xavinhotelharkany.hu\/wp-content\/uploads\/2015\/01\/IGP9635_1-680x1024.jpg 680w\" sizes=\"(max-width: 500px) 100vw, 500px\" \/><\/a><\/td>\n<td><a href=\"\/wp-content\/uploads\/2016\/03\/IGP0557.jpg\" data-rel=\"prettyPhoto[311]\"><img decoding=\"async\" class=\"aligncenter wp-image-3414\" src=\"\/wp-content\/uploads\/2016\/03\/IGP0557.jpg\" alt=\"Lavanda kert - dekor\u00e1ci\u00f3\" width=\"500\" height=\"752\" \/><\/a><\/td>\n<\/tr>\n<\/tbody>\n<\/table>\n<p style=\"text-align: justify;\">\nUnser <strong>Wellnessbereich<\/strong>, der seit 2001 kontinuierlich erweitert wurde, erstreckt sich \u00fcber eine Fl\u00e4che von fast 200 Quadratmetern und bietet unseren G\u00e4sten ein <strong>umfassendes Wellness-Erlebnis<\/strong> mit vielf\u00e4ltigen Angeboten. Neben unseren <strong>Pools<\/strong>, der <strong>finnischen Sauna<\/strong>, der <strong>t\u00fcrkischen Dampfkabine<\/strong>, den <strong>tropischen Regen- und Erlebnisduschen<\/strong> gibt es auch ein <strong>Tepidarium<\/strong> sowie eine einzigartige Attraktion in Hark\u00e1ny &#8211; eine <strong>Salzkabine<\/strong>. Die Himalaya-Salzziegelwand der Salzkabine ist atmosph\u00e4risch hinterleuchtet und nutzt ein Nasssalzspr\u00fchverfahren, um ihre heilende Wirkung zu entfalten.<\/p>\n<p style=\"text-align: justify;\">Unser <strong>Vier-Sterne-Hotel<\/strong> bietet nicht nur ungarischen, deutschen, englischen, tschechischen und russischen G\u00e4sten Unterkunft, sondern hat sein Angebot auch f\u00fcr Radfahrer, Allergiker, Menschen mit Muskel-Skelett-Erkrankungen und Psoriasis-Patienten erweitert.<\/p>\n<p style=\"text-align: justify;\">Bei der Renovierung unseres Hotels haben wir besonderen Wert auf die <strong>Verbindung von Harmonie und Eleganz<\/strong> gelegt, die auch Teil unseres Slogans ist. Wenn Sie sich f\u00fcr einen Aufenthalt bei uns entscheiden, werden Sie selbst erleben, dass dies nicht nur ein Konzept, sondern Realit\u00e4t ist.<\/p>\n<p style=\"text-align: justify;\">Betrachten Sie weitere Fotos unseres Hotels <strong><a title=\"Sehen Sie sich eine Galerie von Fotos unseres Hotels an\" href=\"\/gallery\/szallodank\/\">in der Galerie<\/a><\/strong>.<\/p>\n<div id=\"attachment_1810\" style=\"width: 1610px\" class=\"wp-caption aligncenter\"><a href=\"\/wp-content\/uploads\/2015\/01\/IGP9459_1.jpg\" data-rel=\"prettyPhoto[311]\"><img decoding=\"async\" aria-describedby=\"caption-attachment-1810\" class=\"wp-image-1810 size-full\" src=\"\/wp-content\/uploads\/2015\/01\/IGP9459_1.jpg\" alt=\"Umgebungslicht und Harmonie auf der Ankunftsseite\" width=\"1600\" height=\"1064\" srcset=\"https:\/\/www.xavinhotelharkany.hu\/wp-content\/uploads\/2015\/01\/IGP9459_1.jpg 1600w, https:\/\/www.xavinhotelharkany.hu\/wp-content\/uploads\/2015\/01\/IGP9459_1-300x199.jpg 300w, https:\/\/www.xavinhotelharkany.hu\/wp-content\/uploads\/2015\/01\/IGP9459_1-1024x680.jpg 1024w, https:\/\/www.xavinhotelharkany.hu\/wp-content\/uploads\/2015\/01\/IGP9459_1-750x500.jpg 750w\" sizes=\"(max-width: 1600px) 100vw, 1600px\" \/><\/a><p id=\"caption-attachment-1810\" class=\"wp-caption-text\">Unser Hotel &#8211; Aufenthaltsraum<\/p><\/div>\n","protected":false},"excerpt":{"rendered":"<p>Unser Hotel Unser Familienhotel, das sich kontinuierlich erneuert, hei\u00dft seit 25 Jahren diejenigen willkommen, die sich entspannen, erholen und ausruhen m\u00f6chten. Das Hotel[&#8230;]<\/p>\n","protected":false},"author":1,"featured_media":0,"parent":0,"menu_order":0,"comment_status":"open","ping_status":"closed","template":"","meta":{"footnotes":""},"class_list":["post-311","page","type-page","status-publish","hentry"],"aioseo_notices":[],"_links":{"self":[{"href":"https:\/\/www.xavinhotelharkany.hu\/de\/wp-json\/wp\/v2\/pages\/311","targetHints":{"allow":["GET"]}}],"collection":[{"href":"https:\/\/www.xavinhotelharkany.hu\/de\/wp-json\/wp\/v2\/pages"}],"about":[{"href":"https:\/\/www.xavinhotelharkany.hu\/de\/wp-json\/wp\/v2\/types\/page"}],"author":[{"embeddable":true,"href":"https:\/\/www.xavinhotelharkany.hu\/de\/wp-json\/wp\/v2\/users\/1"}],"replies":[{"embeddable":true,"href":"https:\/\/www.xavinhotelharkany.hu\/de\/wp-json\/wp\/v2\/comments?post=311"}],"version-history":[{"count":10,"href":"https:\/\/www.xavinhotelharkany.hu\/de\/wp-json\/wp\/v2\/pages\/311\/revisions"}],"predecessor-version":[{"id":5571,"href":"https:\/\/www.xavinhotelharkany.hu\/de\/wp-json\/wp\/v2\/pages\/311\/revisions\/5571"}],"wp:attachment":[{"href":"https:\/\/www.xavinhotelharkany.hu\/de\/wp-json\/wp\/v2\/media?parent=311"}],"curies":[{"name":"wp","href":"https:\/\/api.w.org\/{rel}","templated":true}]}}