{"id":315,"date":"2014-11-14T09:26:22","date_gmt":"2014-11-14T09:26:22","guid":{"rendered":"http:\/\/localhost\/?page_id=315"},"modified":"2023-08-14T12:23:48","modified_gmt":"2023-08-14T12:23:48","slug":"lavanda-bar-konferenz","status":"publish","type":"page","link":"https:\/\/www.xavinhotelharkany.hu\/de\/lavanda-bar-konferenz\/","title":{"rendered":"Lavanda Bar &#8211; Konferenz"},"content":{"rendered":"<h2>Lavanda Garden &#8211; Konferenz<\/h2>\n<table class=\"szobak\">\n<tbody>\n<tr>\n<th colspan=\"2\">Lavanda-Wintergarten<\/th>\n<\/tr>\n<tr>\n<td style=\"width: 50%;\" rowspan=\"2\"><a href=\"\/wp-content\/uploads\/2022\/12\/IGP1261_r.jpg\" data-rel=\"prettyPhoto[315]\"><img decoding=\"async\" class=\"alignnone wp-image-3416\" src=\"\/wp-content\/uploads\/2022\/12\/IGP1261_r-681x1024.jpg\" alt=\"Lavanda Garten - Lampe\" width=\"499\" height=\"750\" \/><\/a><\/td>\n<td><a href=\"\/wp-content\/uploads\/2022\/12\/IGP2003_r_k.jpg\" data-rel=\"prettyPhoto[315]\"><img decoding=\"async\" class=\"alignnone wp-image-3423 size-large\" src=\"\/wp-content\/uploads\/2022\/12\/IGP2003_r_k-1024x681.jpg\" alt=\"Lavanda Garten - Blick auf den Garten\" width=\"750\" height=\"498\" \/><\/a><\/td>\n<\/tr>\n<tr>\n<td><a href=\"\/wp-content\/uploads\/2022\/12\/IGP1238_r.jpg\" data-rel=\"prettyPhoto[315]\"><img decoding=\"async\" class=\"alignnone wp-image-3419 size-large\" src=\"\/wp-content\/uploads\/2022\/12\/IGP1238_r-1024x681.jpg\" alt=\"Lavanda Garten - Dekoration\" width=\"750\" height=\"499\" \/><\/a><\/td>\n<\/tr>\n<tr>\n<td colspan=\"2\">\n<p style=\"text-align: justify;\">Unser klimatisierter Lavendel-Wintergarten mit seiner besonderen Atmosph\u00e4re bietet bequem Platz f\u00fcr bis zu 50 Personen. Er kann f\u00fcr Sitzungen, Schulungen, Arbeitsessen, Geburtstage, Familientreffen, Abschlussfeiern und andere Veranstaltungen in kleinem Rahmen und auf hohem Niveau genutzt werden.<\/p>\n<\/td>\n<\/tr>\n<\/tbody>\n<\/table>\n<h3>M\u00f6glichkeiten zur Erholung und Entspannung nach der Konferenz<\/h3>\n<table class=\"szobak\">\n<tbody>\n<tr>\n<th colspan=\"2\">Entspannen Sie sich in unserem Wellnessbereich<\/th>\n<\/tr>\n<tr>\n<td colspan=\"2\">\n<ul>\n<li>Beheiztes Hallenbad mit Nackendusche und Massagebank ( 7&#215;4 Meter, 29 Grad Celsius )<\/li>\n<li>Eingebautes Massagebecken<\/li>\n<li>Eingebautes t\u00fcrkisches Aromadampfbad<\/li>\n<li>Finnische Sauna mit Lichttherapie<\/li>\n<li>Erlebnisdusche<\/li>\n<li>Salzkammer<\/li>\n<li>Tepidarium<\/li>\n<li>K\u00f6rpermassage<\/li>\n<li>Fu\u00dfreflexzonenmassage<\/li>\n<li>Ohrenkerzen<\/li>\n<\/ul>\n<\/td>\n<\/tr>\n<\/tbody>\n<\/table>\n","protected":false},"excerpt":{"rendered":"<p>Lavanda Garden &#8211; Konferenz Lavanda-Wintergarten Unser klimatisierter Lavendel-Wintergarten mit seiner besonderen Atmosph\u00e4re bietet bequem Platz f\u00fcr bis zu 50 Personen. Er kann f\u00fcr[&#8230;]<\/p>\n","protected":false},"author":1,"featured_media":0,"parent":0,"menu_order":0,"comment_status":"open","ping_status":"closed","template":"","meta":{"footnotes":""},"class_list":["post-315","page","type-page","status-publish","hentry"],"aioseo_notices":[],"_links":{"self":[{"href":"https:\/\/www.xavinhotelharkany.hu\/de\/wp-json\/wp\/v2\/pages\/315","targetHints":{"allow":["GET"]}}],"collection":[{"href":"https:\/\/www.xavinhotelharkany.hu\/de\/wp-json\/wp\/v2\/pages"}],"about":[{"href":"https:\/\/www.xavinhotelharkany.hu\/de\/wp-json\/wp\/v2\/types\/page"}],"author":[{"embeddable":true,"href":"https:\/\/www.xavinhotelharkany.hu\/de\/wp-json\/wp\/v2\/users\/1"}],"replies":[{"embeddable":true,"href":"https:\/\/www.xavinhotelharkany.hu\/de\/wp-json\/wp\/v2\/comments?post=315"}],"version-history":[{"count":4,"href":"https:\/\/www.xavinhotelharkany.hu\/de\/wp-json\/wp\/v2\/pages\/315\/revisions"}],"predecessor-version":[{"id":5547,"href":"https:\/\/www.xavinhotelharkany.hu\/de\/wp-json\/wp\/v2\/pages\/315\/revisions\/5547"}],"wp:attachment":[{"href":"https:\/\/www.xavinhotelharkany.hu\/de\/wp-json\/wp\/v2\/media?parent=315"}],"curies":[{"name":"wp","href":"https:\/\/api.w.org\/{rel}","templated":true}]}}