{"id":341,"date":"2014-11-14T10:49:56","date_gmt":"2014-11-14T10:49:56","guid":{"rendered":"http:\/\/localhost\/?page_id=341"},"modified":"2024-05-28T11:17:22","modified_gmt":"2024-05-28T11:17:22","slug":"oliva-restaurant","status":"publish","type":"page","link":"https:\/\/www.xavinhotelharkany.hu\/de\/oliva-restaurant\/","title":{"rendered":"Oliva Restaurant"},"content":{"rendered":"<h2>Oliva Restaurant<\/h2>\n<p style=\"text-align: center;\"><strong>Unser klimatisiertes Restaurant im Erdgeschoss unseres Hotels bietet traditionelle ungarische Aromen und hausgemachte Kuchen.<\/strong><\/p>\n<table class=\"szobak\">\n<tbody>\n<tr>\n<td><a href=\"http:\/\/www.xavinhotelharkany.hu\/wp-content\/uploads\/2014\/11\/oliva-etterem2-harkany-xavin.jpg\" data-rel=\"prettyPhoto[341]\"><img decoding=\"async\" class=\"alignnone wp-image-2162 size-large\" src=\"http:\/\/www.xavinhotelharkany.hu\/wp-content\/uploads\/2014\/11\/oliva-etterem2-harkany-xavin-1024x682.jpg\" alt=\"Oliva - Restaurant\" width=\"750\" height=\"499\" srcset=\"https:\/\/www.xavinhotelharkany.hu\/wp-content\/uploads\/2014\/11\/oliva-etterem2-harkany-xavin-1024x682.jpg 1024w, https:\/\/www.xavinhotelharkany.hu\/wp-content\/uploads\/2014\/11\/oliva-etterem2-harkany-xavin-300x200.jpg 300w, https:\/\/www.xavinhotelharkany.hu\/wp-content\/uploads\/2014\/11\/oliva-etterem2-harkany-xavin-750x500.jpg 750w, https:\/\/www.xavinhotelharkany.hu\/wp-content\/uploads\/2014\/11\/oliva-etterem2-harkany-xavin.jpg 1920w\" sizes=\"(max-width: 750px) 100vw, 750px\" \/><\/a><\/td>\n<td><a href=\"http:\/\/www.xavinhotelharkany.hu\/wp-content\/uploads\/2014\/11\/IMG_8439OK.jpg\" data-rel=\"prettyPhoto[341]\"><img decoding=\"async\" class=\"wp-image-2581 size-large\" src=\"http:\/\/www.xavinhotelharkany.hu\/wp-content\/uploads\/2014\/11\/IMG_8439OK-1024x682.jpg\" alt=\"Oliva Restaurant\" width=\"750\" height=\"499\" srcset=\"https:\/\/www.xavinhotelharkany.hu\/wp-content\/uploads\/2014\/11\/IMG_8439OK-1024x682.jpg 1024w, https:\/\/www.xavinhotelharkany.hu\/wp-content\/uploads\/2014\/11\/IMG_8439OK-300x200.jpg 300w, https:\/\/www.xavinhotelharkany.hu\/wp-content\/uploads\/2014\/11\/IMG_8439OK-750x500.jpg 750w, https:\/\/www.xavinhotelharkany.hu\/wp-content\/uploads\/2014\/11\/IMG_8439OK.jpg 1600w\" sizes=\"(max-width: 750px) 100vw, 750px\" \/><\/a><\/td>\n<td><a href=\"http:\/\/www.xavinhotelharkany.hu\/wp-content\/uploads\/2015\/01\/IMG_0715ok.jpg\" data-rel=\"prettyPhoto[341]\"><img decoding=\"async\" class=\"alignnone wp-image-1882 size-large\" src=\"http:\/\/www.xavinhotelharkany.hu\/wp-content\/uploads\/2015\/01\/IMG_0715ok-1024x682.jpg\" alt=\"Ansto\u00dfen in Hark\u00e1ny mit Weinen aus Vill\u00e1ny\" width=\"750\" height=\"499\" srcset=\"https:\/\/www.xavinhotelharkany.hu\/wp-content\/uploads\/2015\/01\/IMG_0715ok-1024x682.jpg 1024w, https:\/\/www.xavinhotelharkany.hu\/wp-content\/uploads\/2015\/01\/IMG_0715ok-300x200.jpg 300w, https:\/\/www.xavinhotelharkany.hu\/wp-content\/uploads\/2015\/01\/IMG_0715ok-750x500.jpg 750w, https:\/\/www.xavinhotelharkany.hu\/wp-content\/uploads\/2015\/01\/IMG_0715ok.jpg 1600w\" sizes=\"(max-width: 750px) 100vw, 750px\" \/><\/a><\/td>\n<\/tr>\n<\/tbody>\n<\/table>\n<p style=\"text-align: justify;\">Das Oliva Restaurant bietet ab Mai 2024 ein unbegrenztes Buffet-Abendessen mit t\u00e4glich wechselndem Men\u00fc von 18 bis 20 Uhr an. Externe G\u00e4ste k\u00f6nnen unseren Buffet-Abendessen-Service mit vorheriger Tischreservierung unter <a href=\"tel:+3672479399\">(+36 72) 479 399<\/a> in Anspruch nehmen.<\/p>\n<p style=\"text-align: justify;\"><strong>Unser Angebot:<\/strong><\/p>\n<ul>\n<li>2 Arten von Suppen<\/li>\n<li>4-6 Hauptgerichte<\/li>\n<li>Salate<\/li>\n<li>Desserts<\/li>\n<\/ul>\n<p style=\"text-align: justify;\"><strong>Preis: 6 000 Ft \/ Person<\/strong><\/p>\n<p style=\"text-align: justify;\">Der Service ist f\u00fcr Kinder mit Erm\u00e4\u00dfigung verf\u00fcgbar.<\/p>\n<p style=\"text-align: justify;\"><strong>Eigent\u00fcmer, Restaurantleiter:<\/strong> J\u00e1nos V\u00e9gi<\/p>\n<p>II. Kategorie<\/p>\n<p style=\"text-align: justify; border: 1px solid darkgoldenrod; margin: 5% 0; padding: 3.5%;\"><strong>Unsere Restaurantversorgung<\/strong> bezieht sich ausschlie\u00dflich auf das t\u00e4gliche Angebot der normalen Ern\u00e4hrung sowohl f\u00fcr Fr\u00fchst\u00fcck, Halbpension, Vollpension als auch f\u00fcr externe G\u00e4ste. Besondere Ern\u00e4hrungsbed\u00fcrfnisse, Allergien oder Empfindlichkeiten k\u00f6nnen <strong>gegen eine zus\u00e4tzliche Geb\u00fchr<\/strong> ber\u00fccksichtigt werden. Bitte geben Sie uns bei der Angebotsanfrage Bescheid, wenn Sie einen solchen Service in Anspruch nehmen m\u00f6chten, damit wir unsere G\u00e4ste entsprechend vorbereiten und mit den richtigen Speisen erwarten k\u00f6nnen.<\/p>\n<h3>Der Gartenbereich des Oliva Restaurants<\/h3>\n<div id=\"attachment_2698\" style=\"width: 1610px\" class=\"wp-caption aligncenter\"><a href=\"http:\/\/www.xavinhotelharkany.hu\/wp-content\/uploads\/2015\/05\/IGP0503_1.jpg\" data-rel=\"prettyPhoto[341]\"><img decoding=\"async\" aria-describedby=\"caption-attachment-2698\" class=\"wp-image-2698 size-full\" src=\"http:\/\/www.xavinhotelharkany.hu\/wp-content\/uploads\/2015\/05\/IGP0503_1.jpg\" alt=\"Unser Hotel - Mediterraner Gartenbereich und Hotel\" width=\"1600\" height=\"1064\" srcset=\"https:\/\/www.xavinhotelharkany.hu\/wp-content\/uploads\/2015\/05\/IGP0503_1.jpg 1600w, https:\/\/www.xavinhotelharkany.hu\/wp-content\/uploads\/2015\/05\/IGP0503_1-300x199.jpg 300w, https:\/\/www.xavinhotelharkany.hu\/wp-content\/uploads\/2015\/05\/IGP0503_1-1024x680.jpg 1024w, https:\/\/www.xavinhotelharkany.hu\/wp-content\/uploads\/2015\/05\/IGP0503_1-750x500.jpg 750w\" sizes=\"(max-width: 1600px) 100vw, 1600px\" \/><\/a><p id=\"caption-attachment-2698\" class=\"wp-caption-text\">Der mediterrane Gartenbereich des Oliva Restaurants und das Hotelgeb\u00e4ude<\/p><\/div>\n<p style=\"text-align: justify;\">Unser mediterraner Gartenbereich, der von Fr\u00fchling bis Herbst ge\u00f6ffnet ist, liegt in einem der sch\u00f6nsten Parks von Hark\u00e1ny. An Sommerabenden bietet der Brunnen mit Lichtspiel im Park ein besonderes Erlebnis neben den kulinarischen Gen\u00fcssen. Leichte alkoholische und alkoholfreie Cocktails, verschiedene leckere Limonaden und Sorbets bereichern unser Angebot.<\/p>\n<p><strong>Seien Sie Teil dieses besonderen Erlebnisses!<\/strong><\/p>\n<p style=\"text-align: justify;\"><a title=\"Sehen Sie sich unsere Galerie an!\" href=\"https:\/\/www.xavinhotelharkany.hu\/de\/gallery\/oliva-restaurant\/\">Sehen Sie sich unsere Galerie an!<\/a><\/p>\n","protected":false},"excerpt":{"rendered":"<p>Oliva Restaurant Unser klimatisiertes Restaurant im Erdgeschoss unseres Hotels bietet traditionelle ungarische Aromen und hausgemachte Kuchen. Das Oliva Restaurant bietet ab Mai 2024[&#8230;]<\/p>\n","protected":false},"author":1,"featured_media":0,"parent":0,"menu_order":0,"comment_status":"open","ping_status":"open","template":"","meta":{"footnotes":""},"class_list":["post-341","page","type-page","status-publish","hentry"],"aioseo_notices":[],"_links":{"self":[{"href":"https:\/\/www.xavinhotelharkany.hu\/de\/wp-json\/wp\/v2\/pages\/341","targetHints":{"allow":["GET"]}}],"collection":[{"href":"https:\/\/www.xavinhotelharkany.hu\/de\/wp-json\/wp\/v2\/pages"}],"about":[{"href":"https:\/\/www.xavinhotelharkany.hu\/de\/wp-json\/wp\/v2\/types\/page"}],"author":[{"embeddable":true,"href":"https:\/\/www.xavinhotelharkany.hu\/de\/wp-json\/wp\/v2\/users\/1"}],"replies":[{"embeddable":true,"href":"https:\/\/www.xavinhotelharkany.hu\/de\/wp-json\/wp\/v2\/comments?post=341"}],"version-history":[{"count":23,"href":"https:\/\/www.xavinhotelharkany.hu\/de\/wp-json\/wp\/v2\/pages\/341\/revisions"}],"predecessor-version":[{"id":5574,"href":"https:\/\/www.xavinhotelharkany.hu\/de\/wp-json\/wp\/v2\/pages\/341\/revisions\/5574"}],"wp:attachment":[{"href":"https:\/\/www.xavinhotelharkany.hu\/de\/wp-json\/wp\/v2\/media?parent=341"}],"curies":[{"name":"wp","href":"https:\/\/api.w.org\/{rel}","templated":true}]}}