{"id":365,"date":"2014-11-14T12:15:19","date_gmt":"2014-11-14T12:15:19","guid":{"rendered":"http:\/\/localhost\/?page_id=365"},"modified":"2024-03-15T15:00:21","modified_gmt":"2024-03-15T15:00:21","slug":"unsere-preise","status":"publish","type":"page","link":"https:\/\/www.xavinhotelharkany.hu\/de\/unsere-preise\/","title":{"rendered":"Unsere Preise"},"content":{"rendered":"<h2>Unsere Preise &#8211; Preisliste des Jahres 2026<\/h2>\n<table class=\"arak\">\n<tbody>\n<tr>\n<th colspan=\"3\">Vor-und Nebensaison\u00a0(<span class=\"dateinterval\" style=\"white-space: nowrap;\">02.01.2026.<\/span><span class=\"dateinterval\"> - <\/span><span class=\"dateinterval\" style=\"white-space: nowrap;\">10.06.2026.<\/span> \/ <span class=\"dateinterval\" style=\"white-space: nowrap;\">01.09.2026.<\/span><span class=\"dateinterval\"> - <\/span><span class=\"dateinterval\" style=\"white-space: nowrap;\">21.12.2026.<\/span>)<\/th>\n<\/tr>\n<tr>\n<td class=\"targy\">Standard Einzelzimmer f\u00fcr 1 Person<\/td>\n<td class=\"ar\">95 \u20ac<\/td>\n<td class=\"egys\">\/ 1 Pers. \/\u00a0Nacht<\/td>\n<\/tr>\n<tr>\n<td class=\"targy\">Standard Doppelzimmer f\u00fcr\u00a02\u00a0Personen<\/td>\n<td class=\"ar\">119 \u20ac<\/td>\n<td class=\"egys\">\/ 2 Pers. \/ Nacht<\/td>\n<\/tr>\n<tr>\n<td class=\"targy\">Standard Dreibettzimmer (ein\u00a0 Kind auf einem Ersatzbett)<\/td>\n<td class=\"ar\">159 \u20ac<\/td>\n<td class=\"egys\">\/ 3 Pers. \/ Nacht<\/td>\n<\/tr>\n<tr>\n<td class=\"targy\">Apartment (2\u00a0 Erwachsene und ein Kind)<\/td>\n<td class=\"ar\">178 \u20ac<\/td>\n<td class=\"egys\">\/ 3 Pers. \/\u00a0Nacht<\/td>\n<\/tr>\n<tr>\n<td class=\"targy\">Apartment (2 Erwachsene und zwei Kindern)<\/td>\n<td class=\"ar\">187 \u20ac<\/td>\n<td class=\"egys\">\/ 4 Pers. \/ Nacht<\/td>\n<\/tr>\n<tr>\n<th colspan=\"3\">Hauptsaison\u00a0(<span class=\"dateinterval\" style=\"white-space: nowrap;\">11.06.2026.<\/span><span class=\"dateinterval\"> - <\/span><span class=\"dateinterval\" style=\"white-space: nowrap;\">31.08.2026.<\/span> \/ <span class=\"dateinterval\" style=\"white-space: nowrap;\">22.12.2026.<\/span><span class=\"dateinterval\"> - <\/span><span class=\"dateinterval\" style=\"white-space: nowrap;\">02.01.2027.<\/span>)<\/th>\n<\/tr>\n<tr>\n<td class=\"targy\">Standard Einzelzimmer f\u00fcr 1 Person<\/td>\n<td class=\"ar\">101 \u20ac<\/td>\n<td class=\"egys\">\/ 1 Pers. \/ Nacht<\/td>\n<\/tr>\n<tr>\n<td class=\"targy\">Standard Doppelzimmer f\u00fcr\u00a02\u00a0Personen<\/td>\n<td class=\"ar\">127 \u20ac<\/td>\n<td class=\"egys\">\/ 2 Pers. \/ Nacht<\/td>\n<\/tr>\n<tr>\n<td class=\"targy\">Standard Dreibettzimmer (ein\u00a0 Kind auf einem Ersatzbett)<\/td>\n<td class=\"ar\">165 \u20ac<\/td>\n<td class=\"egys\">\/ 3 Pers. \/ Nacht<\/td>\n<\/tr>\n<tr>\n<td class=\"targy\">Apartment (2\u00a0 Erwachsene und ein Kind)<\/td>\n<td class=\"ar\">180 \u20ac<\/td>\n<td class=\"egys\">\/ 3 Pers. \/ Nacht<\/td>\n<\/tr>\n<tr>\n<td class=\"targy\">Apartment (2 Erwachsene und zwei Kindern)<\/td>\n<td class=\"ar\">201 \u20ac<\/td>\n<td class=\"egys\">\/ 4 Pers. \/ Nacht<\/td>\n<\/tr>\n<\/tbody>\n<\/table>\n<p><em>Kurtaxe: 1.75 \u20ac \/ Person \/ Tag \u00fcber 18 Jahre.<\/em><br \/>\n<strong>Erm\u00e4\u00dfigungen f\u00fcr Kinder:<\/strong><\/p>\n<p>Kinder von 0 bis 3 Jahren sind <strong>kostenlos<\/strong>.<br \/>\n<b>Die angegebenen Preise gelten f\u00fcr 1 Nacht, f\u00fcr mehr N\u00e4chte fragen Sie bitte nach unserem erm\u00e4\u00dfigten <a style=\"color: blueviolet;\" href=\"\/de\/pakete-pauschalangebote\/\" target=\"_blank\" rel=\"noopener\">Paketangebot<\/a>.<\/b><br \/>\n<div id=\"room-amenities\">\n<h3>UNSERE PREISE BEINHALTEN FOLGENDE LEISTUNGEN<\/h3>\n<ul>\n<li><i class=\"fa fa-star\"><\/i>Bequem eingerichtete und jegliche Bed\u00fcrfnisse erf\u00fcllende <strong><a style=\"color: blueviolet;\" href=\"\/de\/unsere-zimmer\/\" target=\"_blank\" rel=\"noopener noreferrer\">Hotelzimmer<\/a><\/strong> mit Balkon oder franz\u00f6sischem Balkon f\u00fcr jeden Bedarf.<\/li>\n\n<li><i class=\"fa fa-star\"><\/i><strong>Reichhaltiges Fr\u00fchst\u00fccksbuffet<\/strong>\n<ul>\n<p class=\"text\"><strong>Kalte Mahlzeiten<\/strong><\/p>\n<p class=\"text\">\n<li>Herzhaftes und s\u00fc\u00dfes Geb\u00e4ck (Br\u00f6tchen, Semmeln, Br\u00f6tchen, Br\u00f6tchen, etc&#8230;)<\/li>\n<li>Kaffee und Kuchen<\/li>\n<li>Toast, Cerealien, Cornflakes, M\u00fcsli<\/li>\n<li>Frischer Obstsalat der Saison, frisches Gem\u00fcse, Obst und Naturjoghurts.<\/li>\n<li>Butter (Margarine auf Anfrage), Aufstriche<\/li>\n<li>Diverse Fruchtkonfit\u00fcren, Honig<\/li>\n<li>Auswahl an Wurst- und K\u00e4seplatten<\/li>\n<\/ul>\n<ul>\n<p class=\"text\"><strong>Warme Fr\u00fchst\u00fccksgerichte<\/strong><\/p>\n<li>R\u00fchrei (mit Zwiebeln, Speck usw., t\u00e4glich wechselnd), Brot mit French Toast, Gelegentlich Gekochte Eier und Spiegeleier mit verschiedenen Bel\u00e4gen<\/li>\n<li>Gebratene Debreziner, Br\u00fchw\u00fcrste<\/li>\n<li>Bohnen mit Tomaten<\/li>\n<li>Milchpudding<\/li>\n<\/ul>\n<ul>\n<p class=\"text\"><strong>Kalte und warme Fr\u00fchst\u00fccksgetr\u00e4nke<\/strong><\/p>\n<li>Kalte und warme Milch<\/li>\n<li>Kakao, Hei\u00dfe Schokolade<\/li>\n<li><strong>Professioneller Kaffeevollautomat<\/strong> Caff\u00e9 Pert\u00e9 mit etwa f\u00fcnf Kaffeespezialit\u00e4ten: Espresso, Americana (langer Kaffee), Macchiato, Cappuccino<\/li>\n<li>Frisch zubereitete traditionelle Tees und Tees mit Fruchtgeschmack<\/li>\n<li>T\u00e4gliche Saftauswahl (Orange, Multivitamin).<\/li>\n<\/ul>\n<ul>\n<p class=\"text\"><strong><a style=\"color: blueviolet;\" href=\"\/de\/gallery\/ein-leckeres-und-herzhaftes-fruhstuck\/\" target=\"_blank\" rel=\"noopener noreferrer\">Fotogalerie Fr\u00fchst\u00fcck ansehen \u00bb<\/a><\/strong><\/p>\n<\/ul>\n<\/li>\n<li><i class=\"fa fa-star\"><\/i><strong>Abendessen in Buffetform (je nach Auslastung des Hotels) oder Halbpensionsmen\u00fc a&#8217;la carte.<\/strong>\n<ul>\n<p class=\"text\"><strong>Zwei Arten von Suppe<\/strong><\/p>\n<li>T\u00e4glich frische Br\u00fche mit verschiedenen Einlagen (Fadennudeln, gebutterte Grie\u00dfkn\u00f6del, Leberkn\u00f6del&#8230;)<\/li>\n<li>Creme-Suppen<\/li>\n<\/ul>\n<ul>\n<p class=\"text\"><strong>Hauptgericht<\/strong><\/p>\n<li>4-6 Hauptgerichte mit einer Auswahl an Beilagen<\/li>\n<li>Ein sorgf\u00e4ltig ausgew\u00e4hltes Tagesmen\u00fc, das internationale, mediterrane und Reformk\u00fcche kombiniert.<\/li>\n<\/ul>\n<ul>\n<p class=\"text\"><strong>Salatbar<\/strong><\/p>\n<li>Frische gr\u00fcne Salate<\/li>\n<li>Gemischte Salate<\/li>\n<li>Hausgemachte Gurken<\/li>\n<\/ul>\n<ul>\n<p class=\"text\"><strong>Nachspeise<\/strong><\/p>\n<li>Hausgemachte Torten<\/li>\n<li>Pudding<\/li>\n<li>Frisches Obst, Konfit\u00fcren<\/li>\n<\/ul>\n<ul>\n<p class=\"text\"><strong><a style=\"color: blueviolet;\" href=\"\/de\/gallery\/oliva-restaurant\/\" target=\"_blank\" rel=\"noopener noreferrer\">Fotogalerie des Restaurants ansehen \u00bb<\/a><\/strong><\/p>\n<\/ul>\n<\/li>\n<li><i class=\"fa fa-star\"><\/i>Unbegrenzte Nutzung des <strong><a style=\"color: blueviolet;\" href=\"\/de\/wellness\/\" target=\"_blank\" rel=\"noopener noreferrer\">Wellnessbereich<\/a><\/strong>\n<ul>\n<li>Normales Wasser <strong>Innenbecken<\/strong><\/li>\n<li>Eingebautes <strong>Massagebecken<\/strong> mit Erlebniselementen<\/li>\n<li>Pakistanische Salzziegel <strong>Salzkabine<\/strong><\/li>\n<li>Eingebaute t\u00fcrkische <strong>Aromadampfkabine<\/strong><\/li>\n<li><strong>Finnische Sauna mit Lichttherapie<\/strong><\/li>\n<li>Tropische <strong>Erlebnisdusche<\/strong><\/li>\n<li><strong>Tepidarium<\/strong><\/li>\n<li>Bereitstellung von Saunat\u00fcchern im Wellnessbereich<\/li>\n<li>Bademantel auf dem Zimmer ( bei Wechsel berechnen wir 600 HUF Reinigungsgeb\u00fchr )<\/li>\n<\/ul>\n<ul>\n<p class=\"text\"><strong><a style=\"color: blueviolet;\" href=\"\/de\/gallery\/sauna-salzkabine-dampfbad\" target=\"_blank\" rel=\"noopener noreferrer\">Sauna<\/a><\/strong>, <strong><a style=\"color: blueviolet;\" href=\"\/de\/gallery\/schwimmbecken\" target=\"_blank\" rel=\"noopener noreferrer\">Schwimmbecken<\/a><\/strong>, <strong><a style=\"color: blueviolet;\" href=\"\/de\/gallery\/massage\/\" target=\"_blank\" rel=\"noopener noreferrer\">Massage <\/a><\/strong> ansehen \u00bb<\/p>\n<\/ul>\n<\/li>\n<li><i class=\"fa fa-star\"><\/i><strong>Klimaanlage, <\/strong>Klimatisierung<\/li>\n<li><i class=\"fa fa-star\"><\/i>Unbegrenzter <strong>WI-FI-Zugang<\/strong> im gesamten Hotel<\/li>\n<li><i class=\"fa fa-star\"><\/i><strong>Zimmersafe<\/strong><\/li>\n<li><i class=\"fa fa-star\"><\/i><strong>Kostenloses Parken <\/strong><\/li>\n<\/ul>\n<\/div>\n<div id=\"room-amenities\">\n<h3>ANDERE ZUS\u00c4TZLICHE DIENSTLEISTUNGEN AUF ANFRAGE<\/h3>\n<ul>\n<li><i class=\"fa fa-star\"><\/i><strong><a style=\"color: blueviolet;\" href=\"\/de\/gallery\/massage\/\" target=\"_blank\" rel=\"noopener noreferrer\">Massagebehandlungen<\/a><\/strong>, f\u00fcr weitere Informationen besuchen Sie bitte unsere <strong><a style=\"color: blueviolet;\" href=\"\/de\/wellness\/\" target=\"_blank\" rel=\"noopener noreferrer\">Unterseite<\/a><\/strong> unten. Die angegebenen Massagepreise dienen nur zur Information. Bitte erkundigen Sie sich vor Inanspruchnahme der Dienstleistung bei unseren Mitarbeitern nach dem genauen Preis.<br \/>\n<ul><li><strong>Massage mit Heilung Creme<\/strong>: von zirka 20 \u20ac \/ Pers. \/ 25 min<\/li><li><strong>Relax<\/strong> Wellness-Massage: von zirka 20 \u20ac \/ Pers. \/ 25 min<\/li><li><strong>Tibetische Honigmassage<\/strong> Entgiftungsmassage: von zirka 20 \u20ac \/ Pers. \/ 25 min<\/li><li><strong>Revitalisierende <\/strong> Schokoladenmassage: von zirka 23 \u20ac \/ Pers. \/ 30 min<\/li><li><strong>Lavasteinmassage<\/strong> (Stone energy): von zirka 33 \u20ac \/ Pers. \/ 50 min<\/li><\/ul><\/li>\n<li><i class=\"fa fa-star\"><\/i>Zimmerausstattungen<\/strong><br \/>\n<ul><li><strong>T\u00f6rley Sekt<\/strong> (trocken, halbtrocken, s\u00fc\u00df): 13 \u20ac \/ Flasche<\/li><li><strong>Tiff\u00e1n\u2019s Weinkeller Roz\u00e9 Cuv\u00e9e<\/strong>: 10 \u20ac \/ Flasche<\/li><li><strong>Tiff\u00e1n\u2019s Weinkeller Portugieser<\/strong>: 10 \u20ac \/ Flasche<\/li><li><strong>Vylyan Weinkeller Montenuovo Cuv\u00e9e 2021<\/strong> : 16 \u20ac \/ Flasche<\/li><li><strong>Blume vorbereitung<\/strong>: Preis nach Zusammensetzung<\/li><li><strong>Obstsch\u00fcssel<\/strong> (Fr\u00fcchte der Saison f\u00fcr 2 Personen): 15 \u20ac \/ Sch\u00fcssel<\/li><\/ul><\/li>\n<p><li><i class=\"fa fa-star\"><\/i><strong>Vollpension<\/strong>: 15 \u20ac \/ Pers. \/ Tag<\/li><li><i class=\"fa fa-star\"><\/i><strong>Tortenbestellung<\/strong> (Schokolade, Quark mit Fr\u00fcchten, Oreo): 35 \u20ac \/ 8 St\u00fccke<\/li><li><i class=\"fa fa-star\"><\/i><strong>Anforderung einer speziellen Ern\u00e4hrung<\/strong> (zum Beispiel Gluten-, Laktose- oder andere Empfindlichkeiten): Individuelles Angebot entsprechend<\/li>\n<\/ul>\n<\/div>\n<div id=\"room-amenities\">\n<h3>FAMILIENFREUNDLICHE DIENSTLEISTUNGEN:<\/h3>\n<ul>\n<li><i class=\"fa fa-star\"><\/i>Kinder von <b>0-3 Jahren<\/b> \u00fcbernachten <b>kostenlos<\/b> (mindestens 1 Erwachsener pro Zimmer)<\/li>\n<li><i class=\"fa fa-star\"><\/i>Kostenloses Babybett mit Babyw\u00e4sche <sup>*<\/sup><\/li>\n<li><i class=\"fa fa-star\"><\/i>Wickelauflage, T\u00f6pfchen, Toilettensitzverkleinerer, Toilettenstufe <sup>*<\/sup><\/li>\n<li><i class=\"fa fa-star\"><\/i>Badewanne <sup>*<\/sup><\/li>\n<li><i class=\"fa fa-star\"><\/i>Kessel <sup>*<\/sup><\/li>\n<li><i class=\"fa fa-star\"><\/i>F\u00fctterungsstuhl <sup>*<\/sup><\/li>\n<li><i class=\"fa fa-star\"><\/i>Kindermen\u00fc auf Anfrage<\/li>\n<li><i class=\"fa fa-star\"><\/i>Kleiner Motor <sup>*<\/sup><\/li>\n<li><i class=\"fa fa-star\"><\/i>Ausmalen, Karten- und Brettspiele<\/li>\n<\/ul>\n<p><\/p>\n<p style=\"font-size: smaller\"><sup><strong>*<\/strong><\/sup> Der Service ist abh\u00e4ngig von der Verf\u00fcgbarkeit in unserem Hotel.<\/p>\n<\/div>\n<div><p>Das Paket kann f\u00fcr jeden Tag der Woche gebucht werden, au\u00dfer an besonderen Tagen oder Feiertagen. Die Preise enthalten die Mehrwertsteuer, aber die Preise <strong>enthalten nicht<\/strong> die Kurtaxe: 1.75 \u20ac \/ Person \/ Tag (\u00fcber 18 Jahre).<\/p><\/div><div id=\"packageblock\"><form class=\"group\" action=\"\/de\/angebotsanforderung\/\" method=\"post\"><input style=\"display: none;\" name=\"nights\" type=\"text\" value=\"2\" \/><input style=\"display: none;\" name=\"adults\" type=\"text\" value=\"2\" \/><input class=\"packagebtn\" name=\"send_to_form\" type=\"submit\" value=\"Nehmen Sie unser Sonderangebot an!\"><\/form>Wir beantworten Angebotsanfragen innerhalb einer Stunde zwischen 06:00 und 23:00 Uhr.<p style=\"font-size: var(--fontMedium); margin-top: 50px;\">Sie k\u00f6nnen uns auch unter der Nummer <span style=\"white-space: nowrap;\"><a style=\"color: blueviolet; font-weight: bold\" href=\"tel:+3672479399\">(+36 72) 479 399<\/a><\/span>  erreichen. Sie k\u00f6nnen uns auch von Ihrem Mobiltelefon aus anrufen, indem Sie die Nummer ber\u00fchren.<\/p><\/div><h3>Aktive Programmangebote rund um Hark\u00e1ny:<\/h3>\n<p style=\"text-align: left;\">Das <strong><a title=\"Hark\u00e1nyi-Heil- und Strandbad\" href=\"https:\/\/harkanyfurdo.hu\/de\/home\" target=\"_blank\" rel=\"noopener noreferrer\">Hark\u00e1nyi-Heil- und Strandbad<\/a><\/strong> mit einer einzigartigen Wasserzusammensetzung<\/p>\n<p>Die Begegnung von Tradition und Kunst: <strong><a title=\"P\u00e9cs Zsolnay Viertel\" href=\"https:\/\/www.zsolnaynegyed.hu\/\" target=\"_blank\" rel=\"noopener noreferrer\">P\u00e9cs Zsolnay Viertel<\/a><\/strong><\/p>\n<p>Historische Abenteuertour zur <strong><a title=\"Burg Sikl\u00f3s\" href=\"https:\/\/www.siklosivar.hu\/\" target=\"_blank\" rel=\"noopener noreferrer\">Burg Sikl\u00f3s<\/a>, <a title=\"Malkocs-Bey-Moschee\" href=\"https:\/\/hu.wikipedia.org\/wiki\/Malkocs_b%C3%A9g_dzs%C3%A1mija\" target=\"_blank\" rel=\"noopener noreferrer\">Malkocs-Bey-Moschee<\/a><\/strong><\/p>\n<p>Pilgerweg zur <a title=\"M\u00e1riagy\u0171d-Kirche\" href=\"https:\/\/www.mariagyud.hu\/\" target=\"_blank\" rel=\"noopener noreferrer\"><strong>M\u00e1riagy\u0171d-Kirche<\/strong><\/a><\/p>\n<p><strong><a title=\"Skulpturenpark Nagyhars\u00e1nyi\" href=\"https:\/\/www.ddnp.hu\/szoborpark\" target=\"_blank\" rel=\"noopener noreferrer\">Skulpturenpark Nagyhars\u00e1nyi<\/a><\/strong><\/p>\n<p><strong><a title=\"Vill\u00e1ny a bor v\u00e1rosa\" href=\"https:\/\/www.villany.hu\/\" target=\"_blank\" rel=\"noopener noreferrer\">Vill\u00e1ny t\u00f6rt\u00e9nelmi borvid\u00e9k<\/a><\/strong><\/p>\n<p><strong><a title=\"Drau-Kreuzfahrt\" href=\"https:\/\/setahajo.com\/\" target=\"_blank\" rel=\"noopener noreferrer\">Drau-Kreuzfahrt<\/a><\/strong><\/p>\n<p><strong><a title=\"Nationalpark Donau-Drau\" href=\"https:\/\/www.ddnp.hu\/tanosvenyek-a-drava-menten\" target=\"_blank\" rel=\"noopener noreferrer\">Fahrradtour zum Nationalpark Donau-Drau<\/a><\/strong><\/p>\n<p><a title=\"Besucherzentrum Alte Drau\" href=\"https:\/\/odlk.hu\/\" target=\"_blank\" rel=\"noopener noreferrer\"><strong>Besucherzentrum Alte Drau<\/strong><\/a><\/p>\n<p>Besuch des Mulberry-Landhauses &#8211; Szaporca<\/p>\n<\/p>\n","protected":false},"excerpt":{"rendered":"<p>Unsere Preise &#8211; Preisliste des Jahres Vor-und Nebensaison\u00a0( \/ ) Standard Einzelzimmer f\u00fcr 1 Person \/ 1 Pers. \/\u00a0Nacht Standard Doppelzimmer f\u00fcr\u00a02\u00a0Personen \/[&#8230;]<\/p>\n","protected":false},"author":1,"featured_media":0,"parent":0,"menu_order":0,"comment_status":"open","ping_status":"closed","template":"","meta":{"footnotes":""},"class_list":["post-365","page","type-page","status-publish","hentry"],"aioseo_notices":[],"_links":{"self":[{"href":"https:\/\/www.xavinhotelharkany.hu\/de\/wp-json\/wp\/v2\/pages\/365","targetHints":{"allow":["GET"]}}],"collection":[{"href":"https:\/\/www.xavinhotelharkany.hu\/de\/wp-json\/wp\/v2\/pages"}],"about":[{"href":"https:\/\/www.xavinhotelharkany.hu\/de\/wp-json\/wp\/v2\/types\/page"}],"author":[{"embeddable":true,"href":"https:\/\/www.xavinhotelharkany.hu\/de\/wp-json\/wp\/v2\/users\/1"}],"replies":[{"embeddable":true,"href":"https:\/\/www.xavinhotelharkany.hu\/de\/wp-json\/wp\/v2\/comments?post=365"}],"version-history":[{"count":23,"href":"https:\/\/www.xavinhotelharkany.hu\/de\/wp-json\/wp\/v2\/pages\/365\/revisions"}],"predecessor-version":[{"id":5868,"href":"https:\/\/www.xavinhotelharkany.hu\/de\/wp-json\/wp\/v2\/pages\/365\/revisions\/5868"}],"wp:attachment":[{"href":"https:\/\/www.xavinhotelharkany.hu\/de\/wp-json\/wp\/v2\/media?parent=365"}],"curies":[{"name":"wp","href":"https:\/\/api.w.org\/{rel}","templated":true}]}}