{"id":3762,"date":"2017-01-25T22:15:56","date_gmt":"2017-01-25T22:15:56","guid":{"rendered":"http:\/\/www.xavinhotelharkany.hu\/de\/?page_id=3762"},"modified":"2023-08-14T17:27:50","modified_gmt":"2023-08-14T17:27:50","slug":"sehenswuerdigkeiten-und-freizeit","status":"publish","type":"page","link":"https:\/\/www.xavinhotelharkany.hu\/de\/sehenswuerdigkeiten-und-freizeit\/","title":{"rendered":"Sehensw\u00fcrdigkeiten und Freizeit"},"content":{"rendered":"<h2>Sehensw\u00fcrdigkeiten und Freizeit &#8211; Rund um Hark\u00e1ny!<\/h2>\n<h3>Stadt P\u00e9cs<\/h3>\n<p>Die Kulturhauptstadt P\u00e9cs liegt nur einen Katzensprung von der europaweit bekannten Kurstadt Hark\u00e1ny entfernt. Die Hauptstadt von Baranya bietet vielf\u00e4ltige Ausstellungen und Freizeitaktivit\u00e4ten. Ohne Anspruch auf Vollst\u00e4ndigkeit empfehlen wir Folgendes.<\/p>\n<table class=\"szobak\">\n<tbody>\n<tr>\n<td><a href=\"\/wp-content\/uploads\/2015\/07\/pecs-11.jpg\" data-rel=\"prettyPhoto[3762]\"><img decoding=\"async\" class=\"alignnone wp-image-3555 size-full\" src=\"\/wp-content\/uploads\/2015\/07\/pecs-11.jpg\" alt=\"Stadt P\u00e9cs - Kathedrale von P\u00e9cs\" width=\"750\" height=\"498\" \/><\/a><\/td>\n<td><a href=\"\/wp-content\/uploads\/2015\/07\/pecs-2.jpg\" data-rel=\"prettyPhoto[3762]\"><img decoding=\"async\" class=\"alignnone wp-image-3556 size-full\" src=\"\/wp-content\/uploads\/2015\/07\/pecs-2.jpg\" alt=\"Stadt P\u00e9cs - Gazi Kasim Paschas Jamaiah\" width=\"750\" height=\"498\" \/><\/a><\/td>\n<\/tr>\n<\/tbody>\n<\/table>\n<h4>Kulturviertel Zsolnay<\/h4>\n<p>Die Mittelmeerstadt war im Jahr 2010 Kulturhauptstadt Europas und k\u00f6nnte man sagen, dass sie es immer noch ist. Unter den zahlreichen Sehensw\u00fcrdigkeiten der Stadt ragt das Zsolnay-Kulturviertel hervor, das im Jahr 2014 zum ungarischen Kulturerbe erkl\u00e4rt wurde. Hier lebte und arbeitete im 19. und 20. Jahrhundert die Familie Zsolnay, die f\u00fcr ihre Porzellanherstellung ber\u00fchmt war. Ihre weltbekannte Keramikfabrik ist der Ort, an dem das Zsolnay-Erbe auf einem wundersch\u00f6n restaurierten, 5 Hektar gro\u00dfen Gel\u00e4nde weiterlebt. Insgesamt 15 denkmalgesch\u00fctzte Geb\u00e4ude und 88 \u00f6ffentliche Zsolnay-Statuen schm\u00fccken die malerischen Parks und Promenaden. Jeder Quadratmeter des Viertels ist voller Attraktionen, ganz zu schweigen von gem\u00fctlichen Caf\u00e9s, Kunsthandwerksl\u00e4den und hochwertigen Restaurants.<\/p>\n<p>Neben der Bewahrung der Vergangenheit spielen auch die Gegenwart und zeitgen\u00f6ssische Kunst eine wichtige Rolle: Die P\u00e9cser Galerie m21 und der beliebte Konzertsaal E78 laden zu Unterhaltungsmusik und Theaterauff\u00fchrungen ein. In der Stra\u00dfe der Handwerksl\u00e4den k\u00f6nnen die Besucher aus einer Auswahl besonderer lokaler Produkte w\u00e4hlen. Auch f\u00fcr Kinder gibt es im Viertel zahlreiche Aktivit\u00e4ten, darunter Spielpl\u00e4tze im Freien, das Laboratorium &#8211; Interaktiver magischer Raum, das Planetarium, die Magische Stunde (spektakul\u00e4re physikalische Experimente), das B\u00f3bita-Puppentheater, die Keramikwerkstatt und die Herkules-Werkstatt.\u00a0<a href=\"\/wp-content\/uploads\/2015\/07\/Zsolnay-2.jpg\" data-rel=\"prettyPhoto[3762]\"><img decoding=\"async\" class=\"aligncenter wp-image-3563 size-full\" src=\"\/wp-content\/uploads\/2015\/07\/Zsolnay-2.jpg\" alt=\"OLYMPUS DIGITAL CAMERA\" width=\"758\" height=\"250\" \/><\/a><\/p>\n<h4>Zsolnay-Keramik-Ausstellung<\/h4>\n<p>Die Zsolnay-Keramiksammlung ist im \u00e4ltesten Haus von P\u00e9cs zu besichtigen, das bereits 1324 in schriftlichen Quellen erw\u00e4hnt wird. Die Ausstellung basiert auf dem Material des ehemaligen Fabrikmuseums und pr\u00e4sentiert die dekorativen Werke der Keramikfabrik in chronologischer Reihenfolge. Die Ausstellung wird von einem Gedenkraum mit dekorativen Gegenst\u00e4nden und Einrichtungsgegenst\u00e4nden der Familie Zsolnay begleitet.<\/p>\n<table class=\"szobak\">\n<tbody>\n<tr>\n<td><a href=\"\/wp-content\/uploads\/2015\/07\/zsolnay-3.jpg\" data-rel=\"prettyPhoto[3762]\"><img decoding=\"async\" class=\"alignnone wp-image-3566 size-full\" src=\"\/wp-content\/uploads\/2015\/07\/zsolnay-3.jpg\" alt=\"Kulturviertel Zsolnay - Eozin\" width=\"750\" height=\"480\" \/><\/a><\/td>\n<td><a href=\"\/wp-content\/uploads\/2015\/07\/Zsolnay-Ki\u00e1ll\u00edt\u00e1s.jpg\" data-rel=\"prettyPhoto[3762]\"><img decoding=\"async\" class=\"alignnone wp-image-3231 size-full\" src=\"\/wp-content\/uploads\/2015\/07\/Zsolnay-Ki\u00e1ll\u00edt\u00e1s.jpg\" alt=\"Kulturviertel Zsolnay - Ausstellung\" width=\"600\" height=\"480\" \/><\/a><\/td>\n<td><a href=\"\/wp-content\/uploads\/2015\/07\/zsolnay-4.jpg\" data-rel=\"prettyPhoto[3762]\"><img decoding=\"async\" class=\"alignnone wp-image-3567 size-full\" src=\"\/wp-content\/uploads\/2015\/07\/zsolnay-4.jpg\" alt=\"Kulturviertel Zsolnay\" width=\"480\" height=\"480\" \/><\/a><\/td>\n<\/tr>\n<\/tbody>\n<\/table>\n<h4>Kathedrale von P\u00e9cs<\/h4>\n<p>Die Urspr\u00fcnge der P\u00e9cser Kathedrale reichen bis in die Zeit des R\u00f6mischen Reiches zur\u00fcck. Die Grundmauern der heutigen Kirche wurden im 4. Jahrhundert gelegt und im 8. und 11. Jahrhundert nach Westen erweitert. Unter K\u00f6nig Stephan wurde die urspr\u00fcngliche Kirche in eine Basilika umgewandelt, indem das heutige Heiligtum \u00fcber ihr errichtet wurde, wahrscheinlich mit den beiden westlichen T\u00fcrmen. Im Mittelalter erhielt die Kirche zwei weitere T\u00fcrme und gotische Kapellen wurden errichtet. Im 19. Jahrhundert gestalteten Mih\u00e1ly Pollack und Friedrich von Schmidt das \u00c4u\u00dfere der Kirche. Die Innenfresken stammen von Bertalan Sz\u00e9kely und K\u00e1roly Lotz. Die Orgel ist die 100. Orgel von Angster. Im Jahr 1993 erhob der Papst die Kathedrale zur Basilica minor.<\/p>\n<table class=\"szobak\">\n<tbody>\n<tr>\n<td><a href=\"\/wp-content\/uploads\/2016\/03\/P\u00e9cs_sz\u00e9kesegyh\u00e1z.jpg\" data-rel=\"prettyPhoto[3762]\"><img decoding=\"async\" class=\"aligncenter wp-image-3611 size-large\" src=\"\/wp-content\/uploads\/2016\/03\/P\u00e9cs_sz\u00e9kesegyh\u00e1z-1024x768.jpg\" alt=\"Kathedrale von P\u00e9cs\" width=\"750\" height=\"562\" \/><\/a><\/td>\n<td><a href=\"\/wp-content\/uploads\/2015\/07\/bazilika-2.jpg\" data-rel=\"prettyPhoto[3762]\"><img decoding=\"async\" class=\"alignnone wp-image-3579\" src=\"\/wp-content\/uploads\/2015\/07\/bazilika-2.jpg\" alt=\"Kathedrale von P\u00e9cs\" width=\"750\" height=\"563\" \/><\/a><\/td>\n<\/tr>\n<\/tbody>\n<\/table>\n<h4>Fr\u00fchchristliche Gr\u00e4ber in P\u00e9cs<\/h4>\n<p><strong>(Besucherzentrum Cella Septichora)<\/strong> Die 1600 Jahre alten bemalten Gr\u00e4ber dienten haupts\u00e4chlich wohlhabenden Familien als Begr\u00e4bnisst\u00e4tte. Einige von ihnen sind bemalt und mit biblischen Szenen sowie fr\u00fchen christlichen Symbolen verziert, was zur Einzigartigkeit des Denkmals und seinem universellen kulturellen Wert beitr\u00e4gt. Der unterirdische Teil des zweiteiligen Bauwerks ist die Krypta, die eigentliche Grabkammer, in der die Verstorbenen in gemauerten Gr\u00e4bern oder seltener in Sarkophagen bestattet wurden. Dar\u00fcber wurde eine Ged\u00e4chtniskapelle errichtet.<\/p>\n<table class=\"szobak\">\n<tbody>\n<tr>\n<td><a href=\"\/wp-content\/uploads\/2015\/07\/sirk-1.jpg\" data-rel=\"prettyPhoto[3762]\"><img decoding=\"async\" class=\"alignnone wp-image-3582\" src=\"\/wp-content\/uploads\/2015\/07\/sirk-1.jpg\" alt=\"Fr\u00fchchristliche Gr\u00e4ber in P\u00e9cs\" width=\"800\" height=\"600\" \/><\/a><\/td>\n<td><a href=\"\/wp-content\/uploads\/2015\/07\/sirk-2.jpg\" data-rel=\"prettyPhoto[3762]\"><img decoding=\"async\" class=\"alignnone wp-image-3581 size-full\" src=\"\/wp-content\/uploads\/2015\/07\/sirk-2.jpg\" alt=\"Fr\u00fchchristliche Gr\u00e4ber in P\u00e9cs\" width=\"800\" height=\"600\" \/><\/a><\/td>\n<\/tr>\n<\/tbody>\n<\/table>\n<h4>Vasarely-Museum<\/h4>\n<p>Victor Vasarely wurde 1908 in P\u00e9cs geboren und lebte von 1930 bis zu seinem Tod im Jahr 1997 in Frankreich. Er schenkte dem Museum in P\u00e9cs 1968 erstmals eine Sammlung von Serigrafien. Die Ausstellung verfolgt die Entwicklung der Op-Art von dekorativen Textilien \u00fcber die weltber\u00fchmten Zebra-Versionen von 1938 bis hin zur allm\u00e4hlichen Abstraktion der organischen oder konstruktiven visuellen Erfahrung sowie den geometrischen, schwarz-wei\u00dfen konstruktiven Werken.<\/p>\n<table class=\"szobak\">\n<tbody>\n<tr>\n<td><a href=\"\/wp-content\/uploads\/2015\/07\/vasa-1.jpg\" data-rel=\"prettyPhoto[3762]\"><img decoding=\"async\" class=\"alignnone wp-image-3571 size-full\" src=\"\/wp-content\/uploads\/2015\/07\/vasa-1.jpg\" alt=\"Vasarely-Museum Ausstellung\" width=\"600\" height=\"600\" \/><\/a><\/td>\n<td><a href=\"\/wp-content\/uploads\/2015\/07\/Vasarely-M\u00fazeum.jpg\" data-rel=\"prettyPhoto[3762]\"><img decoding=\"async\" class=\"alignnone wp-image-3235 size-full\" src=\"\/wp-content\/uploads\/2015\/07\/Vasarely-M\u00fazeum.jpg\" alt=\"Vasarely-Museum Ausstellung\" width=\"600\" height=\"600\" \/><\/a><\/td>\n<\/tr>\n<\/tbody>\n<\/table>\n<h4>Csontv\u00e1ry-Museum<\/h4>\n<p>In dem um die Jahrhundertwende errichteten Neorenaissance-Geb\u00e4ude wurde 1973 eine Ausstellung \u00fcber den einsamen Giganten der ungarischen Malerei, Tivadar Csontv\u00e1ry Kosztka (1853-1919), er\u00f6ffnet. In den anderthalb Jahrzehnten seines Schaffens, die kaum mehr als hundert Werke umfassten, war der K\u00fcnstler, der urspr\u00fcnglich Apotheker war, einer der wichtigsten Vertreter der modernen Malerei. Sein bekanntestes Werk, Die einsame Zeder, ist hier zu sehen.<\/p>\n<table class=\"szobak\">\n<tbody>\n<tr>\n<td><a href=\"\/wp-content\/uploads\/2015\/07\/Mag\u00e1nyos-c\u00e9drus.jpg\" data-rel=\"prettyPhoto[3762]\"><img decoding=\"async\" class=\"alignnone wp-image-3252 size-full\" src=\"\/wp-content\/uploads\/2015\/07\/Mag\u00e1nyos-c\u00e9drus.jpg\" alt=\"Csontv\u00e1ry-Museum, Einsame Zeder\" width=\"600\" height=\"480\" \/><\/a><\/td>\n<td><a href=\"\/wp-content\/uploads\/2015\/07\/csontv-1.jpg\" data-rel=\"prettyPhoto[3762]\"><img decoding=\"async\" class=\"alignnone wp-image-3589 size-full\" src=\"\/wp-content\/uploads\/2015\/07\/csontv-1.jpg\" alt=\"Csontv\u00e1ry-Museum Ausstellung\" width=\"900\" height=\"480\" \/><\/a><\/td>\n<\/tr>\n<\/tbody>\n<\/table>\n<h4>Aquarium und Terrarium<\/h4>\n<p>Ein Teil der Sammlung ist in einem mittelalterlichen Kellersystem untergebracht. Oberhalb des Aquarium-Terrariums, das besondere lokale Merkmale aufweist, kann man den Hof der Tiergehege und das Nachthaus sehen.<\/p>\n<table class=\"szobak\">\n<tbody>\n<tr>\n<td><a href=\"\/wp-content\/uploads\/2015\/07\/P\u00e9csi-Akv\u00e1rium-\u00e9s-Terr\u00e1rium.jpg\" data-rel=\"prettyPhoto[3762]\"><img decoding=\"async\" class=\"alignnone wp-image-3242 size-full\" src=\"\/wp-content\/uploads\/2015\/07\/P\u00e9csi-Akv\u00e1rium-\u00e9s-Terr\u00e1rium.jpg\" alt=\"Aquarium und Terrarium von innen\" width=\"650\" height=\"433\" \/><\/a><\/td>\n<td><a href=\"\/wp-content\/uploads\/2015\/07\/akvar-1.jpg\" data-rel=\"prettyPhoto[3762]\"><img decoding=\"async\" class=\"alignnone wp-image-3591 size-full\" src=\"\/wp-content\/uploads\/2015\/07\/akvar-1.jpg\" alt=\"Aquarium und Terrarium\" width=\"650\" height=\"433\" \/><\/a><\/td>\n<\/tr>\n<\/tbody>\n<\/table>\n<h4>Zoo P\u00e9cs<\/h4>\n<p>Eines der Wahrzeichen von P\u00e9cs &#8211; der 176 m hohe Fernsehturm &#8211; beherbergt den Zoo von P\u00e9cs, der sich im Schatten der B\u00e4ume verbirgt. Der Zoo wurde 1960 mit Unterst\u00fctzung der lokalen Bev\u00f6lkerung gegr\u00fcndet und dieses Erbe ist auch heute noch im Garten sp\u00fcrbar.<\/p>\n<table class=\"szobak\">\n<tbody>\n<tr>\n<td><a href=\"\/wp-content\/uploads\/2015\/07\/allatkert-1.jpg\" data-rel=\"prettyPhoto[3762]\"><img decoding=\"async\" class=\"alignnone wp-image-3592 size-full\" src=\"\/wp-content\/uploads\/2015\/07\/allatkert-1.jpg\" alt=\"Zoo P\u00e9cs - viele tiere\" width=\"600\" height=\"450\" \/><\/a><\/td>\n<td><a href=\"\/wp-content\/uploads\/2015\/07\/P\u00e9csi-\u00c1llatkert.jpg\" data-rel=\"prettyPhoto[3762]\"><img decoding=\"async\" class=\"alignnone wp-image-3244 size-full\" src=\"\/wp-content\/uploads\/2015\/07\/P\u00e9csi-\u00c1llatkert.jpg\" alt=\"Ein Bewohner des P\u00e9cser Zoos\" width=\"600\" height=\"450\" \/><\/a><\/td>\n<\/tr>\n<\/tbody>\n<\/table>\n<h4>TV &#8211; Turm, Aussichtsturm<\/h4>\n<p>Der Fernseh- und Aussichtsturm in P\u00e9cs ist das h\u00f6chste Geb\u00e4ude Ungarns mit einer H\u00f6he von 197 Metern. Er steht auf dem 535 Meter hohen Misina-Gipfel im Mecsek-Gebirge. Ein schneller Aufzug bringt Sie zur gl\u00e4sernen Espressobar. Das Restaurant befindet sich 72 Meter \u00fcber dem Boden, der offene runde Aussichtspunkt dar\u00fcber ist 80 Meter hoch und erm\u00f6glicht einen Ausblick auf den Misina-Gipfel in 615 Metern H\u00f6he. Auch bei bew\u00f6lktem Wetter lohnt es sich hinaufzugehen, denn selbst wenn die Wolken die Stadt bedecken, ist der Blick aus den Wolken ein wundersch\u00f6nes und ungest\u00f6rtes Erlebnis.<\/p>\n<table class=\"szobak\">\n<tbody>\n<tr>\n<td><img decoding=\"async\" class=\"alignnone wp-image-3245 size-full\" src=\"\/wp-content\/uploads\/2015\/07\/P\u00e9csi-TV-torony.jpg\" alt=\"A p\u00e9csi TV-torony mad\u00e1rt\u00e1vlatb\u00f3l\" width=\"800\" height=\"500\" \/><\/td>\n<td><a href=\"\/wp-content\/uploads\/2015\/07\/tv-torony.jpg\" data-rel=\"prettyPhoto[3762]\"><img decoding=\"async\" class=\"alignnone wp-image-3596 size-full\" src=\"\/wp-content\/uploads\/2015\/07\/tv-torony.jpg\" alt=\"TV - Turm, Aussichtsturm\" width=\"800\" height=\"500\" \/><\/a><\/td>\n<\/tr>\n<\/tbody>\n<\/table>\n<h4>Gazi Kasim Paschas Jamaiah<\/h4>\n<p>Die mittelalterliche Pfarrkirche St. Bartholom\u00e4us, im gotischen Stil erbaut, fungierte w\u00e4hrend der T\u00fcrkenherrschaft als Moschee f\u00fcr den Pascha von Gaza, Qasim Pascha. Die Moschee, heute eine katholische Kirche, wurde 1939 in ihrer aktuellen Form wiederaufgebaut.<\/p>\n<table class=\"szobak\">\n<tbody>\n<tr>\n<td><a href=\"\/wp-content\/uploads\/2015\/07\/G\u00e1zi-K\u00e1szim-Pasa-Dzs\u00e1mija.jpg\" data-rel=\"prettyPhoto[3762]\"><img decoding=\"async\" class=\"alignnone wp-image-3249 size-full\" src=\"\/wp-content\/uploads\/2015\/07\/G\u00e1zi-K\u00e1szim-Pasa-Dzs\u00e1mija.jpg\" alt=\"Gazi Kasim Paschas Jamaiah, Sz\u00e9chenyi Istv\u00e1n - Platz\" width=\"750\" height=\"500\" \/><\/a><\/td>\n<td><a href=\"\/wp-content\/uploads\/2015\/07\/dzs-2.jpg\" data-rel=\"prettyPhoto[3762]\"><img decoding=\"async\" class=\"alignnone wp-image-3599 size-full\" src=\"\/wp-content\/uploads\/2015\/07\/dzs-2.jpg\" alt=\"Gazi Kasim Paschas Jamaiah beim Nacht\" width=\"750\" height=\"500\" \/><\/a><\/td>\n<\/tr>\n<\/tbody>\n<\/table>\n<h4>Mecsextr\u00e9m Park<\/h4>\n<p>Nur einen Katzensprung von P\u00e9cs entfernt, in einer sauberen Umgebung frei vom Stadtl\u00e4rm, im wundersch\u00f6nen Mecsek-Wald, befindet sich der Mecsextr\u00e9m-Park \u2013 einer der gr\u00f6\u00dften Abenteuerparks Ungarns. Dieser riesige &#8222;Waldspielplatz&#8220; bietet ein einzigartiges Erlebnis f\u00fcr Kinder und Erwachsene gleicherma\u00dfen.<\/p>\n<div id=\"attachment_3266\" style=\"width: 760px\" class=\"wp-caption aligncenter\"><a href=\"\/wp-content\/uploads\/2015\/07\/Mecsextr\u00e9m-Park.jpg\" data-rel=\"prettyPhoto[3762]\"><img decoding=\"async\" aria-describedby=\"caption-attachment-3266\" class=\"wp-image-3266\" src=\"\/wp-content\/uploads\/2015\/07\/Mecsextr\u00e9m-Park.jpg\" alt=\"Mecsextr\u00e9m Park - extreme Erfahrungen mit der Familien\" width=\"750\" height=\"502\" \/><\/a><p id=\"caption-attachment-3266\" class=\"wp-caption-text\">Alpine Seilbahn im Mecsextr\u00e9m-Park<\/p><\/div>\n<h2>Burg Sikl\u00f3s<\/h2>\n<p style=\"text-align: justify;\">Die Burg Sikl\u00f3s, ein bedeutendes historisches Wahrzeichen unseres Landes, thront auf einem kleinen H\u00fcgel am Fu\u00dfe des Vill\u00e1nyi-Gebirges.<\/p>\n<p style=\"text-align: justify;\">Die Besucher der Burg k\u00f6nnen mehrere Dauerausstellungen besichtigen. Eine davon ist das Tenkes-Panoptikum, das die Hauptfiguren der weltber\u00fchmten Fernsehserie &#8222;Captain Tenkes&#8220; pr\u00e4sentiert.<\/p>\n<div id=\"attachment_3214\" style=\"width: 760px\" class=\"wp-caption aligncenter\"><a href=\"\/wp-content\/uploads\/2015\/07\/Tenkes-panoptikum-ki\u00e1ll\u00edt\u00e1s.jpg\" data-rel=\"prettyPhoto[3762]\"><img decoding=\"async\" aria-describedby=\"caption-attachment-3214\" class=\"wp-image-3214 size-large\" src=\"\/wp-content\/uploads\/2015\/07\/Tenkes-panoptikum-ki\u00e1ll\u00edt\u00e1s-1024x768.jpg\" alt=\"Burg Sikl\u00f3s\" width=\"750\" height=\"562\" \/><\/a><p id=\"caption-attachment-3214\" class=\"wp-caption-text\">Tenkes Panoptikum in der Burg von Sikl\u00f3s<\/p><\/div>\n<h3>Besucherzentrum an der Alten Drau<\/h3>\n<p style=\"text-align: justify;\">Die Ausstellung pr\u00e4sentiert die W\u00e4lder und Gew\u00e4sser des Orm\u00e1ns\u00e1g, die einst die Hauptversorger f\u00fcr die hier lebenden Menschen waren. Mit einem Guide k\u00f6nnen Sie auf dem traditionellen Bauernpfad spazieren gehen, an Kr\u00e4utern riechen, Imkereiger\u00e4te ausprobieren und interessante Geheimnisse \u00fcber Weidewirtschaft und Tierhaltung erfahren.<br \/>\nAuf dem Hof k\u00f6nnen Sie T\u00f3dor die Ziege, Jonas den Esel, Balamb\u00e9r das Huckle-Pferd und Kormos den Stier kennenlernen, zusammen mit vielen anderen Gef\u00e4hrten. W\u00e4hrend Ihnen ein Guide die f\u00fcr die Tierhaltung ben\u00f6tigten Werkzeuge zeigt, wird die l\u00e4ndliche Atmosph\u00e4re durch das Bl\u00f6ken der L\u00e4mmer, das Kr\u00e4hen der H\u00e4hne und das Br\u00fcllen der K\u00fche vervollst\u00e4ndigt.\n<\/p>\n<div id=\"attachment_3221\" style=\"width: 760px\" class=\"wp-caption aligncenter\"><a href=\"\/wp-content\/uploads\/2015\/07\/\u0150s-Dr\u00e1va-L\u00e1togat\u00f3k\u00f6zpont.jpg\" data-rel=\"prettyPhoto[3762]\"><img decoding=\"async\" aria-describedby=\"caption-attachment-3221\" class=\"wp-image-3221 size-large\" src=\"\/wp-content\/uploads\/2015\/07\/\u0150s-Dr\u00e1va-L\u00e1togat\u00f3k\u00f6zpont-1024x680.jpg\" alt=\"Besucherzentrum an der Alten Drau\" width=\"750\" height=\"498\" \/><\/a><p id=\"caption-attachment-3221\" class=\"wp-caption-text\">Radfahrer im Besucherzentrum an der Alten Drau<\/p><\/div>\n<h3>Kreuzfahrt auf der Drau<\/h3>\n<p style=\"text-align: justify;\">Dr\u00e1vaszabolcs liegt nur wenige Autominuten von Hark\u00e1ny entfernt und dient als Ausgangspunkt f\u00fcr Flusskreuzfahrten. Es besteht die M\u00f6glichkeit, eine Kreuzfahrt mit Mahlzeiten oder sogar Weinverkostung zu unternehmen, sowie Schatzsuchen f\u00fcr Kinder zu organisieren.<\/p>\n<div id=\"attachment_3226\" style=\"width: 760px\" class=\"wp-caption aligncenter\"><a href=\"\/wp-content\/uploads\/2015\/07\/S\u00e9tahaj\u00f3z\u00e1s-a-Dr\u00e1v\u00e1n-e1437151398167.jpg\" data-rel=\"prettyPhoto[3762]\"><img decoding=\"async\" aria-describedby=\"caption-attachment-3226\" class=\"wp-image-3226 size-full\" src=\"\/wp-content\/uploads\/2015\/07\/S\u00e9tahaj\u00f3z\u00e1s-a-Dr\u00e1v\u00e1n-e1437151398167.jpg\" alt=\"Kreuzfahrt auf der Drau\" width=\"750\" height=\"498\" \/><\/a><p id=\"caption-attachment-3226\" class=\"wp-caption-text\">Kreuzfahrt auf der Drau<\/p><\/div>\n<h3>Nagyhars\u00e1ny &#8211; Skulpturenpark<\/h3>\n<p style=\"text-align: justify;\">Die Geschichte des Nagyhars\u00e1ny-Skulpturenparks reicht bis ins Jahr 1967 zur\u00fcck. Damals wurde auf Initiative junger K\u00fcnstler aus P\u00e9cs das erste Steinbildhauersymposium im ehemaligen Steinbruch von Sz\u00e1rsomly\u00f3 abgehalten.<\/p>\n<p style=\"text-align: justify;\">Die aus Steinen der Umgebung gefertigten Werke, geschaffen in einem m\u00f6glichst gro\u00dfen Atelier unter freiem Himmel, werden im Skulpturenpark fast lebendig. Der verlassene Steinbruch wird zu einer wahren Heimat f\u00fcr die Kunstwerke. Die meisten der fast 130 Skulpturen sind ungegenst\u00e4ndlich: einsame Bl\u00f6cke, verdrehte S\u00e4ulen, seltsame Idole, Steine, die wie Spielzeug von Riesen wirken. Einige sind von den Besuchern benannt, wie die Venus von Vill\u00e1ny, das Ei des Kolumbus oder das Ged\u00e4chtnis.<\/p>\n<div id=\"attachment_3257\" style=\"width: 760px\" class=\"wp-caption aligncenter\"><a href=\"\/wp-content\/uploads\/2015\/07\/Nagyhars\u00e1nyi-Szoborpark.jpg\" data-rel=\"prettyPhoto[3762]\"><img decoding=\"async\" aria-describedby=\"caption-attachment-3257\" class=\"wp-image-3257\" src=\"\/wp-content\/uploads\/2015\/07\/Nagyhars\u00e1nyi-Szoborpark.jpg\" alt=\"Nagyhars\u00e1ny - Skulpturenpark\" width=\"750\" height=\"438\" \/><\/a><p id=\"caption-attachment-3257\" class=\"wp-caption-text\">Nagyhars\u00e1ny &#8211; Skulpturenpark<\/p><\/div>\n<h3>Vill\u00e1ny<\/h3>\n<p style=\"text-align: justify;\">Im Jahr 1987 wurde Vill\u00e1ny von einer internationalen Jury der Titel &#8222;Stadt des Weins und der Rebe&#8220; verliehen. Etwa 200 Familien in der Stadt sind auf verschiedene Weise in der Weinvermarktung t\u00e4tig. In Vill\u00e1ny gibt es au\u00dferdem ein Weinmuseum, das schriftliche und artefaktische Zeugnisse des Weinbaus aus dem 13. Jahrhundert beherbergt.<\/p>\n<div style=\"width: 760px\" class=\"wp-caption aligncenter\"><a href=\"\/wp-content\/uploads\/2015\/07\/Pincesor-Vill\u00e1ny.jpg\" data-rel=\"prettyPhoto[3762]\"><img decoding=\"async\" src=\"\/wp-content\/uploads\/2015\/07\/Pincesor-Vill\u00e1ny.jpg\" alt=\"Kellerreihe Vill\u00e1ny\" width=\"750\" height=\"502\" \/><\/a><p class=\"wp-caption-text\">Kellerreihe Vill\u00e1ny<\/p><\/div>\n","protected":false},"excerpt":{"rendered":"<p>Sehensw\u00fcrdigkeiten und Freizeit &#8211; Rund um Hark\u00e1ny! Stadt P\u00e9cs Die Kulturhauptstadt P\u00e9cs liegt nur einen Katzensprung von der europaweit bekannten Kurstadt Hark\u00e1ny entfernt.[&#8230;]<\/p>\n","protected":false},"author":1,"featured_media":3351,"parent":0,"menu_order":0,"comment_status":"closed","ping_status":"open","template":"","meta":{"footnotes":""},"class_list":["post-3762","page","type-page","status-publish","has-post-thumbnail","hentry"],"aioseo_notices":[],"_links":{"self":[{"href":"https:\/\/www.xavinhotelharkany.hu\/de\/wp-json\/wp\/v2\/pages\/3762","targetHints":{"allow":["GET"]}}],"collection":[{"href":"https:\/\/www.xavinhotelharkany.hu\/de\/wp-json\/wp\/v2\/pages"}],"about":[{"href":"https:\/\/www.xavinhotelharkany.hu\/de\/wp-json\/wp\/v2\/types\/page"}],"author":[{"embeddable":true,"href":"https:\/\/www.xavinhotelharkany.hu\/de\/wp-json\/wp\/v2\/users\/1"}],"replies":[{"embeddable":true,"href":"https:\/\/www.xavinhotelharkany.hu\/de\/wp-json\/wp\/v2\/comments?post=3762"}],"version-history":[{"count":5,"href":"https:\/\/www.xavinhotelharkany.hu\/de\/wp-json\/wp\/v2\/pages\/3762\/revisions"}],"predecessor-version":[{"id":5567,"href":"https:\/\/www.xavinhotelharkany.hu\/de\/wp-json\/wp\/v2\/pages\/3762\/revisions\/5567"}],"wp:featuredmedia":[{"embeddable":true,"href":"https:\/\/www.xavinhotelharkany.hu\/de\/wp-json\/wp\/v2\/media\/3351"}],"wp:attachment":[{"href":"https:\/\/www.xavinhotelharkany.hu\/de\/wp-json\/wp\/v2\/media?parent=3762"}],"curies":[{"name":"wp","href":"https:\/\/api.w.org\/{rel}","templated":true}]}}