{"id":3810,"date":"2018-03-09T08:29:15","date_gmt":"2018-03-09T08:29:15","guid":{"rendered":"http:\/\/www.xavinhotelharkany.hu\/de\/?page_id=3810"},"modified":"2023-08-14T17:32:47","modified_gmt":"2023-08-14T17:32:47","slug":"unsere-zimmer","status":"publish","type":"page","link":"https:\/\/www.xavinhotelharkany.hu\/de\/unsere-zimmer\/","title":{"rendered":"Unsere Zimmer"},"content":{"rendered":"<p>Von den 34 Zimmern in unserem Hotel wurden 22 im Jahr 2012 und 12 im Jahr 2014 komplett renoviert. Wir bieten eine Familiensuite sowie mehrere Doppel-, Zweibett- und Zusatzbettzimmer, alle mit Balkon oder Terrasse.<\/p>\n<p>Unsere Zimmer sind komfortabel und barrierefrei gestaltet, mit einem Aufzug und barrierefreien Wegen, um den heutigen Anforderungen gerecht zu werden. Der WIFI-Internetzugang ist im Hotel verf\u00fcgbar und f\u00fcr unsere G\u00e4ste kostenlos.<\/p>\n<p>Der Zugang zu den Zimmert\u00fcren erfolgt \u00fcber Ber\u00fchrungskarten, rutschfeste Oberfl\u00e4chen und ger\u00e4umige Schlie\u00dff\u00e4cher bieten unseren G\u00e4sten h\u00f6chsten Komfort.<\/p>\n","protected":false},"excerpt":{"rendered":"<p>Von den 34 Zimmern in unserem Hotel wurden 22 im Jahr 2012 und 12 im Jahr 2014 komplett renoviert. Wir bieten eine Familiensuite[&#8230;]<\/p>\n","protected":false},"author":1,"featured_media":0,"parent":0,"menu_order":0,"comment_status":"closed","ping_status":"closed","template":"template-listaaras-szobak.php","meta":{"footnotes":""},"class_list":["post-3810","page","type-page","status-publish","hentry"],"aioseo_notices":[],"_links":{"self":[{"href":"https:\/\/www.xavinhotelharkany.hu\/de\/wp-json\/wp\/v2\/pages\/3810","targetHints":{"allow":["GET"]}}],"collection":[{"href":"https:\/\/www.xavinhotelharkany.hu\/de\/wp-json\/wp\/v2\/pages"}],"about":[{"href":"https:\/\/www.xavinhotelharkany.hu\/de\/wp-json\/wp\/v2\/types\/page"}],"author":[{"embeddable":true,"href":"https:\/\/www.xavinhotelharkany.hu\/de\/wp-json\/wp\/v2\/users\/1"}],"replies":[{"embeddable":true,"href":"https:\/\/www.xavinhotelharkany.hu\/de\/wp-json\/wp\/v2\/comments?post=3810"}],"version-history":[{"count":6,"href":"https:\/\/www.xavinhotelharkany.hu\/de\/wp-json\/wp\/v2\/pages\/3810\/revisions"}],"predecessor-version":[{"id":5573,"href":"https:\/\/www.xavinhotelharkany.hu\/de\/wp-json\/wp\/v2\/pages\/3810\/revisions\/5573"}],"wp:attachment":[{"href":"https:\/\/www.xavinhotelharkany.hu\/de\/wp-json\/wp\/v2\/media?parent=3810"}],"curies":[{"name":"wp","href":"https:\/\/api.w.org\/{rel}","templated":true}]}}