{"id":7221,"date":"2026-03-02T13:57:04","date_gmt":"2026-03-02T13:57:04","guid":{"rendered":"https:\/\/www.xavinhotelharkany.hu\/de\/?page_id=7221"},"modified":"2026-03-02T13:58:13","modified_gmt":"2026-03-02T13:58:13","slug":"cookie-richtlinie","status":"publish","type":"page","link":"https:\/\/www.xavinhotelharkany.hu\/de\/cookie-richtlinie\/","title":{"rendered":"Cookie Richtlinie"},"content":{"rendered":"<h2>Richtlinie zur Verwendung von \u201eCookies\u201c<\/h2>\n<p>Diese Richtlinie gilt f\u00fcr die \u201eCookies\u201c der Domain-Website. Wir verwenden \u201eCookies\u201c auf unserer Website. Dies sind Dateien, die Informationen in Ihrem Webbrowser speichern. Hierf\u00fcr ist Ihre Zustimmung erforderlich. Wir verwenden \u201eCookies\u201c in \u00dcbereinstimmung mit dem Gesetz C von 2003 \u00fcber die elektronische Kommunikation, dem Gesetz CVIII von 2001 \u00fcber bestimmte Aspekte des elektronischen Gesch\u00e4ftsverkehrs und der Dienste der Informationsgesellschaft sowie den Vorschriften der Europ\u00e4ischen Union. Websites, die innerhalb der L\u00e4nder der Europ\u00e4ischen Union betrieben werden, m\u00fcssen die Zustimmung der Nutzer einholen, um \u201eCookies\u201c zu verwenden und auf dem Computer oder einem anderen Ger\u00e4t des Nutzers zu speichern.<\/p>\n<p>Die hier dargelegten Richtlinien gelten f\u00fcr die folgende Domain: <a href=\"\/\">www.xavinhotelharkany.hu\/de<\/a><\/p>\n<h3>Was sind \u201eCookies\u201c?<\/h3>\n<p>\u201eCookies\u201c sind kleine Dateien, die Buchstaben und Zahlen enthalten. Das \u201eCookie\u201c ist ein Mittel zum Informationsaustausch zwischen dem Webserver und dem Browser des Nutzers. Diese Datendateien sind nicht ausf\u00fchrbar, enthalten keine Spyware oder Viren und k\u00f6nnen nicht auf den Inhalt der Festplatte des Nutzers zugreifen. \u201eCookies\u201c sind keine Viren und keine Spyware. Da es sich um einfache Textdateien handelt, k\u00f6nnen sie nicht ausgef\u00fchrt werden und gelten daher nicht als Programme.<\/p>\n<p>Es kann jedoch vorkommen, dass Informationen mit anderen Absichten (b\u00f6swillig) in einem \u201eCookie\u201c versteckt werden, sodass sie als Spyware fungieren k\u00f6nnen. Aus diesem Grund k\u00f6nnen Antiviren- und Anti-Spyware-Programme \u201eCookies\u201c kontinuierlich zum L\u00f6schen markieren. Da das zum Surfen im Internet verwendete Ger\u00e4t und die Webserver kontinuierlich kommunizieren, also Daten hin und her senden, kann ein Angreifer (Hacker), wenn er in den Prozess eingreift, die durch die \u201eCookies\u201c gespeicherten Informationen extrahieren.<\/p>\n<p>Ein Grund daf\u00fcr k\u00f6nnte beispielsweise eine unzureichend verschl\u00fcsselte Internetverbindung (WLAN) sein. Durch Ausnutzung dieser L\u00fccke k\u00f6nnen Daten aus den \u201eCookies\u201c extrahiert werden.<\/p>\n<h3>Wof\u00fcr k\u00f6nnen \u201eCookies\u201c verwendet werden?<\/h3>\n<p>Mithilfe der von \u201eCookies\u201c gesendeten Informationen lassen sich Internetnutzer leichter erkennen, sodass die Nutzer relevante und \u201epersonalisierte\u201c Inhalte erhalten. Cookies machen das Surfen bequemer, was die Anforderungen an die Online-Datensicherheit und relevante Werbung einschlie\u00dft. Mithilfe von \u201eCookies\u201c k\u00f6nnen Website-Betreiber auch anonyme Statistiken \u00fcber die Gewohnheiten der Website-Besucher erstellen. Durch deren Nutzung k\u00f6nnen die Herausgeber der Seite das Erscheinungsbild und den Inhalt der Seite noch besser personalisieren.<\/p>\n<h3>Welchen Arten von \u201eCookies\u201c k\u00f6nnen Sie begegnen?<\/h3>\n<p>Websites k\u00f6nnen zwei Arten von Cookies verwenden:<\/p>\n<ul>\n<li>Tempor\u00e4re \u201eCookies\u201c, die auf Ihrem Ger\u00e4t verbleiben, bis Sie die Website verlassen.<\/li>\n<li>Permanente \u201eCookies\u201c, die je nach den Einstellungen Ihres Webbrowsers f\u00fcr eine l\u00e4ngere Zeit oder so lange auf Ihrem Ger\u00e4t verbleiben, bis Sie sie l\u00f6schen.<\/li>\n<li>\u201eCookies\u201c von Drittanbietern, die von einem Dritten in Ihrem Browser platziert werden (z. B. Google Analytics). Diese werden in Ihrem Browser platziert, wenn die besuchte Website die von dem Dritten bereitgestellten Dienste nutzt.<\/li>\n<\/ul>\n<h3>Unbedingt erforderliche Sitzungs-\u201eCookies\u201c (Session-ID):<\/h3>\n<p>Deren Verwendung ist f\u00fcr die Navigation auf der Website und die Funktion der Website-Funktionen unerl\u00e4sslich. Ohne deren Akzeptanz kann die Website oder einige ihrer Teile nicht oder fehlerhaft angezeigt werden.<\/p>\n<div class=\"pressidium-cookie-consent-cookies\"><table data-cookie-category=\"necessary\"><thead><tr><th>Name<\/th><th>Domain<\/th><th>Ablauf<\/th><th>Pfad<\/th><th>Beschreibung<\/th><\/tr><\/thead><tbody><tr><td data-column=\"name\"><p>_cfuvid<\/p>\n<\/td><td data-column=\"domain\"><p>.challenges.cloudflare.com<\/p>\n<\/td><td data-column=\"expiration\"><p>Sitzung<\/p>\n<\/td><td data-column=\"path\"><p>\/<\/p>\n<\/td><td data-column=\"description\"><p>Dient Sicherheits- und Ratenbegrenzungszwecken, um DDoS-Angriffe zu verhindern (Cloudflare).<\/p>\n<\/td><\/tr><tr><td data-column=\"name\"><p>_lscache_vary<\/p>\n<\/td><td data-column=\"domain\"><p>www.xavinhotelharkany.hu\/en<\/p>\n<\/td><td data-column=\"expiration\"><p>2 Tage<\/p>\n<\/td><td data-column=\"path\"><p>\/<\/p>\n<\/td><td data-column=\"description\"><p>Verantwortlich f\u00fcr das reibungslose Funktionieren des serverseitigen Caching, damit die Website f\u00fcr Besucher schneller geladen wird (Litespeed Cache).<\/p>\n<\/td><\/tr><tr><td data-column=\"name\"><p>PHPSESSID<\/p>\n<\/td><td data-column=\"domain\"><p>www.xavinhotelharkany.hu\/en<\/p>\n<\/td><td data-column=\"expiration\"><p>Sitzung<\/p>\n<\/td><td data-column=\"path\"><p>\/<\/p>\n<\/td><td data-column=\"description\"><p>Wird verwendet, um den Status der Benutzersitzung \u00fcber Seitenanfragen hinweg aufrechtzuerhalten (PHP).<\/p>\n<\/td><\/tr><tr><td data-column=\"name\"><p>pressidium_cookie_consent<\/p>\n<\/td><td data-column=\"domain\"><p>.www.xavinhotelharkany.hu\/en<\/p>\n<\/td><td data-column=\"expiration\"><p>1 Jahr<\/p>\n<\/td><td data-column=\"path\"><p>\/<\/p>\n<\/td><td data-column=\"description\"><p>Das Cookie des Pressidium Cookie-Managers \/ Zustimmungsmoduls, das Ihre Zustimmungspr\u00e4ferenzen speichert (Pressidium).<\/p>\n<\/td><\/tr><\/tbody><\/table><\/div>\n<h3>Analyse- oder Leistungs-\u201eCookies\u201c:<\/h3>\n<p>Diese helfen uns, die Besucher der Website zu unterscheiden und Daten dar\u00fcber zu sammeln, wie sich Besucher auf der Website verhalten. Mit diesen \u201eCookies\u201c stellen wir beispielsweise sicher, dass die Website sich Ihre Anmeldung merkt, wenn Sie dies anfordern. Diese sammeln keine Informationen, die Sie identifizieren k\u00f6nnen; die Daten werden aggregiert und anonym gespeichert (z. B.: Google Analytics).<\/p>\n<div class=\"pressidium-cookie-consent-cookies\"><table data-cookie-category=\"analytics\"><thead><tr><th>Name<\/th><th>Domain<\/th><th>Ablauf<\/th><th>Pfad<\/th><th>Beschreibung<\/th><\/tr><\/thead><tbody><tr><td data-column=\"name\"><p>_ga<\/p>\n<\/td><td data-column=\"domain\"><p>.xavinhotelharkany.hu\/en<\/p>\n<\/td><td data-column=\"expiration\"><p>2 Jahre<\/p>\n<\/td><td data-column=\"path\"><p>\/<\/p>\n<\/td><td data-column=\"description\"><p>Hauptidentifikations-Cookie, das Statistiken zu Besucher-, Sitzungs- und Kampagnendaten f\u00fcr die Analyseberichte der Website sammelt (Google Analytics).<\/p>\n<\/td><\/tr><tr><td data-column=\"name\"><p>_ga_#<\/p>\n<\/td><td data-column=\"domain\"><p>.xavinhotelharkany.hu\/en<\/p>\n<\/td><td data-column=\"expiration\"><\/td><td data-column=\"path\"><\/td><td data-column=\"description\"><p>Wird verwendet, um einzelne Benutzer durch Zuweisung einer zuf\u00e4llig generierten Nummer als Client-Identifikator zu unterscheiden, wodurch Besuche und Sitzungen gemessen werden k\u00f6nnen (Google Analytics).<\/p>\n<\/td><\/tr><\/tbody><\/table><\/div>\n<h3>Funktionale \u201eCookies\u201c:<\/h3>\n<p>Die Aufgabe dieser \u201eCookies\u201c ist es, das Benutzererlebnis zu verbessern. Sie erkennen und speichern beispielsweise, mit welchem Ger\u00e4t Sie die Website ge\u00f6ffnet haben, oder die von Ihnen zuvor eingegebenen und zur Speicherung angeforderten Daten: wie automatische Anmeldung, gew\u00e4hlte Sprache, Textgr\u00f6\u00dfe, Schriftart oder andere anpassbare Elemente der Website, an denen Sie \u00c4nderungen vorgenommen haben. Diese \u201eCookies\u201c verfolgen Ihre Aktivit\u00e4ten auf anderen Websites nicht. Die von ihnen gesammelten Informationen k\u00f6nnen jedoch pers\u00f6nlich identifizierbare Daten enthalten, die Sie geteilt haben.<\/p>\nNo cookies listed under the \"preferences\" category.\n<h3>Zielgerichtete oder Werbe-\u201eCookies\u201c:<\/h3>\n<p>Mit deren Hilfe k\u00f6nnen Websites Informationen (Marketing) bereitstellen, die Ihren Interessen am besten entsprechen. Hierf\u00fcr ist Ihre ausdr\u00fcckliche Zustimmung erforderlich. Diese \u201eCookies\u201c sammeln detaillierte Informationen \u00fcber Ihre Surfgewohnheiten.<\/p>\n<div class=\"pressidium-cookie-consent-cookies\"><table data-cookie-category=\"targeting\"><thead><tr><th>Name<\/th><th>Domain<\/th><th>Ablauf<\/th><th>Pfad<\/th><th>Beschreibung<\/th><\/tr><\/thead><tbody><tr><td data-column=\"name\"><p>_fbp<\/p>\n<\/td><td data-column=\"domain\"><p>.xavinhotelharkany.hu\/en<\/p>\n<\/td><td data-column=\"expiration\"><p>3 Monate<\/p>\n<\/td><td data-column=\"path\"><p>\/<\/p>\n<\/td><td data-column=\"description\"><p>Wird verwendet, um die Surfgewohnheiten der Besucher zu verfolgen, um ihnen auf Facebook-Plattformen relevante Werbung anzuzeigen (Facebook Pixel).<\/p>\n<\/td><\/tr><tr><td data-column=\"name\"><p>_gcl_au<\/p>\n<\/td><td data-column=\"domain\"><p>.xavinhotelharkany.hu\/en<\/p>\n<\/td><td data-column=\"expiration\"><p>3 Monate<\/p>\n<\/td><td data-column=\"path\"><p>\/<\/p>\n<\/td><td data-column=\"description\"><p>Wird von Google Tag Manager und Google Ads verwendet, um die Anzeigenleistung zu messen und Conversions zu verfolgen, manchmal zur Zielgruppenoptimierung von Remarketing-Kampagnen.<\/p>\n<\/td><\/tr><tr><td data-column=\"name\"><p>test_cookie<\/p>\n<\/td><td data-column=\"domain\"><p>.doubleclick.net<\/p>\n<\/td><td data-column=\"expiration\"><p>15 Minuten<\/p>\n<\/td><td data-column=\"path\"><p>\/<\/p>\n<\/td><td data-column=\"description\"><p>Wird von Google DoubleClick gesetzt, um zu \u00fcberpr\u00fcfen, ob der Browser des Benutzers die Verwendung von Cookies unterst\u00fctzt.<\/p>\n<\/td><\/tr><\/tbody><\/table><\/div>\n<h3>Wie k\u00f6nnen die \u201eCookie\u201c-Einstellungen verwaltet werden?<\/h3>\n<p>\u201eCookies\u201c k\u00f6nnen in den verwendeten Webbrowsern gel\u00f6scht oder deaktiviert werden. Standardm\u00e4\u00dfig erlauben Browser die Platzierung von \u201eCookies\u201c. Dies kann in den Browsereinstellungen deaktiviert und vorhandene Cookies k\u00f6nnen gel\u00f6scht werden. Dar\u00fcber hinaus kann eingestellt werden, dass der Browser den Benutzer benachrichtigt, wenn er ein \u201eCookie\u201c an das Ger\u00e4t sendet. Es ist jedoch wichtig zu betonen, dass das Deaktivieren oder Einschr\u00e4nken dieser Dateien das Surferlebnis beeintr\u00e4chtigt und auch zu Fehlern in der Funktion der Website f\u00fchren kann. F\u00fcr weitere Informationen besuchen Sie bitte wikipedia.org oder www.allaboutcookies.org.<\/p>\n<h3>Aktuell auf der Website verwendete Cookies und deren Einstellungen<\/h3>\n<p>Beim ersten Besuch der Website und bis zur Genehmigung der Cookie-Verwaltung erscheint ein Pop-up-Fenster im unteren linken Segment des Bildschirms (in der mobilen Ansicht unten). Nach der Genehmigung erscheint an derselben Position ein Cookie-Symbol, durch dessen Auswahl der Benutzer die Cookie-Einstellungen \u00e4ndern kann.<\/p>\n","protected":false},"excerpt":{"rendered":"<p>Richtlinie zur Verwendung von \u201eCookies\u201c Diese Richtlinie gilt f\u00fcr die \u201eCookies\u201c der Domain-Website. Wir verwenden \u201eCookies\u201c auf unserer Website. Dies sind Dateien, die[&#8230;]<\/p>\n","protected":false},"author":5,"featured_media":0,"parent":0,"menu_order":0,"comment_status":"closed","ping_status":"closed","template":"","meta":{"footnotes":""},"class_list":["post-7221","page","type-page","status-publish","hentry"],"aioseo_notices":[],"_links":{"self":[{"href":"https:\/\/www.xavinhotelharkany.hu\/de\/wp-json\/wp\/v2\/pages\/7221","targetHints":{"allow":["GET"]}}],"collection":[{"href":"https:\/\/www.xavinhotelharkany.hu\/de\/wp-json\/wp\/v2\/pages"}],"about":[{"href":"https:\/\/www.xavinhotelharkany.hu\/de\/wp-json\/wp\/v2\/types\/page"}],"author":[{"embeddable":true,"href":"https:\/\/www.xavinhotelharkany.hu\/de\/wp-json\/wp\/v2\/users\/5"}],"replies":[{"embeddable":true,"href":"https:\/\/www.xavinhotelharkany.hu\/de\/wp-json\/wp\/v2\/comments?post=7221"}],"version-history":[{"count":3,"href":"https:\/\/www.xavinhotelharkany.hu\/de\/wp-json\/wp\/v2\/pages\/7221\/revisions"}],"predecessor-version":[{"id":7224,"href":"https:\/\/www.xavinhotelharkany.hu\/de\/wp-json\/wp\/v2\/pages\/7221\/revisions\/7224"}],"wp:attachment":[{"href":"https:\/\/www.xavinhotelharkany.hu\/de\/wp-json\/wp\/v2\/media?parent=7221"}],"curies":[{"name":"wp","href":"https:\/\/api.w.org\/{rel}","templated":true}]}}