{"id":299,"date":"2014-11-14T08:31:33","date_gmt":"2014-11-14T08:31:33","guid":{"rendered":"http:\/\/localhost\/?page_id=299"},"modified":"2025-09-05T22:35:12","modified_gmt":"2025-09-05T22:35:12","slug":"the-city","status":"publish","type":"page","link":"https:\/\/www.xavinhotelharkany.hu\/eng\/the-city\/","title":{"rendered":"The city"},"content":{"rendered":"<div class=\"block_first\">\n<h2>The City &#8211; Spa Town<\/h2>\n<p style=\"text-align: justify;\">In the Baranya County, at the foot of Mount Tenkes and near the Vill\u00e1ny Mountains, lies a sunny town whose legend may seem incredible, but whose natural treasures are unbeatable. Have you ever heard of a place where wine, adventure, culture, thermal water, and wellness are all within reach? With its natural and cultural assets, Hark\u00e1ny is almost unique in Hungary.<\/p>\n<p style=\"text-align: justify;\">Hark\u00e1ny is one of Hungary\u2019s most important and beautiful spa towns. The town\u2019s microclimate is unique, with 20% more sunshine hours per year than the national average. As a result, plants such as figs and pomegranates have become native here.<\/p>\n<p style=\"text-align: justify;\">In and around the town, visitors are offered a rich and diverse program of activities. Check out the <a title=\"Sights and leisure.\" href=\"\/eng\/sights-and-leisure-activities\/\"><strong>ATTRACTIONS AND LEISURE OPTIONS HERE<\/strong><\/a>!<\/p>\n<p><a href=\"\/wp-content\/uploads\/2015\/05\/IMG_0386.jpg\" data-rel=\"prettyPhoto[299]\"><img decoding=\"async\" class=\"aligncenter wp-image-2599 size-full\" src=\"https:\/\/www.xavinhotelharkany.hu\/wp-content\/uploads\/2015\/05\/IMG_0386.jpg\" alt=\"Hark\u00e1ny Thermal Spa\" width=\"1600\" height=\"1067\" srcset=\"https:\/\/www.xavinhotelharkany.hu\/wp-content\/uploads\/2015\/05\/IMG_0386.jpg 1600w, https:\/\/www.xavinhotelharkany.hu\/wp-content\/uploads\/2015\/05\/IMG_0386-300x200.jpg 300w, https:\/\/www.xavinhotelharkany.hu\/wp-content\/uploads\/2015\/05\/IMG_0386-1024x682.jpg 1024w, https:\/\/www.xavinhotelharkany.hu\/wp-content\/uploads\/2015\/05\/IMG_0386-750x500.jpg 750w\" sizes=\"(max-width: 1600px) 100vw, 1600px\" \/><\/a>Hark\u00e1ny Spa<\/p>\n<h2>Sights in Hark\u00e1ny<\/h2>\n<h3>Catholic Church and Cemetery<\/h3>\n<p><img decoding=\"async\" class=\"alignleft wp-image-3413 size-thumbnail\" src=\"https:\/\/www.xavinhotelharkany.hu\/wp-content\/uploads\/2016\/04\/romkat-150x150.jpg\" alt=\"Hark\u00e1ny, r\u00f3mai katolikus templom\" width=\"150\" height=\"150\" srcset=\"https:\/\/www.xavinhotelharkany.hu\/wp-content\/uploads\/2016\/04\/romkat-150x150.jpg 150w, https:\/\/www.xavinhotelharkany.hu\/wp-content\/uploads\/2016\/04\/romkat-100x100.jpg 100w\" sizes=\"(max-width: 150px) 100vw, 150px\" \/><\/p>\n<p style=\"text-align: justify;\">On the outer wall of the church, built in the 1990s, the Passion of Christ is depicted in a fire enamel artwork by L\u00e1szl\u00f3 Morvai. The brand paintings continue in the cemetery, representing significant events and personalities from Hungarian history. The predecessor of the church was a chapel from 1906.<\/p>\n<\/div>\n<div class=\"block\">\n<h3>Reformed Church and Cemetery<\/h3>\n<div id=\"attachment_324\" style=\"width: 160px\" class=\"wp-caption alignleft\"><img decoding=\"async\" aria-describedby=\"caption-attachment-324\" class=\"size-thumbnail wp-image-324\" src=\"https:\/\/www.xavinhotelharkany.hu\/wp-content\/uploads\/2014\/11\/latnivalok_2-150x150.jpg\" alt=\"reformierte Kirche\" width=\"150\" height=\"150\" srcset=\"https:\/\/www.xavinhotelharkany.hu\/wp-content\/uploads\/2014\/11\/latnivalok_2-150x150.jpg 150w, https:\/\/www.xavinhotelharkany.hu\/wp-content\/uploads\/2014\/11\/latnivalok_2-100x100.jpg 100w\" sizes=\"(max-width: 150px) 100vw, 150px\" \/><p id=\"caption-attachment-324\" class=\"wp-caption-text\">reformierte Kirche<\/p><\/div>\n<p style=\"text-align: justify;\">Located on Kossuth-Lajos Street, parallel to the spa and beach bath, is the protected Reformed Church from 1802 in brick style. It has three bells and an eight-voiced organ. Its collection includes two zinc jugs and plates from 1820, as well as two cups and plates from 1833.<\/p>\n<\/div>\n<div class=\"block\">\n<h3>Reformed Church Terehegy<\/h3>\n<div id=\"attachment_325\" style=\"width: 160px\" class=\"wp-caption alignleft\"><img decoding=\"async\" aria-describedby=\"caption-attachment-325\" class=\"size-thumbnail wp-image-325\" src=\"https:\/\/www.xavinhotelharkany.hu\/wp-content\/uploads\/2014\/11\/latnivalok_3-150x150.jpg\" alt=\"reformierte Kirche\" width=\"150\" height=\"150\" srcset=\"https:\/\/www.xavinhotelharkany.hu\/wp-content\/uploads\/2014\/11\/latnivalok_3-150x150.jpg 150w, https:\/\/www.xavinhotelharkany.hu\/wp-content\/uploads\/2014\/11\/latnivalok_3-100x100.jpg 100w\" sizes=\"(max-width: 150px) 100vw, 150px\" \/><p id=\"caption-attachment-325\" class=\"wp-caption-text\">reformierte Kirche<\/p><\/div>\n<p style=\"text-align: justify;\">The church, built in 1798 and also protected as a monument, is located on a small hill in the hillside district. It was originally a wooden church built in 1761. The area around the church, which stands at the corner of Terehegyi and Ostoros Streets, is beautifully landscaped. The church has four bells, the pews are in Baroque style, and the organ is built in Rococo style.<\/p>\n<\/div>\n<div class=\"block\">\n<h3>Zsigmondy Promenade, Park<\/h3>\n<div id=\"attachment_327\" style=\"width: 160px\" class=\"wp-caption alignleft\"><img decoding=\"async\" aria-describedby=\"caption-attachment-327\" class=\"size-thumbnail wp-image-327\" src=\"https:\/\/www.xavinhotelharkany.hu\/wp-content\/uploads\/2014\/11\/latnivalok_41-150x150.jpg\" alt=\"Gehweg Zsigmondy\" width=\"150\" height=\"150\" srcset=\"https:\/\/www.xavinhotelharkany.hu\/wp-content\/uploads\/2014\/11\/latnivalok_41-150x150.jpg 150w, https:\/\/www.xavinhotelharkany.hu\/wp-content\/uploads\/2014\/11\/latnivalok_41-100x100.jpg 100w\" sizes=\"(max-width: 150px) 100vw, 150px\" \/><p id=\"caption-attachment-327\" class=\"wp-caption-text\">Gehweg Zsigmondy<\/p><\/div>\n<p style=\"text-align: justify;\">The park south of the thermal bath hosts a variety of artworks and cozy benches.<\/p>\n<\/div>\n<div class=\"block\">\n<h3>Harka Fountain<\/h3>\n<div id=\"attachment_5702\" style=\"width: 160px\" class=\"wp-caption alignleft\"><img decoding=\"async\" aria-describedby=\"caption-attachment-5702\" class=\"size-thumbnail wp-image-5702\" src=\"https:\/\/www.xavinhotelharkany.hu\/wp-content\/uploads\/2023\/11\/harkany_osz_008-150x150.jpg\" alt=\"Hark\u00e1ny, Harka-k\u00fat, iv\u00f3k\u00fat, 2023 \u0151sz\" width=\"150\" height=\"150\" srcset=\"https:\/\/www.xavinhotelharkany.hu\/wp-content\/uploads\/2023\/11\/harkany_osz_008-150x150.jpg 150w, https:\/\/www.xavinhotelharkany.hu\/wp-content\/uploads\/2023\/11\/harkany_osz_008-100x100.jpg 100w\" sizes=\"(max-width: 150px) 100vw, 150px\" \/><p id=\"caption-attachment-5702\" class=\"wp-caption-text\">Hark\u00e1ny, Harka-k\u00fat, iv\u00f3k\u00fat, 2023 \u0151sz<\/p><\/div>\n<p style=\"text-align: justify;\">The precious Zsolnay Fountain in the park, installed in 2000, depicts a motif related to the legend of Hark\u00e1ny&#8217;s water.<\/p>\n<\/div>\n<div class=\"block\">\n<h3>Land Apple Ammer<\/h3>\n<p><img decoding=\"async\" class=\"size-thumbnail wp-image-329 alignleft\" src=\"https:\/\/www.xavinhotelharkany.hu\/wp-content\/uploads\/2014\/11\/latnivalok_6-150x150.jpg\" alt=\"Orsz\u00e1galm\u00e1s csobog\u00f3\" width=\"150\" height=\"150\" srcset=\"https:\/\/www.xavinhotelharkany.hu\/wp-content\/uploads\/2014\/11\/latnivalok_6-150x150.jpg 150w, https:\/\/www.xavinhotelharkany.hu\/wp-content\/uploads\/2014\/11\/latnivalok_6-100x100.jpg 100w\" sizes=\"(max-width: 150px) 100vw, 150px\" \/><\/p>\n<p style=\"text-align: justify;\">The Millennium Kingdom Splash, erected in 2000 in front of the Town Hall, is a work by L\u00e1szl\u00f3 Vajda and Tam\u00e1s Kamerer.<\/p>\n<\/div>\n","protected":false},"excerpt":{"rendered":"<p>The City &#8211; Spa Town In the Baranya County, at the foot of Mount Tenkes and near the Vill\u00e1ny Mountains, lies a sunny[&#8230;]<\/p>\n","protected":false},"author":1,"featured_media":0,"parent":0,"menu_order":0,"comment_status":"open","ping_status":"closed","template":"","meta":{"footnotes":""},"class_list":["post-299","page","type-page","status-publish","hentry"],"aioseo_notices":[],"_links":{"self":[{"href":"https:\/\/www.xavinhotelharkany.hu\/eng\/wp-json\/wp\/v2\/pages\/299","targetHints":{"allow":["GET"]}}],"collection":[{"href":"https:\/\/www.xavinhotelharkany.hu\/eng\/wp-json\/wp\/v2\/pages"}],"about":[{"href":"https:\/\/www.xavinhotelharkany.hu\/eng\/wp-json\/wp\/v2\/types\/page"}],"author":[{"embeddable":true,"href":"https:\/\/www.xavinhotelharkany.hu\/eng\/wp-json\/wp\/v2\/users\/1"}],"replies":[{"embeddable":true,"href":"https:\/\/www.xavinhotelharkany.hu\/eng\/wp-json\/wp\/v2\/comments?post=299"}],"version-history":[{"count":8,"href":"https:\/\/www.xavinhotelharkany.hu\/eng\/wp-json\/wp\/v2\/pages\/299\/revisions"}],"predecessor-version":[{"id":7161,"href":"https:\/\/www.xavinhotelharkany.hu\/eng\/wp-json\/wp\/v2\/pages\/299\/revisions\/7161"}],"wp:attachment":[{"href":"https:\/\/www.xavinhotelharkany.hu\/eng\/wp-json\/wp\/v2\/media?parent=299"}],"curies":[{"name":"wp","href":"https:\/\/api.w.org\/{rel}","templated":true}]}}