{"id":3762,"date":"2017-01-25T22:15:56","date_gmt":"2017-01-25T22:15:56","guid":{"rendered":"http:\/\/www.xavinhotelharkany.hu\/de\/?page_id=3762"},"modified":"2025-09-05T22:34:13","modified_gmt":"2025-09-05T22:34:13","slug":"sights-and-leisure-activities","status":"publish","type":"page","link":"https:\/\/www.xavinhotelharkany.hu\/eng\/sights-and-leisure-activities\/","title":{"rendered":"Sights and Leisure Activities"},"content":{"rendered":"<h2>Sights and Leisure &#8211; Around Hark\u00e1ny!<\/h2>\n<h3>City of P\u00e9cs<\/h3>\n<p>The cultural capital P\u00e9cs is just a stone&#8217;s throw from the Europe-famous spa town of Hark\u00e1ny. The capital of Baranya offers a wide range of exhibitions and leisure activities. Without claiming to be exhaustive, we recommend the following.<\/p>\n<table class=\"szobak\">\n<tbody>\n<tr>\n<td><a href=\"\/wp-content\/uploads\/2015\/07\/pecs-11.jpg\" data-rel=\"prettyPhoto[3762]\"><img decoding=\"async\" class=\"alignnone wp-image-3555 size-full\" src=\"\/wp-content\/uploads\/2015\/07\/pecs-11.jpg\" alt=\"City of P\u00e9cs - Cathedral of P\u00e9cs\" width=\"750\" height=\"498\" \/><\/a><\/td>\n<td><a href=\"\/wp-content\/uploads\/2015\/07\/pecs-2.jpg\" data-rel=\"prettyPhoto[3762]\"><img decoding=\"async\" class=\"alignnone wp-image-3556 size-full\" src=\"\/wp-content\/uploads\/2015\/07\/pecs-2.jpg\" alt=\"City of P\u00e9cs - Gazi Kasim Pasha's Jamaiah\" width=\"750\" height=\"498\" \/><\/a><\/td>\n<\/tr>\n<\/tbody>\n<\/table>\n<h4>Zsolnay Cultural Quarter<\/h4>\n<p>The Mediterranean-style city was the European Capital of Culture in 2010 and one could say it still is. Among the many sights, the Zsolnay Cultural Quarter stands out, declared Hungarian cultural heritage in 2014. Here lived and worked the Zsolnay family in the 19th and 20th centuries, famous for their porcelain production. Their world-famous ceramics factory is the place where the Zsolnay legacy continues on a beautifully restored 5-hectare site. In total, 15 protected buildings and 88 public Zsolnay statues adorn the picturesque parks and promenades. Every square meter of the quarter is full of attractions, not to mention cozy caf\u00e9s, handicraft shops, and high-quality restaurants.<\/p>\n<p>Alongside preserving the past, the present and contemporary art also play an important role: the P\u00e9cs Gallery m21 and the popular concert hall E78 offer entertainment music and theater performances. On the Craft Street, visitors can choose from a selection of unique local products. There are also many activities for children, including outdoor playgrounds, the Laboratory \u2013 Interactive Magic Room, the Planetarium, the Magic Hour (spectacular physics experiments), the B\u00f3bita Puppet Theater, the Ceramic Workshop, and the Hercules Workshop. <a href=\"\/wp-content\/uploads\/2015\/07\/Zsolnay-2.jpg\" data-rel=\"prettyPhoto[3762]\"><img decoding=\"async\" class=\"aligncenter wp-image-3563 size-full\" src=\"\/wp-content\/uploads\/2015\/07\/Zsolnay-2.jpg\" alt=\"OLYMPUS DIGITAL CAMERA\" width=\"758\" height=\"250\" \/><\/a><\/p>\n<h4>Zsolnay Ceramic Exhibition<\/h4>\n<p>The Zsolnay ceramics collection can be seen in the oldest house in P\u00e9cs, mentioned in written sources as early as 1324. The exhibition is based on the material from the former factory museum and presents the decorative works of the ceramics factory in chronological order. The exhibition is accompanied by a memorial room with decorative objects and furnishings of the Zsolnay family.<\/p>\n<table class=\"szobak\">\n<tbody>\n<tr>\n<td><a href=\"\/wp-content\/uploads\/2015\/07\/zsolnay-3.jpg\" data-rel=\"prettyPhoto[3762]\"><img decoding=\"async\" class=\"alignnone wp-image-3566 size-full\" src=\"\/wp-content\/uploads\/2015\/07\/zsolnay-3.jpg\" alt=\"Zsolnay Cultural Quarter - Eosin\" width=\"750\" height=\"480\" \/><\/a><\/td>\n<td><a href=\"\/wp-content\/uploads\/2015\/07\/Zsolnay-Ki\u00e1ll\u00edt\u00e1s.jpg\" data-rel=\"prettyPhoto[3762]\"><img decoding=\"async\" class=\"alignnone wp-image-3231 size-full\" src=\"\/wp-content\/uploads\/2015\/07\/Zsolnay-Ki\u00e1ll\u00edt\u00e1s.jpg\" alt=\"Zsolnay Cultural Quarter - Exhibition\" width=\"600\" height=\"480\" \/><\/a><\/td>\n<td><a href=\"\/wp-content\/uploads\/2015\/07\/zsolnay-4.jpg\" data-rel=\"prettyPhoto[3762]\"><img decoding=\"async\" class=\"alignnone wp-image-3567 size-full\" src=\"\/wp-content\/uploads\/2015\/07\/zsolnay-4.jpg\" alt=\"Zsolnay Cultural Quarter\" width=\"480\" height=\"480\" \/><\/a><\/td>\n<\/tr>\n<\/tbody>\n<\/table>\n<h4>Cathedral of P\u00e9cs<\/h4>\n<p>The origins of P\u00e9cs Cathedral date back to the Roman Empire. The foundations of today\u2019s church were laid in the 4th century and expanded westward in the 8th and 11th centuries. Under King Stephen, the original church was converted into a basilica by building today\u2019s sanctuary over it, probably with the two western towers. In the Middle Ages, the church gained two more towers and Gothic chapels were built. In the 19th century, Mih\u00e1ly Pollack and Friedrich von Schmidt redesigned the exterior. The interior frescoes were painted by Bertalan Sz\u00e9kely and K\u00e1roly Lotz. The organ is Angster\u2019s 100th. In 1993, the Pope elevated the cathedral to a minor basilica.<\/p>\n<table class=\"szobak\">\n<tbody>\n<tr>\n<td><a href=\"\/wp-content\/uploads\/2016\/03\/P\u00e9cs_sz\u00e9kesegyh\u00e1z.jpg\" data-rel=\"prettyPhoto[3762]\"><img decoding=\"async\" class=\"aligncenter wp-image-3611 size-large\" src=\"\/wp-content\/uploads\/2016\/03\/P\u00e9cs_sz\u00e9kesegyh\u00e1z-1024x768.jpg\" alt=\"Cathedral of P\u00e9cs\" width=\"750\" height=\"562\" \/><\/a><\/td>\n<td><a href=\"\/wp-content\/uploads\/2015\/07\/bazilika-2.jpg\" data-rel=\"prettyPhoto[3762]\"><img decoding=\"async\" class=\"alignnone wp-image-3579\" src=\"\/wp-content\/uploads\/2015\/07\/bazilika-2.jpg\" alt=\"Cathedral of P\u00e9cs\" width=\"750\" height=\"563\" \/><\/a><\/td>\n<\/tr>\n<\/tbody>\n<\/table>\n<h4>Early Christian Tombs in P\u00e9cs<\/h4>\n<p><strong>(Visitor Center Cella Septichora)<\/strong> The 1,600-year-old painted tombs mainly served as burial sites for wealthy families. Some are painted and decorated with biblical scenes and early Christian symbols, which contributes to the monument\u2019s uniqueness and universal cultural value. The underground part of the two-part structure is the crypt, the actual burial chamber where the deceased were buried in brick graves or, more rarely, in sarcophagi. Above it, a memorial chapel was built.<\/p>\n<table class=\"szobak\">\n<tbody>\n<tr>\n<td><a href=\"\/wp-content\/uploads\/2015\/07\/sirk-1.jpg\" data-rel=\"prettyPhoto[3762]\"><img decoding=\"async\" class=\"alignnone wp-image-3582\" src=\"\/wp-content\/uploads\/2015\/07\/sirk-1.jpg\" alt=\"Early Christian Tombs in P\u00e9cs\" width=\"800\" height=\"600\" \/><\/a><\/td>\n<td><a href=\"\/wp-content\/uploads\/2015\/07\/sirk-2.jpg\" data-rel=\"prettyPhoto[3762]\"><img decoding=\"async\" class=\"alignnone wp-image-3581 size-full\" src=\"\/wp-content\/uploads\/2015\/07\/sirk-2.jpg\" alt=\"Early Christian Tombs in P\u00e9cs\" width=\"800\" height=\"600\" \/><\/a><\/td>\n<\/tr>\n<\/tbody>\n<\/table>\n<h4>Vasarely Museum<\/h4>\n<p>Victor Vasarely was born in 1908 in P\u00e9cs and lived in France from 1930 until his death in 1997. He first donated a collection of serigraphs to the museum in P\u00e9cs in 1968. The exhibition traces the development of Op-Art from decorative textiles through the world-famous zebra versions of 1938 to the gradual abstraction of organic or constructive visual experience, as well as geometric black-and-white constructive works.<\/p>\n<table class=\"szobak\">\n<tbody>\n<tr>\n<td><a href=\"\/wp-content\/uploads\/2015\/07\/vasa-1.jpg\" data-rel=\"prettyPhoto[3762]\"><img decoding=\"async\" class=\"alignnone wp-image-3571 size-full\" src=\"\/wp-content\/uploads\/2015\/07\/vasa-1.jpg\" alt=\"Vasarely Museum Exhibition\" width=\"600\" height=\"600\" \/><\/a><\/td>\n<td><a href=\"\/wp-content\/uploads\/2015\/07\/Vasarely-M\u00fazeum.jpg\" data-rel=\"prettyPhoto[3762]\"><img decoding=\"async\" class=\"alignnone wp-image-3235 size-full\" src=\"\/wp-content\/uploads\/2015\/07\/Vasarely-M\u00fazeum.jpg\" alt=\"Vasarely Museum Exhibition\" width=\"600\" height=\"600\" \/><\/a><\/td>\n<\/tr>\n<\/tbody>\n<\/table>\n<h4>Csontv\u00e1ry Museum<\/h4>\n<p>In the Neo-Renaissance building built around the turn of the century, an exhibition was opened in 1973 about the lonely giant of Hungarian painting, Tivadar Csontv\u00e1ry Kosztka (1853-1919). In the one and a half decades of his work, which included barely more than a hundred works, the artist, originally a pharmacist, was one of the most important representatives of modern painting. His most famous work, The Lonely Cedar, can be seen here.<\/p>\n<table class=\"szobak\">\n<tbody>\n<tr>\n<td><a href=\"\/wp-content\/uploads\/2015\/07\/Mag\u00e1nyos-c\u00e9drus.jpg\" data-rel=\"prettyPhoto[3762]\"><img decoding=\"async\" class=\"alignnone wp-image-3252 size-full\" src=\"\/wp-content\/uploads\/2015\/07\/Mag\u00e1nyos-c\u00e9drus.jpg\" alt=\"Csontv\u00e1ry Museum, Lonely Cedar\" width=\"600\" height=\"480\" \/><\/a><\/td>\n<td><a href=\"\/wp-content\/uploads\/2015\/07\/csontv-1.jpg\" data-rel=\"prettyPhoto[3762]\"><img decoding=\"async\" class=\"alignnone wp-image-3589 size-full\" src=\"\/wp-content\/uploads\/2015\/07\/csontv-1.jpg\" alt=\"Csontv\u00e1ry Museum Exhibition\" width=\"900\" height=\"480\" \/><\/a><\/td>\n<\/tr>\n<\/tbody>\n<\/table>\n<h4>Aquarium and Terrarium<\/h4>\n<p>Part of the collection is housed in a medieval cellar system. Above the aquarium-terrarium, which has special local features, visitors can see the courtyard of the animal enclosures and the nocturnal house.<\/p>\n<table class=\"szobak\">\n<tbody>\n<tr>\n<td><a href=\"\/wp-content\/uploads\/2015\/07\/P\u00e9csi-Akv\u00e1rium-\u00e9s-Terr\u00e1rium.jpg\" data-rel=\"prettyPhoto[3762]\"><img decoding=\"async\" class=\"alignnone wp-image-3242 size-full\" src=\"\/wp-content\/uploads\/2015\/07\/P\u00e9csi-Akv\u00e1rium-\u00e9s-Terr\u00e1rium.jpg\" alt=\"Aquarium and Terrarium inside\" width=\"650\" height=\"433\" \/><\/a><\/td>\n<td><a href=\"\/wp-content\/uploads\/2015\/07\/akvar-1.jpg\" data-rel=\"prettyPhoto[3762]\"><img decoding=\"async\" class=\"alignnone wp-image-3591 size-full\" src=\"\/wp-content\/uploads\/2015\/07\/akvar-1.jpg\" alt=\"Aquarium and Terrarium\" width=\"650\" height=\"433\" \/><\/a><\/td>\n<\/tr>\n<\/tbody>\n<\/table>\n<h4>Zoo P\u00e9cs<\/h4>\n<p>One of the landmarks of P\u00e9cs \u2013 the 176 m high TV tower \u2013 houses the P\u00e9cs Zoo, hidden in the shade of trees. The zoo was founded in 1960 with the support of the local population, and this heritage can still be felt in the garden today.<\/p>\n<table class=\"szobak\">\n<tbody>\n<tr>\n<td><a href=\"\/wp-content\/uploads\/2015\/07\/allatkert-1.jpg\" data-rel=\"prettyPhoto[3762]\"><img decoding=\"async\" class=\"alignnone wp-image-3592 size-full\" src=\"\/wp-content\/uploads\/2015\/07\/allatkert-1.jpg\" alt=\"Zoo P\u00e9cs - many animals\" width=\"600\" height=\"450\" \/><\/a><\/td>\n<td><a href=\"\/wp-content\/uploads\/2015\/07\/P\u00e9csi-\u00c1llatkert.jpg\" data-rel=\"prettyPhoto[3762]\"><img decoding=\"async\" class=\"alignnone wp-image-3244 size-full\" src=\"\/wp-content\/uploads\/2015\/07\/P\u00e9csi-\u00c1llatkert.jpg\" alt=\"A resident of P\u00e9cs Zoo\" width=\"600\" height=\"450\" \/><\/a><\/td>\n<\/tr>\n<\/tbody>\n<\/table>\n<h4>TV Tower, Observation Tower<\/h4>\n<p>The TV and observation tower in P\u00e9cs is the tallest building in Hungary, standing at 197 meters. It is located on the 535-meter-high Misina Peak in the Mecsek Mountains. A fast elevator takes you to the glass espresso bar. The restaurant is 72 meters above the ground, and the open circular observation deck above it is 80 meters high, offering a view of the Misina Peak at 615 meters. Even on cloudy days, it is worth going up, because even when the clouds cover the city, the view from above the clouds is a beautiful and unobstructed experience.<\/p>\n<table class=\"szobak\">\n<tbody>\n<tr>\n<td><img decoding=\"async\" class=\"alignnone wp-image-3245 size-full\" src=\"\/wp-content\/uploads\/2015\/07\/P\u00e9csi-TV-torony.jpg\" alt=\"The P\u00e9cs TV Tower from a bird's-eye view\" width=\"800\" height=\"500\" \/><\/td>\n<td><a href=\"\/wp-content\/uploads\/2015\/07\/tv-torony.jpg\" data-rel=\"prettyPhoto[3762]\"><img decoding=\"async\" class=\"alignnone wp-image-3596 size-full\" src=\"\/wp-content\/uploads\/2015\/07\/tv-torony.jpg\" alt=\"TV Tower, Observation Tower\" width=\"800\" height=\"500\" \/><\/a><\/td>\n<\/tr>\n<\/tbody>\n<\/table>\n<h4>Gazi Kasim Pasha Mosque<\/h4>\n<p>The medieval St. Bartholomew parish church, built in the Gothic style, served as a mosque for the Pasha of Gaza, Qasim Pasha, during the Turkish occupation. The mosque, now a Catholic church, was rebuilt in its current form in 1939.<\/p>\n<table class=\"szobak\">\n<tbody>\n<tr>\n<td><a href=\"\/wp-content\/uploads\/2015\/07\/G\u00e1zi-K\u00e1szim-Pasa-Dzs\u00e1mija.jpg\" data-rel=\"prettyPhoto[3762]\"><img decoding=\"async\" class=\"alignnone wp-image-3249 size-full\" src=\"\/wp-content\/uploads\/2015\/07\/G\u00e1zi-K\u00e1szim-Pasa-Dzs\u00e1mija.jpg\" alt=\"Gazi Kasim Pasha Mosque, Sz\u00e9chenyi Istv\u00e1n Square\" width=\"750\" height=\"500\" \/><\/a><\/td>\n<td><a href=\"\/wp-content\/uploads\/2015\/07\/dzs-2.jpg\" data-rel=\"prettyPhoto[3762]\"><img decoding=\"async\" class=\"alignnone wp-image-3599 size-full\" src=\"\/wp-content\/uploads\/2015\/07\/dzs-2.jpg\" alt=\"Gazi Kasim Pasha Mosque at night\" width=\"750\" height=\"500\" \/><\/a><\/td>\n<\/tr>\n<\/tbody>\n<\/table>\n<h4>Mecsextr\u00e9m Park<\/h4>\n<p>Just a stone&#8217;s throw from P\u00e9cs, in a clean environment away from city noise, in the beautiful Mecsek Forest, lies Mecsextr\u00e9m Park \u2013 one of Hungary&#8217;s largest adventure parks. This huge &#8220;forest playground&#8221; offers a unique experience for children and adults alike.<\/p>\n<div id=\"attachment_3266\" style=\"width: 760px\" class=\"wp-caption aligncenter\"><a href=\"\/wp-content\/uploads\/2015\/07\/Mecsextr\u00e9m-Park.jpg\" data-rel=\"prettyPhoto[3762]\"><img decoding=\"async\" aria-describedby=\"caption-attachment-3266\" class=\"wp-image-3266\" src=\"\/wp-content\/uploads\/2015\/07\/Mecsextr\u00e9m-Park.jpg\" alt=\"Mecsextr\u00e9m Park - extreme experiences for the family\" width=\"750\" height=\"502\" \/><\/a><p id=\"caption-attachment-3266\" class=\"wp-caption-text\">Alpine cable car at Mecsextr\u00e9m Park<\/p><\/div>\n<h2>Sikl\u00f3s Castle<\/h2>\n<p style=\"text-align: justify;\">Sikl\u00f3s Castle, an important historical landmark of our country, sits atop a small hill at the foot of the Vill\u00e1ny Mountains.<\/p>\n<p style=\"text-align: justify;\">Visitors to the castle can explore several permanent exhibitions. One of them is the Tenkes Panopticum, showcasing the main characters of the world-famous TV series &#8220;Captain Tenkes&#8221;.<\/p>\n<div id=\"attachment_3214\" style=\"width: 760px\" class=\"wp-caption aligncenter\"><a href=\"\/wp-content\/uploads\/2015\/07\/Tenkes-panoptikum-ki\u00e1ll\u00edt\u00e1s.jpg\" data-rel=\"prettyPhoto[3762]\"><img decoding=\"async\" aria-describedby=\"caption-attachment-3214\" class=\"wp-image-3214 size-large\" src=\"\/wp-content\/uploads\/2015\/07\/Tenkes-panoptikum-ki\u00e1ll\u00edt\u00e1s-1024x768.jpg\" alt=\"Sikl\u00f3s Castle\" width=\"750\" height=\"562\" \/><\/a><p id=\"caption-attachment-3214\" class=\"wp-caption-text\">Tenkes Panopticum in Sikl\u00f3s Castle<\/p><\/div>\n<h3>Visitor Center at the Old Drava<\/h3>\n<p style=\"text-align: justify;\">The exhibition presents the forests and waters of Orm\u00e1ns\u00e1g, which once provided for the local people. With a guide, you can walk along the traditional farmer&#8217;s path, smell herbs, try beekeeping tools, and learn interesting secrets about pasture management and animal husbandry. In the yard, you can meet T\u00f3dor the goat, Jonas the donkey, Balamb\u00e9r the huckle horse, and Kormos the bull, along with many other companions. While a guide shows you the tools used for animal care, the rural atmosphere is enhanced by the bleating of lambs, crowing of roosters, and the mooing of cows.<\/p>\n<div id=\"attachment_3221\" style=\"width: 760px\" class=\"wp-caption aligncenter\"><a href=\"\/wp-content\/uploads\/2015\/07\/\u0150s-Dr\u00e1va-L\u00e1togat\u00f3k\u00f6zpont.jpg\" data-rel=\"prettyPhoto[3762]\"><img decoding=\"async\" aria-describedby=\"caption-attachment-3221\" class=\"wp-image-3221 size-large\" src=\"\/wp-content\/uploads\/2015\/07\/\u0150s-Dr\u00e1va-L\u00e1togat\u00f3k\u00f6zpont-1024x680.jpg\" alt=\"Visitor Center at the Old Drava\" width=\"750\" height=\"498\" \/><\/a><p id=\"caption-attachment-3221\" class=\"wp-caption-text\">Cyclists at the Visitor Center at the Old Drava<\/p><\/div>\n<h3>Drava River Cruise<\/h3>\n<p style=\"text-align: justify;\">Dr\u00e1vaszabolcs is just a few minutes by car from Hark\u00e1ny and serves as a starting point for river cruises. There is an option for a cruise with meals or even wine tasting, as well as treasure hunts for children.<\/p>\n<div id=\"attachment_3226\" style=\"width: 760px\" class=\"wp-caption aligncenter\"><a href=\"\/wp-content\/uploads\/2015\/07\/S\u00e9tahaj\u00f3z\u00e1s-a-Dr\u00e1v\u00e1n-e1437151398167.jpg\" data-rel=\"prettyPhoto[3762]\"><img decoding=\"async\" aria-describedby=\"caption-attachment-3226\" class=\"wp-image-3226 size-full\" src=\"\/wp-content\/uploads\/2015\/07\/S\u00e9tahaj\u00f3z\u00e1s-a-Dr\u00e1v\u00e1n-e1437151398167.jpg\" alt=\"Drava River Cruise\" width=\"750\" height=\"498\" \/><\/a><p id=\"caption-attachment-3226\" class=\"wp-caption-text\">Drava River Cruise<\/p><\/div>\n<h3>Nagyhars\u00e1ny &#8211; Sculpture Park<\/h3>\n<p style=\"text-align: justify;\">The history of the Nagyhars\u00e1ny Sculpture Park goes back to 1967. At that time, the first stone sculptor symposium was held in the former quarry of Sz\u00e1rsomly\u00f3 at the initiative of young artists from P\u00e9cs.<\/p>\n<p style=\"text-align: justify;\">The works made from local stones, created in as large an outdoor studio as possible, almost come to life in the sculpture park. The abandoned quarry becomes a true home for the artworks. Most of the nearly 130 sculptures are abstract: solitary blocks, twisted columns, strange idols, stones that look like giant toys. Some have been named by visitors, such as Venus of Vill\u00e1ny, Columbus\u2019 Egg, or The Memory.<\/p>\n<div id=\"attachment_3257\" style=\"width: 760px\" class=\"wp-caption aligncenter\"><a href=\"\/wp-content\/uploads\/2015\/07\/Nagyhars\u00e1nyi-Szoborpark.jpg\" data-rel=\"prettyPhoto[3762]\"><img decoding=\"async\" aria-describedby=\"caption-attachment-3257\" class=\"wp-image-3257\" src=\"\/wp-content\/uploads\/2015\/07\/Nagyhars\u00e1nyi-Szoborpark.jpg\" alt=\"Nagyhars\u00e1ny - Sculpture Park\" width=\"750\" height=\"438\" \/><\/a><p id=\"caption-attachment-3257\" class=\"wp-caption-text\">Nagyhars\u00e1ny &#8211; Sculpture Park<\/p><\/div>\n<h3>Vill\u00e1ny<\/h3>\n<p style=\"text-align: justify;\">In 1987, Vill\u00e1ny was awarded the title &#8220;City of Wine and Vine&#8221; by an international jury. Around 200 families in the town are involved in wine marketing in various ways. Vill\u00e1ny also has a wine museum, housing written and artifact evidence of winemaking from the 13th century.<\/p>\n<div style=\"width: 760px\" class=\"wp-caption aligncenter\"><a href=\"\/wp-content\/uploads\/2015\/07\/Pincesor-Vill\u00e1ny.jpg\" data-rel=\"prettyPhoto[3762]\"><img decoding=\"async\" src=\"\/wp-content\/uploads\/2015\/07\/Pincesor-Vill\u00e1ny.jpg\" alt=\"Wine Cellar Row Vill\u00e1ny\" width=\"750\" height=\"502\" \/><\/a><p class=\"wp-caption-text\">Wine Cellar Row Vill\u00e1ny<\/p><\/div>\n","protected":false},"excerpt":{"rendered":"<p>Sights and Leisure &#8211; Around Hark\u00e1ny! City of P\u00e9cs The cultural capital P\u00e9cs is just a stone&#8217;s throw from the Europe-famous spa town[&#8230;]<\/p>\n","protected":false},"author":1,"featured_media":3351,"parent":0,"menu_order":0,"comment_status":"closed","ping_status":"open","template":"","meta":{"footnotes":""},"class_list":["post-3762","page","type-page","status-publish","has-post-thumbnail","hentry"],"aioseo_notices":[],"_links":{"self":[{"href":"https:\/\/www.xavinhotelharkany.hu\/eng\/wp-json\/wp\/v2\/pages\/3762","targetHints":{"allow":["GET"]}}],"collection":[{"href":"https:\/\/www.xavinhotelharkany.hu\/eng\/wp-json\/wp\/v2\/pages"}],"about":[{"href":"https:\/\/www.xavinhotelharkany.hu\/eng\/wp-json\/wp\/v2\/types\/page"}],"author":[{"embeddable":true,"href":"https:\/\/www.xavinhotelharkany.hu\/eng\/wp-json\/wp\/v2\/users\/1"}],"replies":[{"embeddable":true,"href":"https:\/\/www.xavinhotelharkany.hu\/eng\/wp-json\/wp\/v2\/comments?post=3762"}],"version-history":[{"count":8,"href":"https:\/\/www.xavinhotelharkany.hu\/eng\/wp-json\/wp\/v2\/pages\/3762\/revisions"}],"predecessor-version":[{"id":7167,"href":"https:\/\/www.xavinhotelharkany.hu\/eng\/wp-json\/wp\/v2\/pages\/3762\/revisions\/7167"}],"wp:featuredmedia":[{"embeddable":true,"href":"https:\/\/www.xavinhotelharkany.hu\/eng\/wp-json\/wp\/v2\/media\/3351"}],"wp:attachment":[{"href":"https:\/\/www.xavinhotelharkany.hu\/eng\/wp-json\/wp\/v2\/media?parent=3762"}],"curies":[{"name":"wp","href":"https:\/\/api.w.org\/{rel}","templated":true}]}}