{"id":1624,"date":"2014-12-07T18:42:02","date_gmt":"2014-12-07T18:42:02","guid":{"rendered":"http:\/\/www.xavinhotelharkany.hu\/?page_id=1624"},"modified":"2025-02-28T09:23:07","modified_gmt":"2025-02-28T09:23:07","slug":"karta-web-mjesta","status":"publish","type":"page","link":"https:\/\/www.xavinhotelharkany.hu\/hr\/karta-web-mjesta\/","title":{"rendered":"Karta web mjesta"},"content":{"rendered":"<div class=\"wsp-container\"><h2 class=\"wsp-pages-title\">Pages<\/h2>\n<ul class=\"wsp-pages-list\">\n<li class=\"page_item page-item-773\"><a href=\"https:\/\/www.xavinhotelharkany.hu\/hr\/galerije\/\">Galerije<\/a><\/li>\n<li class=\"page_item page-item-170\"><a href=\"https:\/\/www.xavinhotelharkany.hu\/hr\/\">Glavna stranica<\/a><\/li>\n<li class=\"page_item page-item-299\"><a href=\"https:\/\/www.xavinhotelharkany.hu\/hr\/grad\/\">Grad<\/a><\/li>\n<li class=\"page_item page-item-3120\"><a href=\"https:\/\/www.xavinhotelharkany.hu\/hr\/harkany-kurbad-i-plazni-kupaliste\/\">Hark\u00e1ny termalne i pla\u017ene kupke<\/a><\/li>\n<li class=\"page_item page-item-307\"><a href=\"https:\/\/www.xavinhotelharkany.hu\/hr\/kako-do-nas-kontakt\/\">Kako do nas &#8211; Kontakt<\/a><\/li>\n<li class=\"page_item page-item-1624\"><a href=\"https:\/\/www.xavinhotelharkany.hu\/hr\/karta-web-mjesta\/\">Karta web mjesta<\/a><\/li>\n<li class=\"page_item page-item-1543\"><a href=\"https:\/\/www.xavinhotelharkany.hu\/hr\/kontaktirajte-nas\/\">Kontaktirajte nas<\/a><\/li>\n<li class=\"page_item page-item-315\"><a href=\"https:\/\/www.xavinhotelharkany.hu\/hr\/lavanda-bar-konferencija\/\">Lavanda Bar &#8211; Konferencija<\/a><\/li>\n<li class=\"page_item page-item-302\"><a href=\"https:\/\/www.xavinhotelharkany.hu\/hr\/legenda-o-harki\/\">Legenda o Harki<\/a><\/li>\n<li class=\"page_item page-item-6561\"><a href=\"https:\/\/www.xavinhotelharkany.hu\/hr\/ljekovita-voda-harkany-zanimljive-cinjenice\/\">Ljekovita voda Hark\u00e1ny \u2013 zanimljive \u010dinjenice<\/a><\/li>\n<li class=\"page_item page-item-311\"><a href=\"https:\/\/www.xavinhotelharkany.hu\/hr\/nas-hotel\/\">Na\u0161 hotel<\/a><\/li>\n<li class=\"page_item page-item-365\"><a href=\"https:\/\/www.xavinhotelharkany.hu\/hr\/nase-cijene\/\">Na\u0161e cijene<\/a><\/li>\n<li class=\"page_item page-item-3810\"><a href=\"https:\/\/www.xavinhotelharkany.hu\/hr\/nase-sobe\/\">Na\u0161e sobe<\/a><\/li>\n<li class=\"page_item page-item-341\"><a href=\"https:\/\/www.xavinhotelharkany.hu\/hr\/oliva-restoran\/\">Oliva Restoran<\/a><\/li>\n<li class=\"page_item page-item-3692\"><a href=\"https:\/\/www.xavinhotelharkany.hu\/hr\/paketi-paketne-ponude\/\">Paketi, Paketne ponude<\/a><\/li>\n<li class=\"page_item page-item-7141\"><a href=\"https:\/\/www.xavinhotelharkany.hu\/hr\/pravila-o-kolacicima\/\">Pravila o kola\u010di\u0107ima<\/a><\/li>\n<li class=\"page_item page-item-7139\"><a href=\"https:\/\/www.xavinhotelharkany.hu\/hr\/pravila-privatnosti\/\">Pravila privatnosti<\/a><\/li>\n<li class=\"page_item page-item-351\"><a href=\"https:\/\/www.xavinhotelharkany.hu\/hr\/wellness\/\">Wellness<\/a><\/li>\n<li class=\"page_item page-item-2941\"><a href=\"https:\/\/www.xavinhotelharkany.hu\/hr\/zahtjevu_je_uspjesno_poslan\/\">Zahtjev je uspje\u0161no poslan.<\/a><\/li>\n<li class=\"page_item page-item-2820\"><a href=\"https:\/\/www.xavinhotelharkany.hu\/hr\/zahtjev_za_ponudom\/\">Zahtjev za ponudom<\/a><\/li>\n<li class=\"page_item page-item-3762\"><a href=\"https:\/\/www.xavinhotelharkany.hu\/hr\/znamenitosti-i-slobodno-vrijeme\/\">Znamenitosti i slobodno vrijeme<\/a><\/li>\n<\/ul>\n<h2 class=\"wsp-rooms-title\">Zimmer<\/h2>\n<ul class=\"wsp-rooms-list\">\n<li><a href=\"https:\/\/www.xavinhotelharkany.hu\/hr\/room\/odmor-za-starije-osobe-xavin-hotel\/\">Odmor za starije osobe - Xavin Hotel<\/a><\/li>\n<li><a href=\"https:\/\/www.xavinhotelharkany.hu\/hr\/room\/vikend-vina-i-wellnessa-u-harkanyju\/\">Vikend vina i wellnessa u Harkanyju<\/a><\/li>\n<li><a href=\"https:\/\/www.xavinhotelharkany.hu\/hr\/room\/pet-romanticnih-wellness-dana-za-zaljubljene\/\">Pet romanti\u010dnih wellness dana za zaljubljene<\/a><\/li>\n<li><a href=\"https:\/\/www.xavinhotelharkany.hu\/hr\/room\/opustajuci-dani-u-xavinu\/\">Opu\u0161taju\u0107i dani u Xavinu<\/a><\/li>\n<li><a href=\"https:\/\/www.xavinhotelharkany.hu\/hr\/room\/standardna-dvokrevetna-soba-s-odvojenim-krevetima\/\">Standardna dvokrevetna soba s odvojenim krevetima<\/a><\/li>\n<li><a href=\"https:\/\/www.xavinhotelharkany.hu\/hr\/room\/standardna-dvokrevetna-soba-s-bracnim-krevetom\/\">Standardna dvokrevetna soba s bra\u010dnim krevetom<\/a><\/li>\n<li><a href=\"https:\/\/www.xavinhotelharkany.hu\/hr\/room\/standardna-dvokrevetna-soba-s-razvlacivim-krevetom-za-3-osobe\/\">Standardna dvokrevetna soba s razvla\u010divim krevetom (za 3 osobe)<\/a><\/li>\n<li><a href=\"https:\/\/www.xavinhotelharkany.hu\/hr\/room\/standardna-dvokrevetna-soba-s-razvlacivim-krevetom-za-4-osobe\/\">Standardna dvokrevetna soba s razvla\u010divim krevetom (za 4 osobe)<\/a><\/li>\n<li><a href=\"https:\/\/www.xavinhotelharkany.hu\/hr\/room\/obiteljski-suite\/\">Obiteljski suite<\/a><\/li>\n<li><a href=\"https:\/\/www.xavinhotelharkany.hu\/hr\/room\/obiteljska-soba\/\">Obiteljska soba<\/a><\/li>\n<li><a href=\"https:\/\/www.xavinhotelharkany.hu\/hr\/room\/sobe-prilagodene-za-osobe-s-invaliditetom\/\">Sobe prilago\u0111ene za osobe s invaliditetom<\/a><\/li>\n<\/ul>\n<h2 class=\"wsp-gallerys-title\">Galerie<\/h2>\n<ul class=\"wsp-gallerys-list\">\n<li><a href=\"https:\/\/www.xavinhotelharkany.hu\/hr\/gallery\/harkany-plaza-i-kupaliste\/\">Hark\u00e1ny Pla\u017ea i Kupali\u0161te<\/a><\/li>\n<li><a href=\"https:\/\/www.xavinhotelharkany.hu\/hr\/gallery\/harka-vodeni-svijet-i-bazen-s-dozivljajem\/\">Harka Vodeni svijet i bazen s do\u017eivljajem<\/a><\/li>\n<li><a href=\"https:\/\/www.xavinhotelharkany.hu\/hr\/gallery\/ljeciliste-harkany\/\">Lje\u010dili\u0161te Hark\u00e1ny<\/a><\/li>\n<li><a href=\"https:\/\/www.xavinhotelharkany.hu\/hr\/gallery\/uskrs\/\">Uskrs<\/a><\/li>\n<li><a href=\"https:\/\/www.xavinhotelharkany.hu\/hr\/gallery\/xavin-snack-sampanjac-zabava\/\">Xavin Snack &amp; \u0160ampanjac zabava<\/a><\/li>\n<li><a href=\"https:\/\/www.xavinhotelharkany.hu\/hr\/gallery\/harkany-grad\/\">Hark\u00e1ny, grad<\/a><\/li>\n<li><a href=\"https:\/\/www.xavinhotelharkany.hu\/hr\/gallery\/ukusan-i-zasitan-dorucak\/\">Ukusan i zasitan doru\u010dak<\/a><\/li>\n<li><a href=\"https:\/\/www.xavinhotelharkany.hu\/hr\/gallery\/nas-hotel\/\">Na\u0161 hotel<\/a><\/li>\n<li><a href=\"https:\/\/www.xavinhotelharkany.hu\/hr\/gallery\/restoran-oliva\/\">Restoran Oliva<\/a><\/li>\n<li><a href=\"https:\/\/www.xavinhotelharkany.hu\/hr\/gallery\/lavanda-vrt\/\">Lavanda vrt<\/a><\/li>\n<li><a href=\"https:\/\/www.xavinhotelharkany.hu\/hr\/gallery\/standardna-dvokrevetna-soba-s-odvojenim-krevetima\/\">Standardna dvokrevetna soba s odvojenim krevetima<\/a><\/li>\n<li><a href=\"https:\/\/www.xavinhotelharkany.hu\/hr\/gallery\/standardna-dvokrevetna-soba-s-bracnim-krevetom\/\">Standardna dvokrevetna soba s bra\u010dnim krevetom<\/a><\/li>\n<li><a href=\"https:\/\/www.xavinhotelharkany.hu\/hr\/gallery\/standardna-dvokrevetna-soba-s-pomocnim-krevetom\/\">Standardna dvokrevetna soba s pomo\u0107nim krevetom<\/a><\/li>\n<li><a href=\"https:\/\/www.xavinhotelharkany.hu\/hr\/gallery\/obiteljski-suite\/\">Obiteljski suite<\/a><\/li>\n<li><a href=\"https:\/\/www.xavinhotelharkany.hu\/hr\/gallery\/sobe-prilagodene-osobama-s-invaliditetom\/\">Sobe prilago\u0111ene osobama s invaliditetom<\/a><\/li>\n<li><a href=\"https:\/\/www.xavinhotelharkany.hu\/hr\/gallery\/obiteljska-soba\/\">Obiteljska soba<\/a><\/li>\n<li><a href=\"https:\/\/www.xavinhotelharkany.hu\/hr\/gallery\/masaza\/\">Masa\u017ea<\/a><\/li>\n<li><a href=\"https:\/\/www.xavinhotelharkany.hu\/hr\/gallery\/sauna-slana-kabina-parna-kupelj\/\">Sauna, slana kabina, parna kupelj<\/a><\/li>\n<li><a href=\"https:\/\/www.xavinhotelharkany.hu\/hr\/gallery\/bazen\/\">Bazen<\/a><\/li>\n<li><a href=\"https:\/\/www.xavinhotelharkany.hu\/hr\/gallery\/proljetna-atmosfera\/\">Proljetna atmosfera<\/a><\/li>\n<li><a href=\"https:\/\/www.xavinhotelharkany.hu\/hr\/gallery\/festival-zetve\/\">Festival \u017eetve<\/a><\/li>\n<li><a href=\"https:\/\/www.xavinhotelharkany.hu\/hr\/gallery\/silvestar-u-xavinu\/\">Silvestar u Xavinu<\/a><\/li>\n<li><a href=\"https:\/\/www.xavinhotelharkany.hu\/hr\/gallery\/zimska-atmosfera\/\">Zimska atmosfera<\/a><\/li>\n<\/ul>\n<h2 class=\"wsp-room_categorys-title\">Kateg\u00f3ri\u00e1k<\/h2>\n<ul class=\"wsp-room_categorys-list\">\n<li><a href=\"https:\/\/www.xavinhotelharkany.hu\/hr\/room_category\/csomagajanlatok\/\">Csomagaj\u00e1nlat<\/a><\/li>\n<li><a href=\"https:\/\/www.xavinhotelharkany.hu\/hr\/room_category\/listaaras_szoba\/\">Lista\u00e1ras szoba<\/a><\/li>\n<\/ul>\n<\/div>\n","protected":false},"excerpt":{"rendered":"","protected":false},"author":1,"featured_media":0,"parent":0,"menu_order":0,"comment_status":"open","ping_status":"closed","template":"","meta":{"footnotes":""},"class_list":["post-1624","page","type-page","status-publish","hentry"],"aioseo_notices":[],"_links":{"self":[{"href":"https:\/\/www.xavinhotelharkany.hu\/hr\/wp-json\/wp\/v2\/pages\/1624","targetHints":{"allow":["GET"]}}],"collection":[{"href":"https:\/\/www.xavinhotelharkany.hu\/hr\/wp-json\/wp\/v2\/pages"}],"about":[{"href":"https:\/\/www.xavinhotelharkany.hu\/hr\/wp-json\/wp\/v2\/types\/page"}],"author":[{"embeddable":true,"href":"https:\/\/www.xavinhotelharkany.hu\/hr\/wp-json\/wp\/v2\/users\/1"}],"replies":[{"embeddable":true,"href":"https:\/\/www.xavinhotelharkany.hu\/hr\/wp-json\/wp\/v2\/comments?post=1624"}],"version-history":[{"count":1,"href":"https:\/\/www.xavinhotelharkany.hu\/hr\/wp-json\/wp\/v2\/pages\/1624\/revisions"}],"predecessor-version":[{"id":5986,"href":"https:\/\/www.xavinhotelharkany.hu\/hr\/wp-json\/wp\/v2\/pages\/1624\/revisions\/5986"}],"wp:attachment":[{"href":"https:\/\/www.xavinhotelharkany.hu\/hr\/wp-json\/wp\/v2\/media?parent=1624"}],"curies":[{"name":"wp","href":"https:\/\/api.w.org\/{rel}","templated":true}]}}