{"id":2820,"date":"2015-05-12T06:30:25","date_gmt":"2015-05-12T06:30:25","guid":{"rendered":"http:\/\/www.xavinhotelharkany.hu\/eng\/?page_id=2820"},"modified":"2025-03-17T10:49:14","modified_gmt":"2025-03-17T10:49:14","slug":"zahtjev_za_ponudom","status":"publish","type":"page","link":"https:\/\/www.xavinhotelharkany.hu\/hr\/zahtjev_za_ponudom\/","title":{"rendered":"Zahtjev za ponudom"},"content":{"rendered":"<p><strong>Zahtjev za ponudom jednostavno i brzo!<\/strong><\/p>\n<p>Molimo unesite planirani datum dolaska i odlaska za zahtjev ponude, zatim odaberite broj gostiju (odrasli \/ djeca) s padaju\u0107eg popisa i na kraju \u017eeljenu kategoriju sobe i uslugu.<\/p>\n<p style=\"text-align: justify;\">Na\u0161i djelatnici rado \u0107e vam pomo\u0107i sa svim otvorenim pitanjima. Alternativno, svoje pitanje mo\u017eete postaviti i <a href=\"\/hr\/kontaktirajte-nas\/\">ovdje<\/a>.<\/p>\n","protected":false},"excerpt":{"rendered":"<p>Zahtjev za ponudom jednostavno i brzo! Molimo unesite planirani datum dolaska i odlaska za zahtjev ponude, zatim odaberite broj gostiju (odrasli \/ djeca)[&#8230;]<\/p>\n","protected":false},"author":1,"featured_media":0,"parent":0,"menu_order":0,"comment_status":"closed","ping_status":"closed","template":"template-booking.php","meta":{"footnotes":""},"class_list":["post-2820","page","type-page","status-publish","hentry"],"aioseo_notices":[],"_links":{"self":[{"href":"https:\/\/www.xavinhotelharkany.hu\/hr\/wp-json\/wp\/v2\/pages\/2820","targetHints":{"allow":["GET"]}}],"collection":[{"href":"https:\/\/www.xavinhotelharkany.hu\/hr\/wp-json\/wp\/v2\/pages"}],"about":[{"href":"https:\/\/www.xavinhotelharkany.hu\/hr\/wp-json\/wp\/v2\/types\/page"}],"author":[{"embeddable":true,"href":"https:\/\/www.xavinhotelharkany.hu\/hr\/wp-json\/wp\/v2\/users\/1"}],"replies":[{"embeddable":true,"href":"https:\/\/www.xavinhotelharkany.hu\/hr\/wp-json\/wp\/v2\/comments?post=2820"}],"version-history":[{"count":11,"href":"https:\/\/www.xavinhotelharkany.hu\/hr\/wp-json\/wp\/v2\/pages\/2820\/revisions"}],"predecessor-version":[{"id":6019,"href":"https:\/\/www.xavinhotelharkany.hu\/hr\/wp-json\/wp\/v2\/pages\/2820\/revisions\/6019"}],"wp:attachment":[{"href":"https:\/\/www.xavinhotelharkany.hu\/hr\/wp-json\/wp\/v2\/media?parent=2820"}],"curies":[{"name":"wp","href":"https:\/\/api.w.org\/{rel}","templated":true}]}}