{"id":2941,"date":"2015-05-13T05:16:45","date_gmt":"2015-05-13T05:16:45","guid":{"rendered":"http:\/\/www.xavinhotelharkany.hu\/eng\/?page_id=2941"},"modified":"2025-03-17T10:50:27","modified_gmt":"2025-03-17T10:50:27","slug":"zahtjevu_je_uspjesno_poslan","status":"publish","type":"page","link":"https:\/\/www.xavinhotelharkany.hu\/hr\/zahtjevu_je_uspjesno_poslan\/","title":{"rendered":"Zahtjev je uspje\u0161no poslan."},"content":{"rendered":"<h2>Zahtjev je uspje\u0161no poslan<\/h2>\n<p>Hvala vam \u0161to ste odabrali na\u0161 hotel! Primili smo va\u0161 zahtjev i uskoro \u0107emo vas kontaktirati putem e-po\u0161te ili telefona.<\/p>\n<p>Pojedinosti va\u0161eg zahtjeva poslane su na va\u0161u e-mail adresu. Ako imate dodatnih pitanja, slobodno nas <a title=\"kontaktirajte\" href=\"\/hr\/kontaktirajte-nas\/\" target=\"_blank\" rel=\"noopener\">kontaktirajte<\/a>.<\/p>\n<p>Srda\u010dan pozdrav,<br \/>\n<em style=\"font-size: small;\">Xavin Hotel **** Wellness &amp; Restaurant &#8211; Hark\u00e1ny, Ma\u0111arska<\/em><\/p>\n<h6><a title=\"Povratak na po\u010detnu stranicu\" href=\"\/hr\/\">Povratak na po\u010detnu stranicu<\/a><\/h6>\n","protected":false},"excerpt":{"rendered":"<p>Zahtjev je uspje\u0161no poslan Hvala vam \u0161to ste odabrali na\u0161 hotel! Primili smo va\u0161 zahtjev i uskoro \u0107emo vas kontaktirati putem e-po\u0161te ili[&#8230;]<\/p>\n","protected":false},"author":1,"featured_media":0,"parent":0,"menu_order":0,"comment_status":"closed","ping_status":"closed","template":"","meta":{"footnotes":""},"class_list":["post-2941","page","type-page","status-publish","hentry"],"aioseo_notices":[],"_links":{"self":[{"href":"https:\/\/www.xavinhotelharkany.hu\/hr\/wp-json\/wp\/v2\/pages\/2941","targetHints":{"allow":["GET"]}}],"collection":[{"href":"https:\/\/www.xavinhotelharkany.hu\/hr\/wp-json\/wp\/v2\/pages"}],"about":[{"href":"https:\/\/www.xavinhotelharkany.hu\/hr\/wp-json\/wp\/v2\/types\/page"}],"author":[{"embeddable":true,"href":"https:\/\/www.xavinhotelharkany.hu\/hr\/wp-json\/wp\/v2\/users\/1"}],"replies":[{"embeddable":true,"href":"https:\/\/www.xavinhotelharkany.hu\/hr\/wp-json\/wp\/v2\/comments?post=2941"}],"version-history":[{"count":5,"href":"https:\/\/www.xavinhotelharkany.hu\/hr\/wp-json\/wp\/v2\/pages\/2941\/revisions"}],"predecessor-version":[{"id":6020,"href":"https:\/\/www.xavinhotelharkany.hu\/hr\/wp-json\/wp\/v2\/pages\/2941\/revisions\/6020"}],"wp:attachment":[{"href":"https:\/\/www.xavinhotelharkany.hu\/hr\/wp-json\/wp\/v2\/media?parent=2941"}],"curies":[{"name":"wp","href":"https:\/\/api.w.org\/{rel}","templated":true}]}}