{"id":299,"date":"2014-11-14T08:31:33","date_gmt":"2014-11-14T08:31:33","guid":{"rendered":"http:\/\/localhost\/?page_id=299"},"modified":"2025-02-26T09:46:35","modified_gmt":"2025-02-26T09:46:35","slug":"grad","status":"publish","type":"page","link":"https:\/\/www.xavinhotelharkany.hu\/hr\/grad\/","title":{"rendered":"Grad"},"content":{"rendered":"<div class=\"block_first\">\n<h2>Grad &#8211; Lje\u010dili\u0161ki grad<\/h2>\n<p style=\"text-align: justify;\">U \u017eupaniji Baranja, podno planine Tenkes i u blizini planinskog podru\u010dja Vill\u00e1ny, smjestio se sun\u010dani gradi\u0107 \u010dija je legenda nevjerojatna, ali \u010diji su prirodni resursi neusporedivi. Jeste li ikada \u010duli za mjesto gdje su vino, avantura, kultura, termalna voda i wellness na dohvat ruke? Svojim prirodnim i kulturnim blagom, Hark\u00e1ny je gotovo jedinstven u Ma\u0111arskoj.<\/p>\n<p style=\"text-align: justify;\">Hark\u00e1ny je jedno od najva\u017enijih i najljep\u0161ih lje\u010dili\u0161ta u Ma\u0111arskoj. Mikroklima grada je jedinstvena, s 20% vi\u0161e sun\u010danih sati godi\u0161nje u odnosu na ma\u0111arski prosjek. Zbog toga su biljke poput smokava i nara postale doma\u0107e u ovom podru\u010dju.<\/p>\n<p style=\"text-align: justify;\">U samom gradu i okolici posjetiteljima se nudi bogat i raznolik program aktivnosti. Pogledajte <a title=\"Znamenitosti i slobodno vrijeme.\" href=\"\/de\/sehenswuerdigkeiten-und-freizeit\/\"><strong>OVDJE<\/strong><\/a> znamenitosti i ponudu slobodnog vremena u regiji!<\/p>\n<div id=\"attachment_2599\" style=\"width: 1610px\" class=\"wp-caption aligncenter\"><a href=\"\/wp-content\/uploads\/2015\/05\/IMG_0386.jpg\" data-rel=\"prettyPhoto[299]\"><img decoding=\"async\" aria-describedby=\"caption-attachment-2599\" class=\"wp-image-2599 size-full\" src=\"\/wp-content\/uploads\/2015\/05\/IMG_0386.jpg\" alt=\"die Stadt\" width=\"1600\" height=\"1067\" srcset=\"https:\/\/www.xavinhotelharkany.hu\/wp-content\/uploads\/2015\/05\/IMG_0386.jpg 1600w, https:\/\/www.xavinhotelharkany.hu\/wp-content\/uploads\/2015\/05\/IMG_0386-300x200.jpg 300w, https:\/\/www.xavinhotelharkany.hu\/wp-content\/uploads\/2015\/05\/IMG_0386-1024x682.jpg 1024w, https:\/\/www.xavinhotelharkany.hu\/wp-content\/uploads\/2015\/05\/IMG_0386-750x500.jpg 750w\" sizes=\"(max-width: 1600px) 100vw, 1600px\" \/><\/a><p id=\"caption-attachment-2599\" class=\"wp-caption-text\">Hark\u00e1ny Lje\u010dili\u0161ne kupke<\/p><\/div>\n<h2>Znamenitosti u Hark\u00e1nyu<\/h2>\n<h3>Katoli\u010dka crkva i groblje<\/h3>\n<div id=\"attachment_322\" style=\"width: 160px\" class=\"wp-caption alignleft\"><a href=\"\/wp-content\/uploads\/2014\/11\/latnivalok_1.jpg\" data-rel=\"prettyPhoto[299]\"><img decoding=\"async\" aria-describedby=\"caption-attachment-322\" class=\"wp-image-322 size-thumbnail\" src=\"\/wp-content\/uploads\/2014\/11\/latnivalok_1-150x150.jpg\" alt=\"Katoli\u010dka crkva i groblje\" width=\"150\" height=\"150\" srcset=\"https:\/\/www.xavinhotelharkany.hu\/wp-content\/uploads\/2014\/11\/latnivalok_1-150x150.jpg 150w, https:\/\/www.xavinhotelharkany.hu\/wp-content\/uploads\/2014\/11\/latnivalok_1-100x100.jpg 100w\" sizes=\"(max-width: 150px) 100vw, 150px\" \/><\/a><p id=\"caption-attachment-322\" class=\"wp-caption-text\">Katoli\u010dka crkva i groblje<\/p><\/div>\n<p style=\"text-align: justify;\">Na vanjskom zidu crkve izgra\u0111ene 1990-ih godina prikazana je povijest Isusove muke u enamelednoj slici L\u00e1szl\u00f3a Morvaija. Ove vatromalirane slike nastavljaju se na groblju i prikazuju zna\u010dajne doga\u0111aje i osobe iz ma\u0111arske povijesti. Prethodni graditeljski objekt crkve bila je kapela iz 1906. godine.<\/p>\n<\/div>\n<div class=\"block\">\n<h3>Reformirana crkva i groblje<\/h3>\n<div id=\"attachment_324\" style=\"width: 160px\" class=\"wp-caption alignleft\"><a href=\"\/wp-content\/uploads\/2014\/11\/latnivalok_2.jpg\" data-rel=\"prettyPhoto[299]\"><img decoding=\"async\" aria-describedby=\"caption-attachment-324\" class=\"wp-image-324 size-thumbnail\" src=\"\/wp-content\/uploads\/2014\/11\/latnivalok_2-150x150.jpg\" alt=\"Reformirana crkva i groblje\" width=\"150\" height=\"150\" srcset=\"https:\/\/www.xavinhotelharkany.hu\/wp-content\/uploads\/2014\/11\/latnivalok_2-150x150.jpg 150w, https:\/\/www.xavinhotelharkany.hu\/wp-content\/uploads\/2014\/11\/latnivalok_2-100x100.jpg 100w\" sizes=\"(max-width: 150px) 100vw, 150px\" \/><\/a><p id=\"caption-attachment-324\" class=\"wp-caption-text\">Reformirana crkva i groblje<\/p><\/div>\n<p style=\"text-align: justify;\">Na ulici Kossuth-Lajos, paralelno s lje\u010dili\u0161tem i pla\u017eom, nalazi se za\u0161ti\u0107ena reformirana crkva iz 1802. godine u zidnom stilu. Posjeduje tri zvona i osmostruku orgulju. Uz njezinu opremu nalaze se dvije cinkane posude i tanjuri iz 1820. godine, kao i dvije \u0161alice i tanjuri iz 1833. godine.<\/p>\n<\/div>\n<div class=\"block\">\n<h3>Reformirana crkva Terehegy<\/h3>\n<div id=\"attachment_325\" style=\"width: 160px\" class=\"wp-caption alignleft\"><a href=\"\/wp-content\/uploads\/2014\/11\/latnivalok_3.jpg\" data-rel=\"prettyPhoto[299]\"><img decoding=\"async\" aria-describedby=\"caption-attachment-325\" class=\"wp-image-325 size-thumbnail\" src=\"\/wp-content\/uploads\/2014\/11\/latnivalok_3-150x150.jpg\" alt=\"Reformirana crkva Terehegy\" width=\"150\" height=\"150\" srcset=\"https:\/\/www.xavinhotelharkany.hu\/wp-content\/uploads\/2014\/11\/latnivalok_3-150x150.jpg 150w, https:\/\/www.xavinhotelharkany.hu\/wp-content\/uploads\/2014\/11\/latnivalok_3-100x100.jpg 100w\" sizes=\"(max-width: 150px) 100vw, 150px\" \/><\/a><p id=\"caption-attachment-325\" class=\"wp-caption-text\">Reformirana crkva Terehegy<\/p><\/div>\n<p style=\"text-align: justify;\">Crkva izgra\u0111ena 1798. godine, koja je tako\u0111er pod za\u0161titom, nalazi se na maloj uzvisini u naselju na brdu. Izvorno je bila drvena crkva, koja je izgra\u0111ena 1761. godine. Okolica crkve, koja se nalazi na kutu Terehegyi i Ostoros ulice, lijepo je ure\u0111ena. Crkva ima \u010detiri zvona, crkvene klupe su u baroknom stilu, a orgulje su u rokoko stilu.<\/p>\n<\/div>\n<div class=\"block\">\n<h3>\u0160etali\u0161te Zsigmondy, Park<\/h3>\n<div id=\"attachment_327\" style=\"width: 160px\" class=\"wp-caption alignleft\"><a href=\"\/wp-content\/uploads\/2014\/11\/latnivalok_41.jpg\" data-rel=\"prettyPhoto[299]\"><img decoding=\"async\" aria-describedby=\"caption-attachment-327\" class=\"wp-image-327 size-thumbnail\" src=\"\/wp-content\/uploads\/2014\/11\/latnivalok_41-150x150.jpg\" alt=\"Klupa na \u0161etali\u0161tu Zsigmondy s jesenskim bojama\" width=\"150\" height=\"150\" srcset=\"https:\/\/www.xavinhotelharkany.hu\/wp-content\/uploads\/2014\/11\/latnivalok_41-150x150.jpg 150w, https:\/\/www.xavinhotelharkany.hu\/wp-content\/uploads\/2014\/11\/latnivalok_41-100x100.jpg 100w\" sizes=\"(max-width: 150px) 100vw, 150px\" \/><\/a><p id=\"caption-attachment-327\" class=\"wp-caption-text\">Klupa na \u0161etali\u0161tu Zsigmondy s jesenskim bojama<\/p><\/div>\n<p style=\"text-align: justify;\">Park ju\u017eno od terme sadr\u017ei mnoge umjetni\u010dke radove i udobne klupe.<\/p>\n<\/div>\n<div class=\"block\">\n<h3>Fontana Harka<\/h3>\n<div id=\"attachment_328\" style=\"width: 160px\" class=\"wp-caption alignleft\"><a href=\"\/wp-content\/uploads\/2014\/11\/latnivalok_5.jpg\" data-rel=\"prettyPhoto[299]\"><img decoding=\"async\" aria-describedby=\"caption-attachment-328\" class=\"wp-image-328 size-thumbnail\" src=\"\/wp-content\/uploads\/2014\/11\/latnivalok_5-150x150.jpg\" alt=\"Fontana Harka\" width=\"150\" height=\"150\" srcset=\"https:\/\/www.xavinhotelharkany.hu\/wp-content\/uploads\/2014\/11\/latnivalok_5-150x150.jpg 150w, https:\/\/www.xavinhotelharkany.hu\/wp-content\/uploads\/2014\/11\/latnivalok_5-100x100.jpg 100w\" sizes=\"(max-width: 150px) 100vw, 150px\" \/><\/a><p id=\"caption-attachment-328\" class=\"wp-caption-text\">Fontana Harka<\/p><\/div>\n<p style=\"text-align: justify;\">Vrijedna Zsolnay fontana u parku, koja je instalirana 2000. godine, prikazuje motiv povezan s legendom o Harkany vodi.<\/p>\n<\/div>\n<div class=\"block\">\n<h3>Land Jabuka Ammer<\/h3>\n<div id=\"attachment_329\" style=\"width: 160px\" class=\"wp-caption alignleft\"><a href=\"\/wp-content\/uploads\/2014\/11\/latnivalok_6.jpg\" data-rel=\"prettyPhoto[299]\"><img decoding=\"async\" aria-describedby=\"caption-attachment-329\" class=\"wp-image-329 size-thumbnail\" src=\"\/wp-content\/uploads\/2014\/11\/latnivalok_6-150x150.jpg\" alt=\"Land Jabuka Ammer\" width=\"150\" height=\"150\" srcset=\"https:\/\/www.xavinhotelharkany.hu\/wp-content\/uploads\/2014\/11\/latnivalok_6-150x150.jpg 150w, https:\/\/www.xavinhotelharkany.hu\/wp-content\/uploads\/2014\/11\/latnivalok_6-100x100.jpg 100w\" sizes=\"(max-width: 150px) 100vw, 150px\" \/><\/a><p id=\"caption-attachment-329\" class=\"wp-caption-text\">Land Jabuka Ammer<\/p><\/div>\n<p style=\"text-align: justify;\">Millennium Kingdom Splash, koji je izgra\u0111en 2000. godine ispred zgrade op\u0107ine, djelo je L\u00e1szl\u00f3a Vajde i Tam\u00e1sa Kamerera.<\/p>\n<\/div>\n","protected":false},"excerpt":{"rendered":"<p>Grad &#8211; Lje\u010dili\u0161ki grad U \u017eupaniji Baranja, podno planine Tenkes i u blizini planinskog podru\u010dja Vill\u00e1ny, smjestio se sun\u010dani gradi\u0107 \u010dija je legenda[&#8230;]<\/p>\n","protected":false},"author":1,"featured_media":0,"parent":0,"menu_order":0,"comment_status":"open","ping_status":"closed","template":"","meta":{"footnotes":""},"class_list":["post-299","page","type-page","status-publish","hentry"],"aioseo_notices":[],"_links":{"self":[{"href":"https:\/\/www.xavinhotelharkany.hu\/hr\/wp-json\/wp\/v2\/pages\/299","targetHints":{"allow":["GET"]}}],"collection":[{"href":"https:\/\/www.xavinhotelharkany.hu\/hr\/wp-json\/wp\/v2\/pages"}],"about":[{"href":"https:\/\/www.xavinhotelharkany.hu\/hr\/wp-json\/wp\/v2\/types\/page"}],"author":[{"embeddable":true,"href":"https:\/\/www.xavinhotelharkany.hu\/hr\/wp-json\/wp\/v2\/users\/1"}],"replies":[{"embeddable":true,"href":"https:\/\/www.xavinhotelharkany.hu\/hr\/wp-json\/wp\/v2\/comments?post=299"}],"version-history":[{"count":7,"href":"https:\/\/www.xavinhotelharkany.hu\/hr\/wp-json\/wp\/v2\/pages\/299\/revisions"}],"predecessor-version":[{"id":5974,"href":"https:\/\/www.xavinhotelharkany.hu\/hr\/wp-json\/wp\/v2\/pages\/299\/revisions\/5974"}],"wp:attachment":[{"href":"https:\/\/www.xavinhotelharkany.hu\/hr\/wp-json\/wp\/v2\/media?parent=299"}],"curies":[{"name":"wp","href":"https:\/\/api.w.org\/{rel}","templated":true}]}}