{"id":307,"date":"2014-11-14T08:45:03","date_gmt":"2014-11-14T08:45:03","guid":{"rendered":"http:\/\/localhost\/?page_id=307"},"modified":"2025-02-27T10:12:15","modified_gmt":"2025-02-27T10:12:15","slug":"kako-do-nas-kontakt","status":"publish","type":"page","link":"https:\/\/www.xavinhotelharkany.hu\/hr\/kako-do-nas-kontakt\/","title":{"rendered":"Kako do nas &#8211; Kontakt"},"content":{"rendered":"<h2>Kako do nas &#8211; Kontakt<\/h2>\n<p>Hark\u00e1ny se nalazi na dr\u017eavnoj cesti 58 i udaljen je samo oko 26 kilometara od Pe\u010duha, glavnog grada \u017eupanije Baranya. Xavin Hotel**** Wellness &amp; Restaurant smje\u0161ten je na glavnoj ulici Hark\u00e1nya i nalazi se svega 150 metara od termalnih toplica Hark\u00e1ny Thermal Spa.<\/p>\n<h6>Planer rute i karta<\/h6>\n<p>Isplanirajte svoju rutu pomo\u0107u Google Mapsa!<\/p>\n<p id=\"googlemap\"><strong><iframe src=\"https:\/\/maps.google.hu\/maps?f=q&amp;source=s_q&amp;hl=hu&amp;geocode=&amp;q=Hark%C3%A1ny,+Kossuth+Lajos+utca+43&amp;aq=t&amp;sll=46.868977,19.927973&amp;sspn=2.640124,6.696167&amp;ie=UTF8&amp;hq=&amp;hnear=Hark%C3%A1ny,+Kossuth+Lajos+utca+43,+7815&amp;ll=45.853122,18.234197&amp;spn=0.010507,0.026157&amp;t=h&amp;z=14&amp;output=embed\" width=\"1000\" height=\"500\" frameborder=\"0\" marginwidth=\"0\" marginheight=\"0\" scrolling=\"no\"><\/iframe>Prika\u017ei ve\u0107u kartu<\/strong><\/p>\n<h3>Pogled na ulicu iz smjera Bart\u00f3k B. ulice<\/h3>\n<div id=\"googlemap\"><iframe style=\"border: 0;\" src=\"https:\/\/www.google.com\/maps\/embed?pb=!4v1692034423091!6m8!1m7!1s8GeIKKT1dXJQOf8hNkoPoA!2m2!1d45.85264169830862!2d18.23476270582711!3f324.19476066760194!4f-1.4830675323473628!5f0.8550872358785442\" width=\"1000\" height=\"500\" allowfullscreen=\"allowfullscreen\"><\/iframe><\/div>\n","protected":false},"excerpt":{"rendered":"<p>Kako do nas &#8211; Kontakt Hark\u00e1ny se nalazi na dr\u017eavnoj cesti 58 i udaljen je samo oko 26 kilometara od Pe\u010duha, glavnog grada[&#8230;]<\/p>\n","protected":false},"author":1,"featured_media":0,"parent":0,"menu_order":0,"comment_status":"open","ping_status":"closed","template":"","meta":{"footnotes":""},"class_list":["post-307","page","type-page","status-publish","hentry"],"aioseo_notices":[],"_links":{"self":[{"href":"https:\/\/www.xavinhotelharkany.hu\/hr\/wp-json\/wp\/v2\/pages\/307","targetHints":{"allow":["GET"]}}],"collection":[{"href":"https:\/\/www.xavinhotelharkany.hu\/hr\/wp-json\/wp\/v2\/pages"}],"about":[{"href":"https:\/\/www.xavinhotelharkany.hu\/hr\/wp-json\/wp\/v2\/types\/page"}],"author":[{"embeddable":true,"href":"https:\/\/www.xavinhotelharkany.hu\/hr\/wp-json\/wp\/v2\/users\/1"}],"replies":[{"embeddable":true,"href":"https:\/\/www.xavinhotelharkany.hu\/hr\/wp-json\/wp\/v2\/comments?post=307"}],"version-history":[{"count":6,"href":"https:\/\/www.xavinhotelharkany.hu\/hr\/wp-json\/wp\/v2\/pages\/307\/revisions"}],"predecessor-version":[{"id":5982,"href":"https:\/\/www.xavinhotelharkany.hu\/hr\/wp-json\/wp\/v2\/pages\/307\/revisions\/5982"}],"wp:attachment":[{"href":"https:\/\/www.xavinhotelharkany.hu\/hr\/wp-json\/wp\/v2\/media?parent=307"}],"curies":[{"name":"wp","href":"https:\/\/api.w.org\/{rel}","templated":true}]}}