{"id":311,"date":"2014-11-14T09:11:30","date_gmt":"2014-11-14T09:11:30","guid":{"rendered":"http:\/\/localhost\/?page_id=311"},"modified":"2025-03-18T06:33:16","modified_gmt":"2025-03-18T06:33:16","slug":"nas-hotel","status":"publish","type":"page","link":"https:\/\/www.xavinhotelharkany.hu\/hr\/nas-hotel\/","title":{"rendered":"Na\u0161 hotel"},"content":{"rendered":"<h2>Na\u0161 hotel<\/h2>\n<p>Na\u0161 obiteljski hotel, koji se <strong>kontinuirano obnavlja<\/strong>, ve\u0107 25 godina prima sve one koji \u017eele u\u017eivati u opu\u0161tanju, regeneraciji i odmoru. <strong>Hotel Xavin<\/strong> nalazi se <strong>u srcu Harkanyja<\/strong>, u jednom od najljep\u0161ih gradskih parkova, <strong>samo 150 metara od poznatih lje\u010dili\u0161ta i pla\u017ea Harkanyja<\/strong>, koji su poznati \u0161irom Europe.<\/p>\n<p><a href=\"\/wp-content\/uploads\/2015\/05\/IGP0525_1.jpg\" data-rel=\"prettyPhoto[311]\"><img decoding=\"async\" class=\"wp-image-2702 size-full\" src=\"\/wp-content\/uploads\/2015\/05\/IGP0525_1.jpg\" alt=\"Na\u0161 hotel u proljetnoj atmosferi, s parkom, fontanom i parkirali\u0161tem u pozadini\" width=\"1600\" height=\"1064\" srcset=\"https:\/\/www.xavinhotelharkany.hu\/wp-content\/uploads\/2015\/05\/IGP0525_1.jpg 1600w, https:\/\/www.xavinhotelharkany.hu\/wp-content\/uploads\/2015\/05\/IGP0525_1-300x199.jpg 300w, https:\/\/www.xavinhotelharkany.hu\/wp-content\/uploads\/2015\/05\/IGP0525_1-1024x680.jpg 1024w, https:\/\/www.xavinhotelharkany.hu\/wp-content\/uploads\/2015\/05\/IGP0525_1-750x500.jpg 750w\" sizes=\"(max-width: 1600px) 100vw, 1600px\" \/><\/a> Xavin Hotel &#8211; u srcu Harkanyja<\/p>\n<p>Zahvaljuju\u0107i obnovama od 2013. godine, na\u0161 je hotel do kraja 2014. godine temeljito renoviran, kako unutar, tako i izvan objekta. Na\u0161i gosti mogu birati me\u0111u <strong>34<\/strong> razli\u010dite vrste jedinstveno opremljenih, visokokvalitetnih i udobnih <strong>sob\u0430<\/strong>, koje zadovoljavaju sve njihove potrebe.<\/p>\n<p style=\"text-align: justify;\">Restoran Oliva, smje\u0161ten u prizemlju, stvorio je posebnu atmosferu kori\u0161tenjem visokokvalitetnih materijala tijekom modernizacije, kao i <strong>ekskluzivnim i sofisticiranim namje\u0161tajem<\/strong>. To je elegantno mjesto za doga\u0111anja svih veli\u010dina. Na\u0161 centralno klimatizirani \u00e0 la carte restoran nudi visokokvalitetna jela i pi\u0107a, jam\u010de\u0107i raznovrstan izbor. <strong>Restoran<\/strong> mo\u017ee primiti <strong>do 50 osoba<\/strong>.<\/p>\n<p style=\"text-align: justify;\">Lavanda bar (<strong>zimski vrt<\/strong>) smje\u0161ten je u unutarnjem dvori\u0161tu hotela i pru\u017ea svim gostima prekrasno iskustvo. Centralno <strong>klimatizirani<\/strong> prostor mo\u017ee primiti do 50 osoba i predstavlja dostojan okvir za gotovo svaki doga\u0111aj.<\/p>\n<p style=\"text-align: justify;\">Kako bismo osigurali udobnost i pristupa\u010dnost na\u0161ih gostiju, na raspolaganju su dizalo i <strong>pristupne staze<\/strong> koje udovoljavaju modernim zahtjevima. Be\u017ei\u010dni pristup internetu dostupan je u cijelom hotelu i besplatan je za na\u0161e goste.<\/p>\n<table class=\"szobak\">\n<tbody>\n<tr>\n<td><a href=\"\/wp-content\/uploads\/2015\/05\/IGP0349_1.jpg\" data-rel=\"prettyPhoto[311]\"><img decoding=\"async\" class=\"alignnone wp-image-2677\" src=\"\/wp-content\/uploads\/2015\/05\/IGP0349_1.jpg\" alt=\"Ulaz u restoran Oliva\" width=\"500\" height=\"752\" srcset=\"https:\/\/www.xavinhotelharkany.hu\/wp-content\/uploads\/2015\/05\/IGP0349_1.jpg 1064w, https:\/\/www.xavinhotelharkany.hu\/wp-content\/uploads\/2015\/05\/IGP0349_1-199x300.jpg 199w, https:\/\/www.xavinhotelharkany.hu\/wp-content\/uploads\/2015\/05\/IGP0349_1-680x1024.jpg 680w\" sizes=\"(max-width: 500px) 100vw, 500px\" \/><\/a><\/td>\n<td><a href=\"\/wp-content\/uploads\/2015\/01\/IGP9635_1.jpg\" data-rel=\"prettyPhoto[311]\"><img decoding=\"async\" class=\"alignnone wp-image-1898\" src=\"\/wp-content\/uploads\/2015\/01\/IGP9635_1.jpg\" alt=\"Obnovljeni glavni ulaz i recepcija Xavin hotela\" width=\"500\" height=\"752\" srcset=\"https:\/\/www.xavinhotelharkany.hu\/wp-content\/uploads\/2015\/01\/IGP9635_1.jpg 1064w, https:\/\/www.xavinhotelharkany.hu\/wp-content\/uploads\/2015\/01\/IGP9635_1-199x300.jpg 199w, https:\/\/www.xavinhotelharkany.hu\/wp-content\/uploads\/2015\/01\/IGP9635_1-680x1024.jpg 680w\" sizes=\"(max-width: 500px) 100vw, 500px\" \/><\/a><\/td>\n<td><a href=\"\/wp-content\/uploads\/2016\/03\/IGP0557.jpg\" data-rel=\"prettyPhoto[311]\"><img decoding=\"async\" class=\"aligncenter wp-image-3414\" src=\"\/wp-content\/uploads\/2016\/03\/IGP0557.jpg\" alt=\"Lavanda vrt - dekoracija\" width=\"500\" height=\"752\" \/><\/a><\/td>\n<\/tr>\n<\/tbody>\n<\/table>\n<p style=\"text-align: justify;\">Na\u0161 <strong>wellness centar<\/strong>, koji je kontinuirano pro\u0161irivan od 2001. godine, prostire se na gotovo 200 \u010detvornih metara i nudi na\u0161im gostima <strong>opse\u017ean wellness do\u017eivljaj<\/strong> s raznovrsnim uslugama. Uz na\u0161e <strong>bazene<\/strong>, <strong>finsku saunu<\/strong>, <strong>tursku parnu kupelj<\/strong>, <strong>tropske ki\u0161ne i do\u017eivljajske tu\u0161eve<\/strong>, tu je i <strong>tepidarij<\/strong> te jedinstvena atrakcija u Harkanyju \u2013 <strong>solna soba<\/strong>. Himalajska solna zidna obloga solne sobe je atmosferski osvijetljena i koristi tehniku vla\u017enog raspr\u0161ivanja soli kako bi ispunila svoje ljekovito djelovanje.<\/p>\n<p style=\"text-align: justify;\">Na\u0161 <strong>hotel s \u010detiri zvjezdice<\/strong> nudi smje\u0161taj ne samo ma\u0111arskim, njema\u010dkim, engleskim, \u010de\u0161kim i ruskim gostima, ve\u0107 je pro\u0161irio svoju ponudu i za bicikliste, osobe s alergijama, osobe s mi\u0161i\u0107no-ko\u0161tanim bolestima i pacijente sa psorijazom.<\/p>\n<p style=\"text-align: justify;\">Tijekom obnove na\u0161eg hotela, posebnu pa\u017enju posvetili smo <strong>spajanju harmonije i elegancije<\/strong>, \u0161to je tako\u0111er dio na\u0161eg slogana. Ako se odlu\u010dite za boravak kod nas, sami \u0107ete se uvjeriti da to nije samo koncept, ve\u0107 stvarnost.<\/p>\n<p style=\"text-align: justify;\">Pogledajte dodatne fotografije na\u0161eg hotela <strong><a title=\"Pogledajte galeriju fotografija na\u0161eg hotela\" href=\"\/hr\/gallery\/nas-hotel\/\">u galeriji<\/a><\/strong>.<\/p>\n<p><a href=\"\/wp-content\/uploads\/2015\/01\/IGP9459_1.jpg\" data-rel=\"prettyPhoto[311]\"><img decoding=\"async\" class=\"wp-image-1810 size-full\" src=\"\/wp-content\/uploads\/2015\/01\/IGP9459_1.jpg\" alt=\"Ambijentalno svjetlo i harmonija na dolaznoj stranici\" width=\"1600\" height=\"1064\" srcset=\"https:\/\/www.xavinhotelharkany.hu\/wp-content\/uploads\/2015\/01\/IGP9459_1.jpg 1600w, https:\/\/www.xavinhotelharkany.hu\/wp-content\/uploads\/2015\/01\/IGP9459_1-300x199.jpg 300w, https:\/\/www.xavinhotelharkany.hu\/wp-content\/uploads\/2015\/01\/IGP9459_1-1024x680.jpg 1024w, https:\/\/www.xavinhotelharkany.hu\/wp-content\/uploads\/2015\/01\/IGP9459_1-750x500.jpg 750w\" sizes=\"(max-width: 1600px) 100vw, 1600px\" \/><\/a> Na\u0161 hotel &#8211; prostor za boravak<\/p>\n","protected":false},"excerpt":{"rendered":"<p>Na\u0161 hotel Na\u0161 obiteljski hotel, koji se kontinuirano obnavlja, ve\u0107 25 godina prima sve one koji \u017eele u\u017eivati u opu\u0161tanju, regeneraciji i odmoru.[&#8230;]<\/p>\n","protected":false},"author":1,"featured_media":0,"parent":0,"menu_order":0,"comment_status":"open","ping_status":"closed","template":"","meta":{"footnotes":""},"class_list":["post-311","page","type-page","status-publish","hentry"],"aioseo_notices":[],"_links":{"self":[{"href":"https:\/\/www.xavinhotelharkany.hu\/hr\/wp-json\/wp\/v2\/pages\/311","targetHints":{"allow":["GET"]}}],"collection":[{"href":"https:\/\/www.xavinhotelharkany.hu\/hr\/wp-json\/wp\/v2\/pages"}],"about":[{"href":"https:\/\/www.xavinhotelharkany.hu\/hr\/wp-json\/wp\/v2\/types\/page"}],"author":[{"embeddable":true,"href":"https:\/\/www.xavinhotelharkany.hu\/hr\/wp-json\/wp\/v2\/users\/1"}],"replies":[{"embeddable":true,"href":"https:\/\/www.xavinhotelharkany.hu\/hr\/wp-json\/wp\/v2\/comments?post=311"}],"version-history":[{"count":12,"href":"https:\/\/www.xavinhotelharkany.hu\/hr\/wp-json\/wp\/v2\/pages\/311\/revisions"}],"predecessor-version":[{"id":6034,"href":"https:\/\/www.xavinhotelharkany.hu\/hr\/wp-json\/wp\/v2\/pages\/311\/revisions\/6034"}],"wp:attachment":[{"href":"https:\/\/www.xavinhotelharkany.hu\/hr\/wp-json\/wp\/v2\/media?parent=311"}],"curies":[{"name":"wp","href":"https:\/\/api.w.org\/{rel}","templated":true}]}}