{"id":315,"date":"2014-11-14T09:26:22","date_gmt":"2014-11-14T09:26:22","guid":{"rendered":"http:\/\/localhost\/?page_id=315"},"modified":"2025-02-26T10:43:41","modified_gmt":"2025-02-26T10:43:41","slug":"lavanda-bar-konferencija","status":"publish","type":"page","link":"https:\/\/www.xavinhotelharkany.hu\/hr\/lavanda-bar-konferencija\/","title":{"rendered":"Lavanda Bar &#8211; Konferencija"},"content":{"rendered":"<h2>Lavanda Garden &#8211; Konferencija<\/h2>\n<table class=\"szobak\">\n<tbody>\n<tr>\n<th colspan=\"2\">Lavanda Zimski Vrt<\/th>\n<\/tr>\n<tr>\n<td style=\"width: 50%;\" rowspan=\"2\"><a href=\"\/wp-content\/uploads\/2022\/12\/IGP1261_r.jpg\" data-rel=\"prettyPhoto[315]\"><img decoding=\"async\" class=\"alignnone wp-image-3416\" src=\"\/wp-content\/uploads\/2022\/12\/IGP1261_r-681x1024.jpg\" alt=\"Lavanda Garden - Lampa\" width=\"499\" height=\"750\" \/><\/a><\/td>\n<td><a href=\"\/wp-content\/uploads\/2022\/12\/IGP2003_r_k.jpg\" data-rel=\"prettyPhoto[315]\"><img decoding=\"async\" class=\"alignnone wp-image-3423 size-large\" src=\"\/wp-content\/uploads\/2022\/12\/IGP2003_r_k-1024x681.jpg\" alt=\"Lavanda Garden - Pogled na vrt\" width=\"750\" height=\"498\" \/><\/a><\/td>\n<\/tr>\n<tr>\n<td><a href=\"\/wp-content\/uploads\/2022\/12\/IGP1238_r.jpg\" data-rel=\"prettyPhoto[315]\"><img decoding=\"async\" class=\"alignnone wp-image-3419 size-large\" src=\"\/wp-content\/uploads\/2022\/12\/IGP1238_r-1024x681.jpg\" alt=\"Lavanda Garden - Dekoracija\" width=\"750\" height=\"499\" \/><\/a><\/td>\n<\/tr>\n<tr>\n<td colspan=\"2\">\n<p style=\"text-align: justify;\">Na\u0161 klimatizirani Lavanda Zimski Vrt sa svojom posebnom atmosferom nudi udoban prostor za do 50 osoba. Mo\u017ee se koristiti za sastanke, obuke, radne ru\u010dkove, ro\u0111endane, obiteljske susrete, zavr\u0161ne proslave i druge doga\u0111aje manjeg obima i visokog standarda.<\/p>\n<\/td>\n<\/tr>\n<\/tbody>\n<\/table>\n<h3>Mogu\u0107nosti za opu\u0161tanje i relaksaciju nakon konferencije<\/h3>\n<table class=\"szobak\">\n<tbody>\n<tr>\n<th colspan=\"2\">Opustite se u na\u0161em Wellness centru<\/th>\n<\/tr>\n<tr>\n<td colspan=\"2\">\n<ul>\n<li>Zagrijani unutarnji bazen s tu\u0161em za vrat i masa\u017enom klupom (7&#215;4 metra, 29\u00b0C)<\/li>\n<li>Ugra\u0111eni masa\u017eni bazen<\/li>\n<li>Ugra\u0111eni turski aromatski parni kupelj<\/li>\n<li>Finska sauna s terapijom svjetlom<\/li>\n<li>Iskusni tu\u0161<\/li>\n<li>Soli\u0161na komora<\/li>\n<li>Tepidarium<\/li>\n<li>Masa\u017ea tijela<\/li>\n<li>Masa\u017ea refleksnih zona na nogama<\/li>\n<li>U\u0161ni svije\u0107e<\/li>\n<\/ul>\n<\/td>\n<\/tr>\n<\/tbody>\n<\/table>\n","protected":false},"excerpt":{"rendered":"<p>Lavanda Garden &#8211; Konferencija Lavanda Zimski Vrt Na\u0161 klimatizirani Lavanda Zimski Vrt sa svojom posebnom atmosferom nudi udoban prostor za do 50 osoba.[&#8230;]<\/p>\n","protected":false},"author":1,"featured_media":0,"parent":0,"menu_order":0,"comment_status":"open","ping_status":"closed","template":"","meta":{"footnotes":""},"class_list":["post-315","page","type-page","status-publish","hentry"],"aioseo_notices":[],"_links":{"self":[{"href":"https:\/\/www.xavinhotelharkany.hu\/hr\/wp-json\/wp\/v2\/pages\/315","targetHints":{"allow":["GET"]}}],"collection":[{"href":"https:\/\/www.xavinhotelharkany.hu\/hr\/wp-json\/wp\/v2\/pages"}],"about":[{"href":"https:\/\/www.xavinhotelharkany.hu\/hr\/wp-json\/wp\/v2\/types\/page"}],"author":[{"embeddable":true,"href":"https:\/\/www.xavinhotelharkany.hu\/hr\/wp-json\/wp\/v2\/users\/1"}],"replies":[{"embeddable":true,"href":"https:\/\/www.xavinhotelharkany.hu\/hr\/wp-json\/wp\/v2\/comments?post=315"}],"version-history":[{"count":6,"href":"https:\/\/www.xavinhotelharkany.hu\/hr\/wp-json\/wp\/v2\/pages\/315\/revisions"}],"predecessor-version":[{"id":5963,"href":"https:\/\/www.xavinhotelharkany.hu\/hr\/wp-json\/wp\/v2\/pages\/315\/revisions\/5963"}],"wp:attachment":[{"href":"https:\/\/www.xavinhotelharkany.hu\/hr\/wp-json\/wp\/v2\/media?parent=315"}],"curies":[{"name":"wp","href":"https:\/\/api.w.org\/{rel}","templated":true}]}}