{"id":365,"date":"2014-11-14T12:15:19","date_gmt":"2014-11-14T12:15:19","guid":{"rendered":"http:\/\/localhost\/?page_id=365"},"modified":"2025-03-17T11:24:24","modified_gmt":"2025-03-17T11:24:24","slug":"nase-cijene","status":"publish","type":"page","link":"https:\/\/www.xavinhotelharkany.hu\/hr\/nase-cijene\/","title":{"rendered":"Na\u0161e cijene"},"content":{"rendered":"<h2>Na\u0161e cijene &#8211; Cjenik za godinu 2026<\/h2>\n<table class=\"arak\">\n<tbody>\n<tr>\n<th colspan=\"3\">Predsezona i postsezona (<span class=\"dateinterval\" style=\"white-space: nowrap;\">02.01.2026.<\/span><span class=\"dateinterval\"> - <\/span><span class=\"dateinterval\" style=\"white-space: nowrap;\">10.06.2026.<\/span> \/ <span class=\"dateinterval\" style=\"white-space: nowrap;\">01.09.2026.<\/span><span class=\"dateinterval\"> - <\/span><span class=\"dateinterval\" style=\"white-space: nowrap;\">21.12.2026.<\/span>)<\/th>\n<\/tr>\n<tr>\n<td class=\"targy\">Standardna jednokrevetna soba za 1 osobu<\/td>\n<td class=\"ar\">95 \u20ac<\/td>\n<td class=\"egys\">\/ 1 Os. \/ No\u0107<\/td>\n<\/tr>\n<tr>\n<td class=\"targy\">Standardna dvokrevetna soba za 2 osobe<\/td>\n<td class=\"ar\">119 \u20ac<\/td>\n<td class=\"egys\">\/ 2 Os. \/ No\u0107<\/td>\n<\/tr>\n<tr>\n<td class=\"targy\">Standardna trokrevetna soba (dijete na pomo\u0107nom krevetu)<\/td>\n<td class=\"ar\">159 \u20ac<\/td>\n<td class=\"egys\">\/ 3 Os. \/ No\u0107<\/td>\n<\/tr>\n<tr>\n<td class=\"targy\">Apartman (2 odrasle osobe i dijete)<\/td>\n<td class=\"ar\">178 \u20ac<\/td>\n<td class=\"egys\">\/ 3 Os. \/ No\u0107<\/td>\n<\/tr>\n<tr>\n<td class=\"targy\">Apartman (2 odrasle osobe i dvoje djece)<\/td>\n<td class=\"ar\">187 \u20ac<\/td>\n<td class=\"egys\">\/ 4 Os. \/ No\u0107<\/td>\n<\/tr>\n<tr>\n<th colspan=\"3\">Glavna sezona (<span class=\"dateinterval\" style=\"white-space: nowrap;\">11.06.2026.<\/span><span class=\"dateinterval\"> - <\/span><span class=\"dateinterval\" style=\"white-space: nowrap;\">31.08.2026.<\/span> \/ <span class=\"dateinterval\" style=\"white-space: nowrap;\">22.12.2026.<\/span><span class=\"dateinterval\"> - <\/span><span class=\"dateinterval\" style=\"white-space: nowrap;\">02.01.2027.<\/span>)<\/th>\n<\/tr>\n<tr>\n<td class=\"targy\">Standardna jednokrevetna soba za 1 osobu<\/td>\n<td class=\"ar\">101 \u20ac<\/td>\n<td class=\"egys\">\/ 1 Os. \/ No\u0107<\/td>\n<\/tr>\n<tr>\n<td class=\"targy\">Standardna dvokrevetna soba za 2 osobe<\/td>\n<td class=\"ar\">127 \u20ac<\/td>\n<td class=\"egys\">\/ 2 Os. \/ No\u0107<\/td>\n<\/tr>\n<tr>\n<td class=\"targy\">Standardna trokrevetna soba (dijete na pomo\u0107nom krevetu)<\/td>\n<td class=\"ar\">165 \u20ac<\/td>\n<td class=\"egys\">\/ 3 Os. \/ No\u0107<\/td>\n<\/tr>\n<tr>\n<td class=\"targy\">Apartman (2 odrasle osobe i dijete)<\/td>\n<td class=\"ar\">180 \u20ac<\/td>\n<td class=\"egys\">\/ 3 Os. \/ No\u0107<\/td>\n<\/tr>\n<tr>\n<td class=\"targy\">Apartman (2 odrasle osobe i dvoje djece)<\/td>\n<td class=\"ar\">201 \u20ac<\/td>\n<td class=\"egys\">\/ 4 Os. \/ No\u0107<\/td>\n<\/tr>\n<\/tbody>\n<\/table>\n<p><em>Turistic\u030cka pristojba: 1,75 \u20ac \/ Osoba \/ Dan za osobe starije od 18 godina.<\/em><br \/>\n<strong>Popusti za djecu:<\/strong><\/p>\n<p>Djeca od 0 do 3 godine su <strong>besplatno<\/strong>.<br \/>\n<b>Cijene vrijede za 1 no\u0107, za vi\u0161e no\u0107i molimo pitajte za na\u0161u sni\u017eenu <a style=\"color: blueviolet;\" href=\"\/hr\/paketi-paketne-ponude\/\" target=\"_blank\" rel=\"noopener\">paket ponudu<\/a>.<\/b><br \/>\n<div id=\"room-amenities\">\n<h3>NA\u0160E CIJENE UKLJU\u010cUJU SLJEDE\u0106E USLUGE<\/h3>\n<ul>\n<li><i class=\"fa fa-star\"><\/i>Udobno opremljene i prilago\u0111ene svim potrebama <strong><a style=\"color: blueviolet;\" href=\"\/hr\/nase-sobe\/\" target=\"_blank\" rel=\"noopener noreferrer\">hotelske sobe<\/a><\/strong> s balkonom ili francuskim balkonom za svaki zahtjev.<\/li>\n\n<li><i class=\"fa fa-star\"><\/i><strong>Bogati \u0161vedski stol za doru\u010dak<\/strong>\n<ul>\n<p class=\"text\"><strong>Hladna jela<\/strong><\/p>\n<li>Slana i slatka peciva (kifle, peciva, lepinje, itd&#8230;)<\/li>\n<li>Kava i kola\u010di<\/li>\n<li>Toast, \u017eitarice, kukuruzne pahuljice, m\u00fcsli<\/li>\n<li>Svje\u017ea sezonska vo\u0107na salata, svje\u017ee povr\u0107e, vo\u0107e i prirodni jogurti<\/li>\n<li>Maslac (margarin na zahtjev), namazi<\/li>\n<li>Razne vo\u0107ne marmelade, med<\/li>\n<li>Raznovrsni naresci i plate sa sirom<\/li>\n<\/ul>\n<ul>\n<p class=\"text\"><strong>Topla jela za doru\u010dak<\/strong><\/p>\n<li>Mije\u0161ana jaja (s lukom, slaninom itd., svakodnevno razli\u010dito), francuski tost, povremeno kuhana i pe\u010dena jaja s raznim dodacima<\/li>\n<li>Pr\u017eene debrecinke, hrenovke<\/li>\n<li>Grah u umaku od raj\u010dice<\/li>\n<li>Mlije\u010dni puding<\/li>\n<\/ul>\n<ul>\n<p class=\"text\"><strong>Hladni i topli napici za doru\u010dak<\/strong><\/p>\n<li>Hladno i toplo mlijeko<\/li>\n<li>Kakao, vru\u0107a \u010dokolada<\/li>\n<li><strong>Profesionalni aparat za kavu<\/strong> Caff\u00e9 Pert\u00e9 s pet vrsta specijaliteta: espresso, du\u017ea kava (Americana), macchiato, cappuccino<\/li>\n<li>Svje\u017ee pripremljeni tradicionalni i vo\u0107ni \u010dajevi<\/li>\n<li>Dnevni izbor sokova (naran\u010da, multivitamin)<\/li>\n<\/ul>\n<ul>\n<p class=\"text\"><strong><a style=\"color: blueviolet;\" href=\"\/hr\/gallery\/ukusan-i-zasitan-dorucak\/\" target=\"_blank\" rel=\"noopener noreferrer\">Pogledajte galeriju doru\u010dka \u00bb<\/a><\/strong><\/p>\n<\/ul>\n<\/li>\n<li><i class=\"fa fa-star\"><\/i><strong>Ve\u010dera na bazi \u0161vedskog stola (ovisno o popunjenosti hotela) ili polupansionski meni a&#8217;la carte.<\/strong>\n<ul>\n<p class=\"text\"><strong>Dvije vrste juha<\/strong><\/p>\n<li>Svje\u017ee pripremljena juha s raznim dodacima (tanke rezance, griz knedle, jetrne knedle&#8230;)<\/li>\n<li>Krem juhe<\/li>\n<\/ul>\n<ul>\n<p class=\"text\"><strong>Glavno jelo<\/strong><\/p>\n<li>4-6 glavnih jela s izborom priloga<\/li>\n<li>Pa\u017eljivo odabrani dnevni meni koji kombinira me\u0111unarodnu, mediteransku i reformsku kuhinju<\/li>\n<\/ul>\n<ul>\n<p class=\"text\"><strong>Salatni bar<\/strong><\/p>\n<li>Svje\u017ee zelene salate<\/li>\n<li>Mije\u0161ane salate<\/li>\n<li>Doma\u0107e kisele krastavce<\/li>\n<\/ul>\n<ul>\n<p class=\"text\"><strong>Desert<\/strong><\/p>\n<li>Doma\u0107e torte<\/li>\n<li>Puding<\/li>\n<li>Svje\u017ee vo\u0107e, d\u017eemovi<\/li>\n<\/ul>\n<ul>\n<p class=\"text\"><strong><a style=\"color: blueviolet;\" href=\"\/hr\/gallery\/restoran-oliva\/\" target=\"_blank\" rel=\"noopener noreferrer\">Pogledajte galeriju restorana \u00bb<\/a><\/strong><\/p>\n<\/ul>\n<\/li>\n<li><i class=\"fa fa-star\"><\/i>Neograni\u010deno kori\u0161tenje <strong><a style=\"color: blueviolet;\" href=\"\/hr\/wellness\/\" target=\"_blank\" rel=\"noopener noreferrer\">wellness centra<\/a><\/strong>\n<ul>\n<li>Unutarnji bazen s obi\u010dnom vodom<\/li>\n<li>Ugra\u0111eni <strong>masa\u017eni bazen<\/strong> s iskustvenim elementima<\/li>\n<li>Pakistanska slana cigla <strong>slana soba<\/strong><\/li>\n<li>Ugra\u0111ena turska <strong>aromati\u010dna parna kabina<\/strong><\/li>\n<li><strong>Finska sauna sa svjetlosnom terapijom<\/strong><\/li>\n<li>Tropski <strong>do\u017eivljajni tu\u0161<\/strong><\/li>\n<li><strong>Tepidarium<\/strong><\/li>\n<li>Osiguravanje ru\u010dnika za saunu u wellness prostoru<\/li>\n<li>Ogrta\u010d u sobi (za zamjenu se napla\u0107uje naknada za \u010di\u0161\u0107enje od 600 HUF)<\/li>\n<\/ul>\n<ul>\n<p class=\"text\"><strong><a style=\"color: blueviolet;\" href=\"\/hr\/gallery\/sauna-slana-kabina-parna-kupelj\/\" target=\"_blank\" rel=\"noopener noreferrer\">Sauna<\/a><\/strong>, <strong><a style=\"color: blueviolet;\" href=\"\/hr\/gallery\/bazen\/\" target=\"_blank\" rel=\"noopener noreferrer\">bazen<\/a><\/strong>, <strong><a style=\"color: blueviolet;\" href=\"\/hr\/gallery\/masaza\/\" target=\"_blank\" rel=\"noopener noreferrer\">masa\u017ea<\/a><\/strong> pogledajte \u00bb<\/p>\n<\/ul>\n<\/li>\n<li><i class=\"fa fa-star\"><\/i><strong>Klima ure\u0111aj<\/strong><\/li>\n<li><i class=\"fa fa-star\"><\/i>Neograni\u010den <strong>Wi-Fi pristup<\/strong> u cijelom hotelu<\/li>\n<li><i class=\"fa fa-star\"><\/i><strong>Sef u sobi<\/strong><\/li>\n<li><i class=\"fa fa-star\"><\/i><strong>Besplatno parkiranje<\/strong><\/li>\n<\/ul>\n<\/div>\n<div id=\"room-amenities\">\n<h3>DODATNE USLUGE NA ZAHTJEV<\/h3>\n<ul>\n<li><i class=\"fa fa-star\"><\/i><strong><a style=\"color: blueviolet;\" href=\"\/hr\/gallery\/masaza\/\" target=\"_blank\" rel=\"noopener noreferrer\">Masa\u017ene usluge<\/a><\/strong>, za vi\u0161e informacija posjetite na\u0161u <strong><a style=\"color: blueviolet;\" href=\"\/hr\/wellness\/\" target=\"_blank\" rel=\"noopener noreferrer\">podstranicu<\/a><\/strong>. Navedene cijene masa\u017ee su informativne. Molimo provjerite to\u010dnu cijenu kod na\u0161eg osoblja prije kori\u0161tenja usluge.<br \/>\n<ul><li><strong>Masa\u017ea s ljekovitom kremom<\/strong>: od pribli\u017eno 20 \u20ac \/ Person \/ 25 min<\/li><li><strong>Relax<\/strong> Wellness-Masa\u017ea: od pribli\u017eno 20 \u20ac \/ Osoba \/ 25 min<\/li><li><strong>Tibetanska masa\u017ea medom<\/strong> Detoksikacijska masa\u017ea: od pribli\u017eno 20 \u20ac \/ Osoba \/ 25 min<\/li><li><strong>Revitaliziraju\u0107a<\/strong> \u010dokoladna masa\u017ea: od pribli\u017eno 23 \u20ac \/ Osoba  \/ 30 min<\/li><li><strong>Masa\u017ea s lavastenom<\/strong> (Stone energy): od pribli\u017eno 33 \u20ac \/ Osoba  \/ 50 min<\/li><\/ul><\/li>\n<li><i class=\"fa fa-star\"><\/i>Oprema sobe<\/strong><br \/>\n<ul><li><strong>T\u00f6rley pjenu\u0161ac<\/strong> (suho, polusuho, slatko): 13 \u20ac \/ Bo\u010dica<\/li><li><strong>Tiff\u00e1n\u2019s vinski podrum Ros\u00e9 Cuv\u00e9e<\/strong>: 10 \u20ac \/ Bo\u010dica<\/li><li><strong>Tiff\u00e1n\u2019s vinski podrum Portugieser<\/strong>: 10 \u20ac \/ Bo\u010dica<\/li><li><strong>Vylyan Vinarija Montenuovo Cuv\u00e9e 2021<\/strong> : 16 \u20ac \/ Bo\u010dica<\/li><li><strong>Postavljanje cvjetnog buketa u sobu<\/strong>: cijena prema sastavu buketa<\/li><li><strong>Zdjela s vo\u0107em<\/strong> (Sezonsko vo\u0107e za 2 osobe): 12.5 \u20ac \/ Vo\u0107em<\/li><\/ul><\/li>\n<p><li><i class=\"fa fa-star\"><\/i><strong>Pun pansion<\/strong>: 15 \u20ac \/ Osoba \/ Dan<\/li><li><i class=\"fa fa-star\"><\/i><strong>Narud\u017eba torte<\/strong> (\u010cokoladna, Torta od sira s vo\u0107em, Oreo): 35 \u20ac \/ 8 \u0161nita<\/li><li><i class=\"fa fa-star\"><\/i><strong>Zahtjev za posebnu prehranu<\/strong> (na primjer, osjetljivost na gluten, laktozu ili druge sastojke): Individualna ponuda prema<\/li>\n<\/ul>\n<\/div>\n<div id=\"room-amenities\">\n<h3>OBITELJSKI PRIKLADNE USLUGE:<\/h3>\n<ul>\n<li><i class=\"fa fa-star\"><\/i>Djeca od <b>0-3 godine<\/b> borave <b>besplatno<\/b> (minimalno 1 odrasla osoba po sobi)<\/li>\n<li><i class=\"fa fa-star\"><\/i>Besplatni dje\u010dji kreveti\u0107 s dje\u010djom posteljinom <sup>*<\/sup><\/li>\n<li><i class=\"fa fa-star\"><\/i>Podloga za presvla\u010denje, kahlica, nastavak za WC \u0161koljku, stepenica za WC <sup>*<\/sup><\/li>\n<li><i class=\"fa fa-star\"><\/i>Kada za kupanje <sup>*<\/sup><\/li>\n<li><i class=\"fa fa-star\"><\/i>Kuhalo za vodu <sup>*<\/sup><\/li>\n<li><i class=\"fa fa-star\"><\/i>Dje\u010dja hranilica <sup>*<\/sup><\/li>\n<li><i class=\"fa fa-star\"><\/i>Dje\u010dji meni na zahtjev<\/li>\n<li><i class=\"fa fa-star\"><\/i>Mali motor <sup>*<\/sup><\/li>\n<li><i class=\"fa fa-star\"><\/i>Bojanke, karta\u0161ke i dru\u0161tvene igre<\/li>\n<\/ul>\n<p><\/p>\n<p style=\"font-size: smaller\"><sup><strong>*<\/strong><\/sup> Usluga ovisi o dostupnosti u na\u0161em hotelu.<\/p>\n<\/div>\n<div><p>Paket se mo\u017ee rezervirati za bilo koji dan u tjednu, osim na posebne dane ili blagdane. Cijene uklju\u010duju PDV, ali <strong>ne uklju\u010duju<\/strong> boravi\u0161nu pristojbu: 1,75 \u20ac \/ Osoba \/ Dan (za osobe starije od 18 godina).<\/p><\/div><div id=\"packageblock\"><form class=\"group\" action=\"\/hr\/zahtjev_za_ponudom\/\" method=\"post\"><input style=\"display: none;\" name=\"nights\" type=\"text\" value=\"2\" \/><input style=\"display: none;\" name=\"adults\" type=\"text\" value=\"2\" \/><input class=\"packagebtn\" name=\"send_to_form\" type=\"submit\" value=\"Iskoristite na\u0161u posebnu ponudu!\"><\/form>Odgovaramo na upite o ponudi unutar jednog sata izme\u0111u 06:00 i 23:00 sata.<p style=\"font-size: var(--fontMedium); margin-top: 50px;\">Mo\u017eete nas kontaktirati i na broj <span style=\"white-space: nowrap;\"><a style=\"color: blueviolet; font-weight: bold\" href=\"tel:+3672479399\">(+36 72) 479 399<\/a><\/span>. Tako\u0111er nas mo\u017eete nazvati sa svog mobilnog telefona dodirom na broj.<\/p><\/div><h3>Aktivni programi u okolici Hark\u00e1nya:<\/h3>\n<p style=\"text-align: left;\"><strong>Ljekovite i termalne kupke Hark\u00e1ny \u2013 <\/strong>jedinstveni sastav vode s ljekovitim svojstvima<\/p>\n<p>Spoj tradicije i umjetnosti: <strong data-start=\"139\" data-end=\"171\"><a href=\"https:\/\/www.zsolnaynegyed.hu\/\">Zsolnay \u010detvrt u Pe\u010duhu<\/a><\/strong><\/p>\n<p>Povijesna avantura: <strong><a href=\"https:\/\/www.siklosivar.hu\/\">Posjet dvorcu Sikl\u00f3s<\/a> i <a href=\"https:\/\/hu.wikipedia.org\/wiki\/Malkocs_b%C3%A9g_dzs%C3%A1mija\">d\u017eamiji Malkocs-beg<\/a>\u00a0<\/strong><\/p>\n<p>Hodo\u010da\u0161\u0107e do <strong><a href=\"https:\/\/www.mariagyud.hu\/\">crkve M\u00e1riagy\u0171d<\/a>\u00a0<\/strong><\/p>\n<p><strong><a title=\"Skulpturenpark Nagyhars\u00e1nyi\" href=\"https:\/\/www.ddnp.hu\/szoborpark\" target=\"_blank\" rel=\"noopener noreferrer\">Park skulptura u Nagyhars\u00e1nyju<\/a><\/strong><\/p>\n<p><strong><a title=\"Vill\u00e1ny a bor v\u00e1rosa\" href=\"https:\/\/www.villany.hu\/\" target=\"_blank\" rel=\"noopener noreferrer\">Povijesna vinska regija Vill\u00e1ny<\/a><\/strong><\/p>\n<p><strong><a title=\"Drau-Kreuzfahrt\" href=\"https:\/\/setahajo.com\/\" target=\"_blank\" rel=\"noopener noreferrer\">Krstarenje Dravom<\/a><\/strong><\/p>\n<p><strong><a title=\"Nationalpark Donau-Drau\" href=\"https:\/\/www.ddnp.hu\/tanosvenyek-a-drava-menten\" target=\"_blank\" rel=\"noopener noreferrer\">Biciklisti\u010dka tura do Nacionalnog parka Dunav-Drava<\/a><\/strong><\/p>\n<p><a title=\"Besucherzentrum Alte Drau\" href=\"https:\/\/odlk.hu\/\" target=\"_blank\" rel=\"noopener noreferrer\"><strong>Posjetiteljski centar Stara Drava<\/strong><\/a><\/p>\n<p>Posjet Mulberry ladanjskoj ku\u0107i \u2013 Szaporca<\/p>\n<\/p>\n","protected":false},"excerpt":{"rendered":"<p>Na\u0161e cijene &#8211; Cjenik za godinu Predsezona i postsezona ( \/ ) Standardna jednokrevetna soba za 1 osobu \/ 1 Os. \/ No\u0107[&#8230;]<\/p>\n","protected":false},"author":1,"featured_media":0,"parent":0,"menu_order":0,"comment_status":"open","ping_status":"closed","template":"","meta":{"footnotes":""},"class_list":["post-365","page","type-page","status-publish","hentry"],"aioseo_notices":[],"_links":{"self":[{"href":"https:\/\/www.xavinhotelharkany.hu\/hr\/wp-json\/wp\/v2\/pages\/365","targetHints":{"allow":["GET"]}}],"collection":[{"href":"https:\/\/www.xavinhotelharkany.hu\/hr\/wp-json\/wp\/v2\/pages"}],"about":[{"href":"https:\/\/www.xavinhotelharkany.hu\/hr\/wp-json\/wp\/v2\/types\/page"}],"author":[{"embeddable":true,"href":"https:\/\/www.xavinhotelharkany.hu\/hr\/wp-json\/wp\/v2\/users\/1"}],"replies":[{"embeddable":true,"href":"https:\/\/www.xavinhotelharkany.hu\/hr\/wp-json\/wp\/v2\/comments?post=365"}],"version-history":[{"count":24,"href":"https:\/\/www.xavinhotelharkany.hu\/hr\/wp-json\/wp\/v2\/pages\/365\/revisions"}],"predecessor-version":[{"id":6021,"href":"https:\/\/www.xavinhotelharkany.hu\/hr\/wp-json\/wp\/v2\/pages\/365\/revisions\/6021"}],"wp:attachment":[{"href":"https:\/\/www.xavinhotelharkany.hu\/hr\/wp-json\/wp\/v2\/media?parent=365"}],"curies":[{"name":"wp","href":"https:\/\/api.w.org\/{rel}","templated":true}]}}