{"id":3762,"date":"2017-01-25T22:15:56","date_gmt":"2017-01-25T22:15:56","guid":{"rendered":"http:\/\/www.xavinhotelharkany.hu\/de\/?page_id=3762"},"modified":"2025-02-26T12:50:48","modified_gmt":"2025-02-26T12:50:48","slug":"znamenitosti-i-slobodno-vrijeme","status":"publish","type":"page","link":"https:\/\/www.xavinhotelharkany.hu\/hr\/znamenitosti-i-slobodno-vrijeme\/","title":{"rendered":"Znamenitosti i slobodno vrijeme"},"content":{"rendered":"<h2>Znamenitosti i slobodno vrijeme &#8211; Oko Harkanja!<\/h2>\n<h3>Grad P\u00e9cs<\/h3>\n<p>Kultura glavnog grada P\u00e9csa, koji je poznat \u0161irom Europe, nalazi se samo nekoliko koraka od poznatog lje\u010dili\u0161ta Harkanj. Glavni grad Baranje nudi raznovrsne izlo\u017ebe i aktivnosti za slobodno vrijeme. Bez namjere da bude potpuni popis, preporu\u010dujemo sljede\u0107e.<\/p>\n<table class=\"szobak\">\n<tbody>\n<tr>\n<td><a href=\"\/wp-content\/uploads\/2015\/07\/pecs-11.jpg\" data-rel=\"prettyPhoto[3762]\"><img decoding=\"async\" class=\"alignnone wp-image-3555 size-full\" src=\"\/wp-content\/uploads\/2015\/07\/pecs-11.jpg\" alt=\"Grad P\u00e9cs - Katedrala P\u00e9cs\" width=\"750\" height=\"498\" \/><\/a><\/td>\n<td><a href=\"\/wp-content\/uploads\/2015\/07\/pecs-2.jpg\" data-rel=\"prettyPhoto[3762]\"><img decoding=\"async\" class=\"alignnone wp-image-3556 size-full\" src=\"\/wp-content\/uploads\/2015\/07\/pecs-2.jpg\" alt=\"Grad P\u00e9cs - Gazi Kasim Pascha d\u017eamija\" width=\"750\" height=\"498\" \/><\/a><\/td>\n<\/tr>\n<\/tbody>\n<\/table>\n<h4>Kulturna \u010detvrt Zsolnay<\/h4>\n<p>Mediteranski grad P\u00e9cs bio je europska prijestolnica kulture 2010. godine i moglo bi se re\u0107i da to i dalje jest. Me\u0111u brojnim znamenitostima grada isti\u010de se kulturna \u010detvrt Zsolnay, koja je 2014. godine progla\u0161ena ma\u0111arskom kulturnom ba\u0161tinom. U ovoj \u010detvrti \u017eivjela je i radila obitelj Zsolnay, poznata po proizvodnji porculana, u 19. i 20. stolje\u0107u. Njihova svjetski poznata keramika je mjesto gdje Zsolnay ba\u0161tina \u017eivi na prekrasno restauriranom zemlji\u0161tu od 5 hektara. Ukupno 15 za\u0161ti\u0107enih zgrada i 88 javnih Zsolnay kipova ukra\u0161avaju slikovite parkove i \u0161etnice. Svaki kvadratni metar \u010detvrti ispunjen je atrakcijama, a tu su i ugodni kafi\u0107i, trgovine s rukotvorinama i restorani visoke kvalitete.<\/p>\n<p>Osim o\u010duvanja pro\u0161losti, tako\u0111er su va\u017eni sada\u0161njost i suvremena umjetnost: Galerija P\u00e9cs m21 i popularna koncertna dvorana E78 pozivaju na zabavnu glazbu i kazali\u0161ne predstave. U ulici obrtnika posjetitelji mogu birati izme\u0111u raznih posebnih lokalnih proizvoda. Za djecu su tako\u0111er brojne aktivnosti u \u010detvrti, uklju\u010duju\u0107i igrali\u0161ta na otvorenom, laboratorij &#8211; Interaktivni \u010darobni prostor, planetarij, \u010carobni sat (spektakularni fizi\u010dki eksperimenti), lutkarsko kazali\u0161te B\u00f3bita, kerami\u010darska radionica i radionica Herkules. <a href=\"\/wp-content\/uploads\/2015\/07\/Zsolnay-2.jpg\" data-rel=\"prettyPhoto[3762]\"><img decoding=\"async\" class=\"aligncenter wp-image-3563 size-full\" src=\"\/wp-content\/uploads\/2015\/07\/Zsolnay-2.jpg\" alt=\"OLYMPUS DIGITAL CAMERA\" width=\"758\" height=\"250\" \/><\/a><\/p>\n<h4>Izlo\u017eba Zsolnay keramike<\/h4>\n<p>Zbirka Zsolnay keramike mo\u017ee se vidjeti u najstarijoj ku\u0107i u P\u00e9csu, koja se spominje u pisanom obliku jo\u0161 1324. godine. Izlo\u017eba se temelji na materijalu biv\u0161eg muzeja tvornice i prikazuje dekorativna djela kerami\u010dke tvornice u kronolo\u0161kom redoslijedu. Izlo\u017eba je popra\u0107ena prostorijom u sje\u0107anje na obitelj Zsolnay, s dekorativnim predmetima i namje\u0161tajem.<\/p>\n<table class=\"szobak\">\n<tbody>\n<tr>\n<td><a href=\"\/wp-content\/uploads\/2015\/07\/zsolnay-3.jpg\" data-rel=\"prettyPhoto[3762]\"><img decoding=\"async\" class=\"alignnone wp-image-3566 size-full\" src=\"\/wp-content\/uploads\/2015\/07\/zsolnay-3.jpg\" alt=\"Kulturna \u010detvrt Zsolnay - Eozin\" width=\"750\" height=\"480\" \/><\/a><\/td>\n<td><a href=\"\/wp-content\/uploads\/2015\/07\/Zsolnay-Ki\u00e1ll\u00edt\u00e1s.jpg\" data-rel=\"prettyPhoto[3762]\"><img decoding=\"async\" class=\"alignnone wp-image-3231 size-full\" src=\"\/wp-content\/uploads\/2015\/07\/Zsolnay-Ki\u00e1ll\u00edt\u00e1s.jpg\" alt=\"Kulturna \u010detvrt Zsolnay - Izlo\u017eba\" width=\"600\" height=\"480\" \/><\/a><\/td>\n<td><a href=\"\/wp-content\/uploads\/2015\/07\/zsolnay-4.jpg\" data-rel=\"prettyPhoto[3762]\"><img decoding=\"async\" class=\"alignnone wp-image-3567 size-full\" src=\"\/wp-content\/uploads\/2015\/07\/zsolnay-4.jpg\" alt=\"Kulturna \u010detvrt Zsolnay\" width=\"480\" height=\"480\" \/><\/a><\/td>\n<\/tr>\n<\/tbody>\n<\/table>\n<h4>Katedrala u P\u00e9csu<\/h4>\n<p>Porijeklo P\u00e9csove katedrale se\u017ee jo\u0161 u doba Rimskog Carstva. Temelj dana\u0161nje crkve postavljen je u 4. stolje\u0107u, a u 8. i 11. stolje\u0107u pro\u0161iren na zapad. Pod kraljem Stjepanom, prvobitna crkva pretvorena je u baziliku kada je dana\u0161nje sveti\u0161te podignuto iznad nje, vjerojatno s dvama zapadnim tornjevima. U srednjem vijeku crkva je dobila jo\u0161 dva tornja, a izgra\u0111ene su i goti\u010dke kapele. U 19. stolje\u0107u vanjski izgled crkve oblikovali su Mih\u00e1ly Pollack i Friedrich von Schmidt. Unutarnje freske naslikali su Bertalan Sz\u00e9kely i K\u00e1roly Lotz. Orgulje su 100. orgulje tvrtke Angster. Godine 1993. Papa je katedralu uzdigao na rang bazilike minor.<\/p>\n<table class=\"szobak\">\n<tbody>\n<tr>\n<td><a href=\"\/wp-content\/uploads\/2016\/03\/P\u00e9cs_sz\u00e9kesegyh\u00e1z.jpg\" data-rel=\"prettyPhoto[3762]\"><img decoding=\"async\" class=\"aligncenter wp-image-3611 size-large\" src=\"\/wp-content\/uploads\/2016\/03\/P\u00e9cs_sz\u00e9kesegyh\u00e1z-1024x768.jpg\" alt=\"Katedrala P\u00e9cs\" width=\"750\" height=\"562\" \/><\/a><\/td>\n<td><a href=\"\/wp-content\/uploads\/2015\/07\/bazilika-2.jpg\" data-rel=\"prettyPhoto[3762]\"><img decoding=\"async\" class=\"alignnone wp-image-3579\" src=\"\/wp-content\/uploads\/2015\/07\/bazilika-2.jpg\" alt=\"Katedrala P\u00e9cs\" width=\"750\" height=\"563\" \/><\/a><\/td>\n<\/tr>\n<\/tbody>\n<\/table>\n<h4>Rano kr\u0161\u0107anski grobovi u P\u00e9csu<\/h4>\n<p><strong>(Posjetiteljski centar Cella Septichora)<\/strong> Slikani grobovi stari 1600 godina slu\u017eili su uglavnom bogatim obiteljima kao groblje. Neki od njih su oslikani i ukra\u0161eni biblijskim scenama i ranokr\u0161\u0107anskim simbolima, \u0161to doprinosi jedinstvenosti spomenika i njegovoj univerzalnoj kulturnoj vrijednosti. Podzemni dio dvodijelnog objekta je kripta, stvarna grobnica, u kojoj su preminuli pokopani u zidanim grobovima ili, rje\u0111e, u sarkofazima. Iznad nje je podignuta kapela u sje\u0107anje.<\/p>\n<table class=\"szobak\">\n<tbody>\n<tr>\n<td><a href=\"\/wp-content\/uploads\/2015\/07\/sirk-1.jpg\" data-rel=\"prettyPhoto[3762]\"><img decoding=\"async\" class=\"alignnone wp-image-3582\" src=\"\/wp-content\/uploads\/2015\/07\/sirk-1.jpg\" alt=\"Rano kr\u0161\u0107anski grobovi u P\u00e9csu\" width=\"800\" height=\"600\" \/><\/a><\/td>\n<td><a href=\"\/wp-content\/uploads\/2015\/07\/sirk-2.jpg\" data-rel=\"prettyPhoto[3762]\"><img decoding=\"async\" class=\"alignnone wp-image-3581 size-full\" src=\"\/wp-content\/uploads\/2015\/07\/sirk-2.jpg\" alt=\"Rano kr\u0161\u0107anski grobovi u P\u00e9csu\" width=\"800\" height=\"600\" \/><\/a><\/td>\n<\/tr>\n<\/tbody>\n<\/table>\n<h4>Muzej Vasarely<\/h4>\n<p>Victor Vasarely ro\u0111en je 1908. godine u P\u00e9csu, a \u017eivio je u Francuskoj od 1930. godine pa do svoje smrti 1997. godine. Godine 1968. poklonio je muzeju u P\u00e9csu svoju zbirku serigrafija. Izlo\u017eba prati razvoj op-umjetnosti od dekorativnih tekstila preko svjetski poznatih Zebra verzija iz 1938. godine do postupne apstrakcije organskog ili konstruktivnog vizualnog iskustva<\/p>\n","protected":false},"excerpt":{"rendered":"<p>Znamenitosti i slobodno vrijeme &#8211; Oko Harkanja! Grad P\u00e9cs Kultura glavnog grada P\u00e9csa, koji je poznat \u0161irom Europe, nalazi se samo nekoliko koraka[&#8230;]<\/p>\n","protected":false},"author":1,"featured_media":3351,"parent":0,"menu_order":0,"comment_status":"closed","ping_status":"open","template":"","meta":{"footnotes":""},"class_list":["post-3762","page","type-page","status-publish","has-post-thumbnail","hentry"],"aioseo_notices":[],"_links":{"self":[{"href":"https:\/\/www.xavinhotelharkany.hu\/hr\/wp-json\/wp\/v2\/pages\/3762","targetHints":{"allow":["GET"]}}],"collection":[{"href":"https:\/\/www.xavinhotelharkany.hu\/hr\/wp-json\/wp\/v2\/pages"}],"about":[{"href":"https:\/\/www.xavinhotelharkany.hu\/hr\/wp-json\/wp\/v2\/types\/page"}],"author":[{"embeddable":true,"href":"https:\/\/www.xavinhotelharkany.hu\/hr\/wp-json\/wp\/v2\/users\/1"}],"replies":[{"embeddable":true,"href":"https:\/\/www.xavinhotelharkany.hu\/hr\/wp-json\/wp\/v2\/comments?post=3762"}],"version-history":[{"count":7,"href":"https:\/\/www.xavinhotelharkany.hu\/hr\/wp-json\/wp\/v2\/pages\/3762\/revisions"}],"predecessor-version":[{"id":5970,"href":"https:\/\/www.xavinhotelharkany.hu\/hr\/wp-json\/wp\/v2\/pages\/3762\/revisions\/5970"}],"wp:featuredmedia":[{"embeddable":true,"href":"https:\/\/www.xavinhotelharkany.hu\/hr\/wp-json\/wp\/v2\/media\/3351"}],"wp:attachment":[{"href":"https:\/\/www.xavinhotelharkany.hu\/hr\/wp-json\/wp\/v2\/media?parent=3762"}],"curies":[{"name":"wp","href":"https:\/\/api.w.org\/{rel}","templated":true}]}}