{"id":3810,"date":"2018-03-09T08:29:15","date_gmt":"2018-03-09T08:29:15","guid":{"rendered":"http:\/\/www.xavinhotelharkany.hu\/de\/?page_id=3810"},"modified":"2025-02-26T12:16:10","modified_gmt":"2025-02-26T12:16:10","slug":"nase-sobe","status":"publish","type":"page","link":"https:\/\/www.xavinhotelharkany.hu\/hr\/nase-sobe\/","title":{"rendered":"Na\u0161e sobe"},"content":{"rendered":"<p data-start=\"62\" data-end=\"273\">Od 34 sobe u na\u0161em hotelu, 22 su potpuno renovirane 2012. godine, a 12 u 2014. godini. Nudimo obiteljsku suite, kao i nekoliko dvokrevetnih, s dva kreveta i soba s pomo\u0107nim krevetima, sve s balkonom ili terasom.<\/p>\n<p data-start=\"275\" data-end=\"463\">Na\u0161e sobe su udobno i pristupa\u010dno ure\u0111ene, s dizalom i pristupa\u010dnim putem kako bi udovoljile dana\u0161njim zahtjevima. WIFI pristup internetu dostupan je u hotelu i besplatan je za na\u0161e goste.<\/p>\n<p data-start=\"465\" data-end=\"598\">Pristup sobama omogu\u0107uje se putem kartica za dodir, a protuklizne povr\u0161ine i prostrani ormari\u0107i pru\u017eaju na\u0161im gostima najve\u0107i komfor.<\/p>\n","protected":false},"excerpt":{"rendered":"<p>Od 34 sobe u na\u0161em hotelu, 22 su potpuno renovirane 2012. godine, a 12 u 2014. godini. Nudimo obiteljsku suite, kao i nekoliko[&#8230;]<\/p>\n","protected":false},"author":1,"featured_media":0,"parent":0,"menu_order":0,"comment_status":"closed","ping_status":"closed","template":"template-listaaras-szobak.php","meta":{"footnotes":""},"class_list":["post-3810","page","type-page","status-publish","hentry"],"aioseo_notices":[],"_links":{"self":[{"href":"https:\/\/www.xavinhotelharkany.hu\/hr\/wp-json\/wp\/v2\/pages\/3810","targetHints":{"allow":["GET"]}}],"collection":[{"href":"https:\/\/www.xavinhotelharkany.hu\/hr\/wp-json\/wp\/v2\/pages"}],"about":[{"href":"https:\/\/www.xavinhotelharkany.hu\/hr\/wp-json\/wp\/v2\/types\/page"}],"author":[{"embeddable":true,"href":"https:\/\/www.xavinhotelharkany.hu\/hr\/wp-json\/wp\/v2\/users\/1"}],"replies":[{"embeddable":true,"href":"https:\/\/www.xavinhotelharkany.hu\/hr\/wp-json\/wp\/v2\/comments?post=3810"}],"version-history":[{"count":8,"href":"https:\/\/www.xavinhotelharkany.hu\/hr\/wp-json\/wp\/v2\/pages\/3810\/revisions"}],"predecessor-version":[{"id":5978,"href":"https:\/\/www.xavinhotelharkany.hu\/hr\/wp-json\/wp\/v2\/pages\/3810\/revisions\/5978"}],"wp:attachment":[{"href":"https:\/\/www.xavinhotelharkany.hu\/hr\/wp-json\/wp\/v2\/media?parent=3810"}],"curies":[{"name":"wp","href":"https:\/\/api.w.org\/{rel}","templated":true}]}}