{"id":6561,"date":"2025-03-18T18:03:54","date_gmt":"2025-03-18T18:03:54","guid":{"rendered":"https:\/\/www.xavinhotelharkany.hu\/hr\/?page_id=6561"},"modified":"2025-03-18T18:03:54","modified_gmt":"2025-03-18T18:03:54","slug":"ljekovita-voda-harkany-zanimljive-cinjenice","status":"publish","type":"page","link":"https:\/\/www.xavinhotelharkany.hu\/hr\/ljekovita-voda-harkany-zanimljive-cinjenice\/","title":{"rendered":"Ljekovita voda Hark\u00e1ny \u2013 zanimljive \u010dinjenice"},"content":{"rendered":"<p>Tko nije \u010duo za blagotvorne u\u010dinke ljekovite vode u Harkanju&#8230; ali znamo li \u0161to uzrokuje njezinu u\u010dinkovitost i za\u0161to je ovo kupali\u0161te u ju\u017enoj Baranji postalo poznato \u0161irom Europe?<\/p>\n<p>Pogledajmo \u010dinjenice:<\/p>\n<ul>\n<li>Ljekovita voda izbija na povr\u0161inu s dubine od <strong>50-70 metara<\/strong> i prosje\u010dnom temperaturom od <strong>62 \u00b0C<\/strong>.<\/li>\n<li><strong>Sadr\u017eaj minerala<\/strong> u vodi prelazi <strong>1000 mg po litri<\/strong>. S medicinskog aspekta, njezin glavni mineralni sastojak je <strong>karbonil-sulfid<\/strong> (COS), koji je ma\u0111arski kemi\u010dar Than K\u00e1roly otkrio upravo u termalnoj vodi Harkanja 1867. godine. Ova tvar se nalazi u otopljenom obliku u vodi i odgovorna je za njezin karakteristi\u010dan miris.<\/li>\n<li>Voda sadr\u017ei sitne \u010destice sumpora koje se mogu vidjeti u bazenu pri bo\u010dnom osvjetljenju. U <strong>1 litri ljekovite vode nalazi se oko 12 mg<\/strong> karbonil-sulfida, koji u\u010dinkovito ulazi u tijelo putem ko\u017ee i inhalacijom. Njegova apsorpcija je <strong>150 puta u\u010dinkovitija<\/strong> u usporedbi s drugim sumpornim spojevima (npr. sulfatima).<\/li>\n<li>Zbog visoke apsorpcije, ljekovita voda Harkanja izuzetno je u\u010dinkovita u <strong>obnovi o\u0161te\u0107ene hrskavice zglobova<\/strong>. Korisne informacije mogu se prona\u0107i na blogu <a href=\"https:\/\/harkanykorhaz.hu\/hidroterapia\/\" target=\"_blank\" rel=\"noopener\">Hark\u00e1nyi Termalnog Rehabilitacijskog Centra<\/a> o hidroterapijskim tretmanima, a u kratkim crtama izdvajamo klju\u010dne \u010dinjenice:\n<ul>\n<li>Izotopska istra\u017eivanja potvrdila su da sumpor koji prodire kroz ko\u017eu pove\u0107ava sadr\u017eaj sumpora u zglobnoj hrskavici, \u0161to ga \u010dini korisnim kod degenerativnih bolesti zglobova.<\/li>\n<li>Sulfidni sumpor razgra\u0111uje keratin-disulfidne molekule, \u010dime poma\u017ee u lije\u010denju odre\u0111enih ko\u017enih bolesti poput psorijaze, seboreje i ekcema.<\/li>\n<li>Ima protuupalno djelovanje.<\/li>\n<\/ul>\n<\/li>\n<li>Osim toga, dokazano <strong>pobolj\u0161ava \u0161anse \u017eena koje se bore s neplodno\u0161\u0107u<\/strong> ili upalnim bolestima, o \u010demu se detaljne informacije mogu prona\u0107i na web stranici <a href=\"https:\/\/harkanykorhaz.hu\/nogyogyaszati-gyogykezeles\/\" target=\"_blank\" rel=\"noopener\">Hark\u00e1nyi Termalnog Rehabilitacijskog Centra<\/a>.\n<ul>\n<li>Razli\u010diti uzroci neplodnosti (za\u010depljenje jajovoda, upala cerviksa, insuficijencija jajnika, PCOS itd.).<\/li>\n<li>Kroni\u010dne upale \u017eenskih reproduktivnih organa i zdjeli\u010dne priraslice.<\/li>\n<li>Problemi uzrokovani endometriozom.<\/li>\n<li>Patolo\u0161ka stanja nakon ginekolo\u0161kih operacija.<\/li>\n<li>Problemi povezani s menopauzom.<\/li>\n<li>Poreme\u0107aji kontrole mokra\u0107e (inkontinencija).<\/li>\n<li>Prolaps i disfunkcija reproduktivnih organa (spu\u0161tanje vaginalnih stijenki, hernije).<\/li>\n<li>Druge kroni\u010dne bolesti s bolovima u donjem dijelu trbuha.<\/li>\n<\/ul>\n<\/li>\n<\/ul>\n<p><iframe title=\"Medd\u0151s\u00e9g kezel\u00e9se k\u00e9nes v\u00edzzel - Hark\u00e1nyi Gy\u00f3gyf\u00fcrd\u0151k\u00f3rh\u00e1z\" width=\"750\" height=\"422\" src=\"https:\/\/www.youtube.com\/embed\/Jj3wvhORpgk?feature=oembed\" frameborder=\"0\" allow=\"accelerometer; autoplay; clipboard-write; encrypted-media; gyroscope; picture-in-picture; web-share\" referrerpolicy=\"strict-origin-when-cross-origin\" allowfullscreen><\/iframe><\/p>\n<p>Ako posjetite grad Harkanj, ne zaboravite da vas, osim ljekovitih kupki, o\u010dekuju i brojne ljepote predivnog baranjskog krajolika, \u0161to dodatno doprinosi obnovi tijela i duha kroz razne mogu\u0107nosti planinarenja, aktivnog sporta i opu\u0161tanja.<\/p>\n","protected":false},"excerpt":{"rendered":"<p>Tko nije \u010duo za blagotvorne u\u010dinke ljekovite vode u Harkanju&#8230; ali znamo li \u0161to uzrokuje njezinu u\u010dinkovitost i za\u0161to je ovo kupali\u0161te u[&#8230;]<\/p>\n","protected":false},"author":1,"featured_media":0,"parent":0,"menu_order":0,"comment_status":"closed","ping_status":"closed","template":"","meta":{"footnotes":""},"class_list":["post-6561","page","type-page","status-publish","hentry"],"aioseo_notices":[],"_links":{"self":[{"href":"https:\/\/www.xavinhotelharkany.hu\/hr\/wp-json\/wp\/v2\/pages\/6561","targetHints":{"allow":["GET"]}}],"collection":[{"href":"https:\/\/www.xavinhotelharkany.hu\/hr\/wp-json\/wp\/v2\/pages"}],"about":[{"href":"https:\/\/www.xavinhotelharkany.hu\/hr\/wp-json\/wp\/v2\/types\/page"}],"author":[{"embeddable":true,"href":"https:\/\/www.xavinhotelharkany.hu\/hr\/wp-json\/wp\/v2\/users\/1"}],"replies":[{"embeddable":true,"href":"https:\/\/www.xavinhotelharkany.hu\/hr\/wp-json\/wp\/v2\/comments?post=6561"}],"version-history":[{"count":1,"href":"https:\/\/www.xavinhotelharkany.hu\/hr\/wp-json\/wp\/v2\/pages\/6561\/revisions"}],"predecessor-version":[{"id":6562,"href":"https:\/\/www.xavinhotelharkany.hu\/hr\/wp-json\/wp\/v2\/pages\/6561\/revisions\/6562"}],"wp:attachment":[{"href":"https:\/\/www.xavinhotelharkany.hu\/hr\/wp-json\/wp\/v2\/media?parent=6561"}],"curies":[{"name":"wp","href":"https:\/\/api.w.org\/{rel}","templated":true}]}}